{"id":1833,"date":"2016-02-20T06:44:06","date_gmt":"2016-02-20T06:44:06","guid":{"rendered":"http:\/\/demo.themelogi.com\/wanium\/?page_id=1833"},"modified":"2016-02-20T06:44:06","modified_gmt":"2016-02-20T06:44:06","slug":"grid-2-columns","status":"publish","type":"page","link":"https:\/\/www.liftart.org\/en\/blog\/grid-2-columns\/","title":{"rendered":"Grid 2 Columns"},"content":{"rendered":"<section class=\"wpb-content-wrapper\"><p>[vc_row][vc_column]<div id=\"blog-69f46c1ed0a82\" class=\"\"><div class=\"row mb40 grid-blog\"><div class=\"col-sm-6 col-xs-12 mb32 mb-xs-24\">\r\n    <div class=\"boxed-intro overflow-hidden bg-white heavy-shadow zoom-hover\">\r\n            <div class=\"intro-content\">\r\n            <div class=\"widgetsubtitle mb16\"><span class=\"inline-block inline-cat\"><a href=\"https:\/\/www.liftart.org\/en\/category\/uncategorized-tr\/\" rel=\"category tag\">Uncategorized<\/a><\/span><\/div>\r\n            <a href=\"https:\/\/www.liftart.org\/en\/ozurluler-kanunu-5378-sayili\/\">\r\n                <h5 class=\"widgettitle dark-color mb16\">Disabled Law in Turkey<\/h5>            <\/a>\r\n            <p>This is the law about disabled people for just Turkey. Disability Law No. 5378 Disability Law&#8230;<\/p>\n            <div class=\"entry-meta mb8 mt-xs-32 border-top overflow-hidden\">\r\n                                    <span class=\"inline-block widgetsubtitle\">by <a href=\"https:\/\/www.liftart.org\/en\/author\/helios\/\" title=\"Posts by helios\" rel=\"author\">helios<\/a><\/span>\r\n                                                        <div class=\"tlg-likes-button static-icon inline-block tlg-likes-normal\">\n        \t<a href=\"#\" class=\"tlg-likes\" id=\"tlg-likes-7617\" title=\"Love this\">\n        \t\t<i class=\"ti-heart\"><\/i><span class=\"like-share-name\">0<span> like<\/span><\/span>        \t<\/a>\n        <\/div>\n                    <\/div>\r\n        <\/div>\r\n        <\/div><\/div><div class=\"col-sm-6 col-xs-12 mb32 mb-xs-24\">\r\n    <div class=\"boxed-intro overflow-hidden bg-white heavy-shadow zoom-hover\">\r\n            <div class=\"intro-content\">\r\n            <div class=\"widgetsubtitle mb16\"><span class=\"inline-block inline-cat\"><a href=\"https:\/\/www.liftart.org\/en\/category\/uncategorized-tr\/\" rel=\"category tag\">Uncategorized<\/a><\/span><\/div>\r\n            <a href=\"https:\/\/www.liftart.org\/en\/engelli-urunleri\/\">\r\n                <h5 class=\"widgettitle dark-color mb16\">Disabled Products<\/h5>            <\/a>\r\n            <p>Disabled Products Find Our Disabled Products and Other Affiliates Here Click Titles Click here for Online&#8230;<\/p>\n            <div class=\"entry-meta mb8 mt-xs-32 border-top overflow-hidden\">\r\n                                    <span class=\"inline-block widgetsubtitle\">by <a href=\"https:\/\/www.liftart.org\/en\/author\/helios\/\" title=\"Posts by helios\" rel=\"author\">helios<\/a><\/span>\r\n                                                        <div class=\"tlg-likes-button static-icon inline-block tlg-likes-normal\">\n        \t<a href=\"#\" class=\"tlg-likes\" id=\"tlg-likes-7614\" title=\"Love this\">\n        \t\t<i class=\"ti-heart\"><\/i><span class=\"like-share-name\">0<span> like<\/span><\/span>        \t<\/a>\n        <\/div>\n                    <\/div>\r\n        <\/div>\r\n        <\/div><\/div><\/div><div class=\"row mb40 grid-blog\"><div class=\"col-sm-6 col-xs-12 mb32 mb-xs-24\">\r\n    <div class=\"boxed-intro overflow-hidden bg-white heavy-shadow zoom-hover\">\r\n            <div class=\"intro-content\">\r\n            <div class=\"widgetsubtitle mb16\"><span class=\"inline-block inline-cat\"><a href=\"https:\/\/www.liftart.org\/en\/category\/engelli-asansoru-haberleri-blogu\/\" rel=\"category tag\">Engelli Asans\u00f6r\u00fc Haberleri &amp; Blogu<\/a><\/span><\/div>\r\n            <a href=\"https:\/\/www.liftart.org\/en\/merdiven-asansoru-nasil-secilir\/\">\r\n                <h5 class=\"widgettitle dark-color mb16\">How to choose the stair lift<\/h5>            <\/a>\r\n            <p>How to choose the stair lift Hello there, In this article we will try to tell&#8230;<\/p>\n            <div class=\"entry-meta mb8 mt-xs-32 border-top overflow-hidden\">\r\n                                    <span class=\"inline-block widgetsubtitle\">by <a href=\"https:\/\/www.liftart.org\/en\/author\/helios\/\" title=\"Posts by helios\" rel=\"author\">helios<\/a><\/span>\r\n                                                        <div class=\"tlg-likes-button static-icon inline-block tlg-likes-normal\">\n        \t<a href=\"#\" class=\"tlg-likes\" id=\"tlg-likes-7610\" title=\"Love this\">\n        \t\t<i class=\"ti-heart\"><\/i><span class=\"like-share-name\">0<span> like<\/span><\/span>        \t<\/a>\n        <\/div>\n                    <\/div>\r\n        <\/div>\r\n        <\/div><\/div><div class=\"col-sm-6 col-xs-12 mb32 mb-xs-24\">\r\n    <div class=\"boxed-intro overflow-hidden bg-white heavy-shadow zoom-hover\">\r\n                <div class=\"intro-image overflow-hidden relative\">\r\n                <a href=\"https:\/\/www.liftart.org\/en\/engelli-araci-gaz-sistemi-k5\/\">\r\n                                            <img decoding=\"async\" fetchpriority=\"high\" width=\"600\" height=\"370\" src=\"https:\/\/www.liftart.org\/wp-content\/uploads\/2023\/03\/engelli-araci-gaz-sistemi-k5-VOLKSWAGEN-PASSAT-2-600x370.jpg\" class=\"attachment-wanium_grid size-wanium_grid wp-post-image\" alt=\"engelli-araci-gaz-sistemi-k5-VOLKSWAGEN-PASSAT-2\" \/>                                                        <\/a>\r\n            <\/div>\r\n                <div class=\"intro-content\">\r\n            <div class=\"widgetsubtitle mb16\"><span class=\"inline-block inline-cat\"><a href=\"https:\/\/www.liftart.org\/en\/category\/arac-kumanda-sistemleri\/\" rel=\"category tag\">ARA\u00c7 KUMANDA S\u0130STEMLER\u0130<\/a><\/span><\/div>\r\n            <a href=\"https:\/\/www.liftart.org\/en\/engelli-araci-gaz-sistemi-k5\/\">\r\n                <h5 class=\"widgettitle dark-color mb16\">Engelli Arac\u0131 Gaz Sistemi, K5 Gaz \u00c7emberi<\/h5>            <\/a>\r\n            <p>Disabled Vehicle Gas Ring, K5 &nbsp; K5 easy-fit makes the accelerator control manual by transferring it&#8230;<\/p>\n            <div class=\"entry-meta mb8 mt-xs-32 border-top overflow-hidden\">\r\n                                    <span class=\"inline-block widgetsubtitle\">by <a href=\"https:\/\/www.liftart.org\/en\/author\/helios\/\" title=\"Posts by helios\" rel=\"author\">helios<\/a><\/span>\r\n                                                        <div class=\"tlg-likes-button static-icon inline-block tlg-likes-normal\">\n        \t<a href=\"#\" class=\"tlg-likes\" id=\"tlg-likes-7508\" title=\"Love this\">\n        \t\t<i class=\"ti-heart\"><\/i><span class=\"like-share-name\">0<span> like<\/span><\/span>        \t<\/a>\n        <\/div>\n                    <\/div>\r\n        <\/div>\r\n        <\/div><\/div><\/div><\/div><div class='text-center mt40'><ul class='pagination'><li class='active'><a href='https:\/\/www.liftart.org\/en\/wp-json\/wp\/v2\/pages\/1833\/'>1<\/a><\/li> <li><a href='https:\/\/www.liftart.org\/en\/wp-json\/wp\/v2\/pages\/1833\/page\/2\/'>2<\/a><\/li> <li><a href='https:\/\/www.liftart.org\/en\/wp-json\/wp\/v2\/pages\/1833\/page\/3\/'>3<\/a><\/li> <li><a href='https:\/\/www.liftart.org\/en\/wp-json\/wp\/v2\/pages\/1833\/page\/78\/' aria-label='Next'><span aria-hidden='true'>&raquo;<\/span><\/a><\/li> <\/ul><\/div>[\/vc_column][\/vc_row]<\/p>\n<\/section>","protected":false},"excerpt":{"rendered":"<p>[vc_row][vc_column][\/vc_column][\/vc_row]<\/p>\n","protected":false},"author":1,"featured_media":0,"parent":1808,"menu_order":0,"comment_status":"closed","ping_status":"closed","template":"","meta":{"footnotes":""},"class_list":["post-1833","page","type-page","status-publish","hentry"],"yoast_head":"<!-- This site is optimized with the Yoast SEO plugin v20.4 - https:\/\/yoast.com\/wordpress\/plugins\/seo\/ -->\n<title>Grid 2 Columns - LiftArt Merdiven Asans\u00f6r\u00fc<\/title>\n<meta name=\"robots\" content=\"index, follow, max-snippet:-1, max-image-preview:large, max-video-preview:-1\" \/>\n<link rel=\"canonical\" href=\"https:\/\/www.liftart.org\/en\/blog\/grid-2-columns\/\" \/>\n<meta property=\"og:locale\" content=\"en_US\" \/>\n<meta property=\"og:type\" content=\"article\" \/>\n<meta property=\"og:title\" content=\"Grid 2 Columns - LiftArt Merdiven Asans\u00f6r\u00fc\" \/>\n<meta property=\"og:description\" content=\"[vc_row][vc_column][\/vc_column][\/vc_row]\" \/>\n<meta property=\"og:url\" content=\"https:\/\/www.liftart.org\/en\/blog\/grid-2-columns\/\" \/>\n<meta property=\"og:site_name\" content=\"LiftArt Merdiven Asans\u00f6r\u00fc\" \/>\n<meta property=\"article:publisher\" content=\"https:\/\/www.facebook.com\/liftartasansor\" \/>\n<meta name=\"twitter:card\" content=\"summary_large_image\" \/>\n<meta name=\"twitter:site\" content=\"@liftartasansor\" \/>\n<script type=\"application\/ld+json\" class=\"yoast-schema-graph\">{\"@context\":\"https:\/\/schema.org\",\"@graph\":[{\"@type\":\"WebPage\",\"@id\":\"https:\/\/www.liftart.org\/en\/blog\/grid-2-columns\/\",\"url\":\"https:\/\/www.liftart.org\/en\/blog\/grid-2-columns\/\",\"name\":\"Grid 2 Columns - LiftArt Merdiven Asans\u00f6r\u00fc\",\"isPartOf\":{\"@id\":\"https:\/\/www.liftart.org\/en\/#website\"},\"datePublished\":\"2016-02-20T06:44:06+00:00\",\"dateModified\":\"2016-02-20T06:44:06+00:00\",\"breadcrumb\":{\"@id\":\"https:\/\/www.liftart.org\/en\/blog\/grid-2-columns\/#breadcrumb\"},\"inLanguage\":\"en-US\",\"potentialAction\":[{\"@type\":\"ReadAction\",\"target\":[[\"https:\/\/www.liftart.org\/en\/blog\/grid-2-columns\/\"]]}]},{\"@type\":\"BreadcrumbList\",\"@id\":\"https:\/\/www.liftart.org\/en\/blog\/grid-2-columns\/#breadcrumb\",\"itemListElement\":[{\"@type\":\"ListItem\",\"position\":1,\"name\":\"Anasayfa\",\"item\":\"https:\/\/www.liftart.org\/en\/\"},{\"@type\":\"ListItem\",\"position\":2,\"name\":\"Blog\",\"item\":\"https:\/\/www.liftart.org\/en\/blog\/\"},{\"@type\":\"ListItem\",\"position\":3,\"name\":\"Grid 2 Columns\"}]},{\"@type\":\"WebSite\",\"@id\":\"https:\/\/www.liftart.org\/en\/#website\",\"url\":\"https:\/\/www.liftart.org\/en\/\",\"name\":\"LiftArt Merdiven Asans\u00f6r\u00fc\",\"description\":\"Engelli Asans\u00f6r\u00fc, Ev Asans\u00f6r\u00fc\",\"publisher\":{\"@id\":\"https:\/\/www.liftart.org\/en\/#organization\"},\"potentialAction\":[{\"@type\":\"SearchAction\",\"target\":{\"@type\":\"EntryPoint\",\"urlTemplate\":\"https:\/\/www.liftart.org\/en\/?s={search_term_string}\"},\"query-input\":\"required name=search_term_string\"}],\"inLanguage\":\"en-US\"},{\"@type\":\"Organization\",\"@id\":\"https:\/\/www.liftart.org\/en\/#organization\",\"name\":\"LiftArt Merdiven Asans\u00f6r\u00fc\",\"url\":\"https:\/\/www.liftart.org\/en\/\",\"logo\":{\"@type\":\"ImageObject\",\"inLanguage\":\"en-US\",\"@id\":\"https:\/\/www.liftart.org\/en\/#\/schema\/logo\/image\/\",\"url\":\"http:\/\/www.liftart.org\/wp-content\/uploads\/2023\/03\/cropped-cropped-LiftArt-2020-Logo-300x100-1-1-1.png\",\"contentUrl\":\"http:\/\/www.liftart.org\/wp-content\/uploads\/2023\/03\/cropped-cropped-LiftArt-2020-Logo-300x100-1-1-1.png\",\"width\":300,\"height\":100,\"caption\":\"LiftArt Merdiven Asans\u00f6r\u00fc\"},\"image\":{\"@id\":\"https:\/\/www.liftart.org\/en\/#\/schema\/logo\/image\/\"},\"sameAs\":[\"https:\/\/www.facebook.com\/liftartasansor\",\"https:\/\/twitter.com\/liftartasansor\",\"https:\/\/www.instagram.com\/liftartasansor\/\",\"https:\/\/www.youtube.com\/channel\/UCKV9dKwP-Lz7LNNdvZDIoLg\"]}]}<\/script>\n<!-- \/ Yoast SEO plugin. -->","yoast_head_json":{"title":"Grid 2 Columns - LiftArt Merdiven Asans\u00f6r\u00fc","robots":{"index":"index","follow":"follow","max-snippet":"max-snippet:-1","max-image-preview":"max-image-preview:large","max-video-preview":"max-video-preview:-1"},"canonical":"https:\/\/www.liftart.org\/en\/blog\/grid-2-columns\/","og_locale":"en_US","og_type":"article","og_title":"Grid 2 Columns - LiftArt Merdiven Asans\u00f6r\u00fc","og_description":"[vc_row][vc_column][\/vc_column][\/vc_row]","og_url":"https:\/\/www.liftart.org\/en\/blog\/grid-2-columns\/","og_site_name":"LiftArt Merdiven Asans\u00f6r\u00fc","article_publisher":"https:\/\/www.facebook.com\/liftartasansor","twitter_card":"summary_large_image","twitter_site":"@liftartasansor","schema":{"@context":"https:\/\/schema.org","@graph":[{"@type":"WebPage","@id":"https:\/\/www.liftart.org\/en\/blog\/grid-2-columns\/","url":"https:\/\/www.liftart.org\/en\/blog\/grid-2-columns\/","name":"Grid 2 Columns - LiftArt Merdiven Asans\u00f6r\u00fc","isPartOf":{"@id":"https:\/\/www.liftart.org\/en\/#website"},"datePublished":"2016-02-20T06:44:06+00:00","dateModified":"2016-02-20T06:44:06+00:00","breadcrumb":{"@id":"https:\/\/www.liftart.org\/en\/blog\/grid-2-columns\/#breadcrumb"},"inLanguage":"en-US","potentialAction":[{"@type":"ReadAction","target":[["https:\/\/www.liftart.org\/en\/blog\/grid-2-columns\/"]]}]},{"@type":"BreadcrumbList","@id":"https:\/\/www.liftart.org\/en\/blog\/grid-2-columns\/#breadcrumb","itemListElement":[{"@type":"ListItem","position":1,"name":"Anasayfa","item":"https:\/\/www.liftart.org\/en\/"},{"@type":"ListItem","position":2,"name":"Blog","item":"https:\/\/www.liftart.org\/en\/blog\/"},{"@type":"ListItem","position":3,"name":"Grid 2 Columns"}]},{"@type":"WebSite","@id":"https:\/\/www.liftart.org\/en\/#website","url":"https:\/\/www.liftart.org\/en\/","name":"LiftArt Merdiven Asans\u00f6r\u00fc","description":"Engelli Asans\u00f6r\u00fc, Ev Asans\u00f6r\u00fc","publisher":{"@id":"https:\/\/www.liftart.org\/en\/#organization"},"potentialAction":[{"@type":"SearchAction","target":{"@type":"EntryPoint","urlTemplate":"https:\/\/www.liftart.org\/en\/?s={search_term_string}"},"query-input":"required name=search_term_string"}],"inLanguage":"en-US"},{"@type":"Organization","@id":"https:\/\/www.liftart.org\/en\/#organization","name":"LiftArt Merdiven Asans\u00f6r\u00fc","url":"https:\/\/www.liftart.org\/en\/","logo":{"@type":"ImageObject","inLanguage":"en-US","@id":"https:\/\/www.liftart.org\/en\/#\/schema\/logo\/image\/","url":"http:\/\/www.liftart.org\/wp-content\/uploads\/2023\/03\/cropped-cropped-LiftArt-2020-Logo-300x100-1-1-1.png","contentUrl":"http:\/\/www.liftart.org\/wp-content\/uploads\/2023\/03\/cropped-cropped-LiftArt-2020-Logo-300x100-1-1-1.png","width":300,"height":100,"caption":"LiftArt Merdiven Asans\u00f6r\u00fc"},"image":{"@id":"https:\/\/www.liftart.org\/en\/#\/schema\/logo\/image\/"},"sameAs":["https:\/\/www.facebook.com\/liftartasansor","https:\/\/twitter.com\/liftartasansor","https:\/\/www.instagram.com\/liftartasansor\/","https:\/\/www.youtube.com\/channel\/UCKV9dKwP-Lz7LNNdvZDIoLg"]}]}},"_links":{"self":[{"href":"https:\/\/www.liftart.org\/en\/wp-json\/wp\/v2\/pages\/1833","targetHints":{"allow":["GET"]}}],"collection":[{"href":"https:\/\/www.liftart.org\/en\/wp-json\/wp\/v2\/pages"}],"about":[{"href":"https:\/\/www.liftart.org\/en\/wp-json\/wp\/v2\/types\/page"}],"author":[{"embeddable":true,"href":"https:\/\/www.liftart.org\/en\/wp-json\/wp\/v2\/users\/1"}],"replies":[{"embeddable":true,"href":"https:\/\/www.liftart.org\/en\/wp-json\/wp\/v2\/comments?post=1833"}],"version-history":[{"count":0,"href":"https:\/\/www.liftart.org\/en\/wp-json\/wp\/v2\/pages\/1833\/revisions"}],"up":[{"embeddable":true,"href":"https:\/\/www.liftart.org\/en\/wp-json\/wp\/v2\/pages\/1808"}],"wp:attachment":[{"href":"https:\/\/www.liftart.org\/en\/wp-json\/wp\/v2\/media?parent=1833"}],"curies":[{"name":"wp","href":"https:\/\/api.w.org\/{rel}","templated":true}]}}