{"id":1935,"date":"2016-02-22T04:59:58","date_gmt":"2016-02-22T04:59:58","guid":{"rendered":"http:\/\/demo.themelogi.com\/wanium\/?page_id=1935"},"modified":"2016-02-22T04:59:58","modified_gmt":"2016-02-22T04:59:58","slug":"privacy-policy","status":"publish","type":"page","link":"https:\/\/www.liftart.org\/en\/shop\/privacy-policy\/","title":{"rendered":"Privacy Policy"},"content":{"rendered":"<h4>Transparency and Choice<\/h4>\n<p>This privacy policy discloses the privacy practices for our shop. It will notify you of the following:<\/p>\n<ul>\n<li>What personally identifiable information is collected from you through the web site, how it is used and with whom it may be shared.<\/li>\n<li>What choices are available to you regarding the use of your data.<\/li>\n<li>How you can correct any inaccuracies in the information.<\/li>\n<\/ul>\n<h4>Information Collection, Use, and Sharing<\/h4>\n<p>We respect your privacy and do not spam and will never sell, rent, lease or give away your information to any third party. We only have access to\/collect information that you voluntarily give us via email or other direct contact from you.<br \/>\nWe will use your information to respond to you, regarding the reason you contacted us. We will not share your information with any third party outside of our organization, other than as necessary to fulfill your request.<\/p>\n<h4>Personal Information<\/h4>\n<p>You may opt out of any future contacts from us at any time. You can do the following at any time by changing the profile information in our site:<\/p>\n<ul>\n<li>See what data we have about you, if any.<\/li>\n<li>Change\/correct any data we have about you.<\/li>\n<li>Have us delete any data we have about you.<\/li>\n<li>Express any concern you have about our use of your data.<\/li>\n<\/ul>\n<h4>Security<\/h4>\n<p>We take precautions to protect your information. When you submit sensitive information via the website, your information is protected both online and offline. Unless you ask us not to, we may contact you via email in the future to tell you about specials, new products or services, or changes to this privacy policy.<\/p>\n","protected":false},"excerpt":{"rendered":"<p>Transparency and Choice This privacy policy discloses the privacy practices for our shop. It will notify&#8230;<\/p>\n","protected":false},"author":1,"featured_media":0,"parent":854,"menu_order":0,"comment_status":"closed","ping_status":"closed","template":"","meta":{"footnotes":""},"class_list":["post-1935","page","type-page","status-publish","hentry"],"yoast_head":"<!-- This site is optimized with the Yoast SEO plugin v20.4 - https:\/\/yoast.com\/wordpress\/plugins\/seo\/ -->\n<title>Privacy Policy - LiftArt Merdiven Asans\u00f6r\u00fc<\/title>\n<meta name=\"robots\" content=\"index, follow, max-snippet:-1, max-image-preview:large, max-video-preview:-1\" \/>\n<link rel=\"canonical\" href=\"https:\/\/www.liftart.org\/en\/shop\/privacy-policy\/\" \/>\n<meta property=\"og:locale\" content=\"en_US\" \/>\n<meta property=\"og:type\" content=\"article\" \/>\n<meta property=\"og:title\" content=\"Privacy Policy - LiftArt Merdiven Asans\u00f6r\u00fc\" \/>\n<meta property=\"og:description\" content=\"Transparency and Choice This privacy policy discloses the privacy practices for our shop. It will notify...\" \/>\n<meta property=\"og:url\" content=\"https:\/\/www.liftart.org\/en\/shop\/privacy-policy\/\" \/>\n<meta property=\"og:site_name\" content=\"LiftArt Merdiven Asans\u00f6r\u00fc\" \/>\n<meta property=\"article:publisher\" content=\"https:\/\/www.facebook.com\/liftartasansor\" \/>\n<meta name=\"twitter:card\" content=\"summary_large_image\" \/>\n<meta name=\"twitter:site\" content=\"@liftartasansor\" \/>\n<meta name=\"twitter:label1\" content=\"Est. reading time\" \/>\n\t<meta name=\"twitter:data1\" content=\"1 minute\" \/>\n<script type=\"application\/ld+json\" class=\"yoast-schema-graph\">{\"@context\":\"https:\/\/schema.org\",\"@graph\":[{\"@type\":\"WebPage\",\"@id\":\"https:\/\/www.liftart.org\/en\/shop\/privacy-policy\/\",\"url\":\"https:\/\/www.liftart.org\/en\/shop\/privacy-policy\/\",\"name\":\"Privacy Policy - LiftArt Merdiven Asans\u00f6r\u00fc\",\"isPartOf\":{\"@id\":\"https:\/\/www.liftart.org\/en\/#website\"},\"datePublished\":\"2016-02-22T04:59:58+00:00\",\"dateModified\":\"2016-02-22T04:59:58+00:00\",\"breadcrumb\":{\"@id\":\"https:\/\/www.liftart.org\/en\/shop\/privacy-policy\/#breadcrumb\"},\"inLanguage\":\"en-US\",\"potentialAction\":[{\"@type\":\"ReadAction\",\"target\":[[\"https:\/\/www.liftart.org\/en\/shop\/privacy-policy\/\"]]}]},{\"@type\":\"BreadcrumbList\",\"@id\":\"https:\/\/www.liftart.org\/en\/shop\/privacy-policy\/#breadcrumb\",\"itemListElement\":[{\"@type\":\"ListItem\",\"position\":1,\"name\":\"Anasayfa\",\"item\":\"https:\/\/www.liftart.org\/en\/\"},{\"@type\":\"ListItem\",\"position\":2,\"name\":\"Shop\",\"item\":\"https:\/\/www.liftart.org\/en\/shop\/\"},{\"@type\":\"ListItem\",\"position\":3,\"name\":\"Privacy Policy\"}]},{\"@type\":\"WebSite\",\"@id\":\"https:\/\/www.liftart.org\/en\/#website\",\"url\":\"https:\/\/www.liftart.org\/en\/\",\"name\":\"LiftArt Merdiven Asans\u00f6r\u00fc\",\"description\":\"Engelli Asans\u00f6r\u00fc, Ev Asans\u00f6r\u00fc\",\"publisher\":{\"@id\":\"https:\/\/www.liftart.org\/en\/#organization\"},\"potentialAction\":[{\"@type\":\"SearchAction\",\"target\":{\"@type\":\"EntryPoint\",\"urlTemplate\":\"https:\/\/www.liftart.org\/en\/?s={search_term_string}\"},\"query-input\":\"required name=search_term_string\"}],\"inLanguage\":\"en-US\"},{\"@type\":\"Organization\",\"@id\":\"https:\/\/www.liftart.org\/en\/#organization\",\"name\":\"LiftArt Merdiven Asans\u00f6r\u00fc\",\"url\":\"https:\/\/www.liftart.org\/en\/\",\"logo\":{\"@type\":\"ImageObject\",\"inLanguage\":\"en-US\",\"@id\":\"https:\/\/www.liftart.org\/en\/#\/schema\/logo\/image\/\",\"url\":\"http:\/\/www.liftart.org\/wp-content\/uploads\/2023\/03\/cropped-cropped-LiftArt-2020-Logo-300x100-1-1-1.png\",\"contentUrl\":\"http:\/\/www.liftart.org\/wp-content\/uploads\/2023\/03\/cropped-cropped-LiftArt-2020-Logo-300x100-1-1-1.png\",\"width\":300,\"height\":100,\"caption\":\"LiftArt Merdiven Asans\u00f6r\u00fc\"},\"image\":{\"@id\":\"https:\/\/www.liftart.org\/en\/#\/schema\/logo\/image\/\"},\"sameAs\":[\"https:\/\/www.facebook.com\/liftartasansor\",\"https:\/\/twitter.com\/liftartasansor\",\"https:\/\/www.instagram.com\/liftartasansor\/\",\"https:\/\/www.youtube.com\/channel\/UCKV9dKwP-Lz7LNNdvZDIoLg\"]}]}<\/script>\n<!-- \/ Yoast SEO plugin. -->","yoast_head_json":{"title":"Privacy Policy - LiftArt Merdiven Asans\u00f6r\u00fc","robots":{"index":"index","follow":"follow","max-snippet":"max-snippet:-1","max-image-preview":"max-image-preview:large","max-video-preview":"max-video-preview:-1"},"canonical":"https:\/\/www.liftart.org\/en\/shop\/privacy-policy\/","og_locale":"en_US","og_type":"article","og_title":"Privacy Policy - LiftArt Merdiven Asans\u00f6r\u00fc","og_description":"Transparency and Choice This privacy policy discloses the privacy practices for our shop. It will notify...","og_url":"https:\/\/www.liftart.org\/en\/shop\/privacy-policy\/","og_site_name":"LiftArt Merdiven Asans\u00f6r\u00fc","article_publisher":"https:\/\/www.facebook.com\/liftartasansor","twitter_card":"summary_large_image","twitter_site":"@liftartasansor","twitter_misc":{"Est. reading time":"1 minute"},"schema":{"@context":"https:\/\/schema.org","@graph":[{"@type":"WebPage","@id":"https:\/\/www.liftart.org\/en\/shop\/privacy-policy\/","url":"https:\/\/www.liftart.org\/en\/shop\/privacy-policy\/","name":"Privacy Policy - LiftArt Merdiven Asans\u00f6r\u00fc","isPartOf":{"@id":"https:\/\/www.liftart.org\/en\/#website"},"datePublished":"2016-02-22T04:59:58+00:00","dateModified":"2016-02-22T04:59:58+00:00","breadcrumb":{"@id":"https:\/\/www.liftart.org\/en\/shop\/privacy-policy\/#breadcrumb"},"inLanguage":"en-US","potentialAction":[{"@type":"ReadAction","target":[["https:\/\/www.liftart.org\/en\/shop\/privacy-policy\/"]]}]},{"@type":"BreadcrumbList","@id":"https:\/\/www.liftart.org\/en\/shop\/privacy-policy\/#breadcrumb","itemListElement":[{"@type":"ListItem","position":1,"name":"Anasayfa","item":"https:\/\/www.liftart.org\/en\/"},{"@type":"ListItem","position":2,"name":"Shop","item":"https:\/\/www.liftart.org\/en\/shop\/"},{"@type":"ListItem","position":3,"name":"Privacy Policy"}]},{"@type":"WebSite","@id":"https:\/\/www.liftart.org\/en\/#website","url":"https:\/\/www.liftart.org\/en\/","name":"LiftArt Merdiven Asans\u00f6r\u00fc","description":"Engelli Asans\u00f6r\u00fc, Ev Asans\u00f6r\u00fc","publisher":{"@id":"https:\/\/www.liftart.org\/en\/#organization"},"potentialAction":[{"@type":"SearchAction","target":{"@type":"EntryPoint","urlTemplate":"https:\/\/www.liftart.org\/en\/?s={search_term_string}"},"query-input":"required name=search_term_string"}],"inLanguage":"en-US"},{"@type":"Organization","@id":"https:\/\/www.liftart.org\/en\/#organization","name":"LiftArt Merdiven Asans\u00f6r\u00fc","url":"https:\/\/www.liftart.org\/en\/","logo":{"@type":"ImageObject","inLanguage":"en-US","@id":"https:\/\/www.liftart.org\/en\/#\/schema\/logo\/image\/","url":"http:\/\/www.liftart.org\/wp-content\/uploads\/2023\/03\/cropped-cropped-LiftArt-2020-Logo-300x100-1-1-1.png","contentUrl":"http:\/\/www.liftart.org\/wp-content\/uploads\/2023\/03\/cropped-cropped-LiftArt-2020-Logo-300x100-1-1-1.png","width":300,"height":100,"caption":"LiftArt Merdiven Asans\u00f6r\u00fc"},"image":{"@id":"https:\/\/www.liftart.org\/en\/#\/schema\/logo\/image\/"},"sameAs":["https:\/\/www.facebook.com\/liftartasansor","https:\/\/twitter.com\/liftartasansor","https:\/\/www.instagram.com\/liftartasansor\/","https:\/\/www.youtube.com\/channel\/UCKV9dKwP-Lz7LNNdvZDIoLg"]}]}},"_links":{"self":[{"href":"https:\/\/www.liftart.org\/en\/wp-json\/wp\/v2\/pages\/1935","targetHints":{"allow":["GET"]}}],"collection":[{"href":"https:\/\/www.liftart.org\/en\/wp-json\/wp\/v2\/pages"}],"about":[{"href":"https:\/\/www.liftart.org\/en\/wp-json\/wp\/v2\/types\/page"}],"author":[{"embeddable":true,"href":"https:\/\/www.liftart.org\/en\/wp-json\/wp\/v2\/users\/1"}],"replies":[{"embeddable":true,"href":"https:\/\/www.liftart.org\/en\/wp-json\/wp\/v2\/comments?post=1935"}],"version-history":[{"count":0,"href":"https:\/\/www.liftart.org\/en\/wp-json\/wp\/v2\/pages\/1935\/revisions"}],"up":[{"embeddable":true,"href":"https:\/\/www.liftart.org\/en\/wp-json\/wp\/v2\/pages\/854"}],"wp:attachment":[{"href":"https:\/\/www.liftart.org\/en\/wp-json\/wp\/v2\/media?parent=1935"}],"curies":[{"name":"wp","href":"https:\/\/api.w.org\/{rel}","templated":true}]}}