{"id":1967,"date":"2016-02-22T15:55:50","date_gmt":"2016-02-22T15:55:50","guid":{"rendered":"http:\/\/demo.themelogi.com\/wanium\/?page_id=1967"},"modified":"2023-03-29T00:22:08","modified_gmt":"2023-03-28T21:22:08","slug":"iletisim","status":"publish","type":"page","link":"https:\/\/www.liftart.org\/en\/iletisim\/","title":{"rendered":"Contact Us"},"content":{"rendered":"<section class=\"wpb-content-wrapper\"><p>[vc_row full_width=&#8221;stretch_row&#8221;][vc_column]<div class=\"tlg-custom-embed  \"><iframe style=\"height: 700px;\" frameborder=\"0\" scrolling=\"no\" marginheight=\"0\" marginwidth=\"0\" src=\"https:\/\/maps.google.com\/maps?q=Bah%C3%A7e%C5%9Fehir%201.%20K%C4%B1s%C4%B1m%20Mah.%20Vali%20Recep%20Yaz%C4%B1c%C4%B1o%C4%9Flu%20Cad.%20Nil%C3%BCfer%20%C3%87ay%C4%B1%20Sok%20Villa%205%2C%20D%3ANo%3A%2010%2C%2034488%20Ba%C5%9Fak%C5%9Fehir%2F%C4%B0stanbul&amp;t=m&amp;z=14&amp;output=embed&amp;iwloc=near\" aria-label=\"Bah\u00e7e\u015fehir 1. K\u0131s\u0131m Mah. Vali Recep Yaz\u0131c\u0131o\u011flu Cad. Nil\u00fcfer \u00c7ay\u0131 Sok Villa 5, D:No: 10, 34488 Ba\u015fak\u015fehir\/\u0130stanbul\"><\/iframe><\/div><div class=\"tlg-spacer \" data-height=\"50\" data-height-tablet=\"50\" data-height-mobile=\"50\" style=\"clear:both;display:block;height:50px;\"><\/div>[\/vc_column][\/vc_row][vc_row tlg_padding=&#8221;pt0&#8243;][vc_column width=&#8221;1\/3&#8243;]<div  class=\"boxed-intro-content heavy-shadow zoom-hover bg-white  wpb_animate_when_almost_visible wpb_bottom-to-top bottom-to-top \">\n\t\t\t\t\t\t\t<div class=\"intro-image border-radious-top overflow-hidden\">\n\t\t\t\t\t\t\t<\/div>\n\t\t\t\t\t\t\t<div class=\"intro-content pt32 pb16 pl-32 pr-32\"><h5  class=\"widgettitle dark-color mb16\">Headoffice & Showroom:<\/h5><div  class=\"text-color mt24\"><\/p>\n<p style=\"text-align: left;\">Bah\u00e7e\u015fehir 1. K\u0131s\u0131m Mah. Vali Recep Yaz\u0131c\u0131o\u011flu Cad. Nil\u00fcfer \u00c7ay\u0131 Sok. Villa 5 No:10<br \/>\nBa\u015fak\u015fehir 34488, \u0130stanbul \/ T\u00fcrkiye<\/p>\n<p>&nbsp;<\/p>\n<p>T. : +90 212 608 00 70<br \/>\nF. : +90 212 608 00 69<br \/>\nM. : +90 549 608 00 70<br \/>\nE. : info@liftart.com.tr<br \/>\nW. :\u00a0<a href=\"https:\/\/liftart.org\/\">www.liftart.com.tr<\/a><\/div><\/div>\n\t\t\t\t\t\t<\/div><script type=\"text\/javascript\">jQuery(document).ready(function(){jQuery('head').append('<style type=\"text\/css\" id=\"tlg-custom-css-btn-69e6e267c98da\">#btn-69e6e267c98da:hover{color:#565656!important;background:transparent!important;border-color:transparent!important;}<\/style>');});<\/script>[\/vc_column][vc_column width=&#8221;1\/3&#8243;]<div  class=\"boxed-intro-content heavy-shadow zoom-hover bg-white  wpb_animate_when_almost_visible wpb_bottom-to-top bottom-to-top \">\n\t\t\t\t\t\t\t<div class=\"intro-image border-radious-top overflow-hidden\">\n\t\t\t\t\t\t\t<\/div>\n\t\t\t\t\t\t\t<div class=\"intro-content pt32 pb16 pl-32 pr-32\"><h5  class=\"widgettitle dark-color mb16\">Bah\u00e7elievler \u2013 Bak\u0131rk\u00f6y Office:<\/h5><div  class=\"text-color mt24\">Kuyumcukent AVM, 1. Kat No: 564,<br \/>\nLadin Sok. Yeni Bosna 34197,<br \/>\n\u0130stanbul \/ T\u00fcrkiye<\/p>\n<p>&nbsp;<\/p>\n<p>&nbsp;<\/p>\n<p>&nbsp;<\/p>\n<p>M. : +90 549 608 00 70<br \/>\nE. : info@liftart.com.tr<br \/>\nW. :\u00a0<a href=\"https:\/\/liftart.com.tr\/\">www.liftart.com.tr<\/a><\/div><\/div>\n\t\t\t\t\t\t<\/div>[\/vc_column][vc_column width=&#8221;1\/3&#8243;]<div  class=\"boxed-intro-content heavy-shadow zoom-hover bg-white  \">\n\t\t\t\t\t\t\t<div class=\"intro-image border-radious-top overflow-hidden\">\n\t\t\t\t\t\t\t<\/div>\n\t\t\t\t\t\t\t<div class=\"intro-content pt32 pb16 pl-32 pr-32\"><h5  class=\"widgettitle dark-color mb16\">Baku \u2013 Ofis:<\/h5><div  class=\"text-color mt24\">LiftArt \u2013 Azerbaycan \/ Baku<br \/>\nAz\u0259rbaycan Respublikas\u0131, Bak\u0131 \u015f\u0259h\u0259ri,<br \/>\nA\u011fa Nem\u0259tulla 234-238, Bina \u2116 74<\/p>\n<p>&nbsp;<\/p>\n<p>&nbsp;<\/p>\n<p>&nbsp;<\/p>\n<p>M.:\u00a0+994 50 658 88 18<br \/>\nE. : info@liftart.com.tr<\/div><\/div>\n\t\t\t\t\t\t<\/div>[\/vc_column][\/vc_row][vc_row tlg_padding=&#8221;pt0&#8243;][vc_column width=&#8221;1\/3&#8243;]<div  class=\"boxed-intro-content heavy-shadow zoom-hover bg-white  wpb_animate_when_almost_visible wpb_bottom-to-top bottom-to-top \">\n\t\t\t\t\t\t\t<div class=\"intro-image border-radious-top overflow-hidden\">\n\t\t\t\t\t\t\t<\/div>\n\t\t\t\t\t\t\t<div class=\"intro-content pt32 pb16 pl-32 pr-32\"><h5  class=\"widgettitle dark-color mb16\">\u0130zmir & Agean Office & Service:<\/h5><div  class=\"text-color mt24\"><\/p>\n<p style=\"text-align: left;\">Onur Mah. B\u00f6\u011f\u00fcrtlen Sk.\u00a0No:33<br \/>\nBal\u00e7ova\/\u0130ZM\u0130R<\/p>\n<p>&nbsp;<\/p>\n<p style=\"text-align: left;\">T. : 0 (549) 608 00 70<br \/>\nF. : 0 (232) 278 0 444<\/p>\n<p><\/div><\/div>\n\t\t\t\t\t\t<\/div><script type=\"text\/javascript\">jQuery(document).ready(function(){jQuery('head').append('<style type=\"text\/css\" id=\"tlg-custom-css-btn-69e6e267c9a16\">#btn-69e6e267c9a16:hover{color:#565656!important;background:transparent!important;border-color:transparent!important;}<\/style>');});<\/script>[\/vc_column][vc_column width=&#8221;1\/3&#8243;]<div  class=\"boxed-intro-content heavy-shadow zoom-hover bg-white  wpb_animate_when_almost_visible wpb_bottom-to-top bottom-to-top \">\n\t\t\t\t\t\t\t<div class=\"intro-image border-radious-top overflow-hidden\">\n\t\t\t\t\t\t\t<\/div>\n\t\t\t\t\t\t\t<div class=\"intro-content pt32 pb16 pl-32 pr-32\"><h5  class=\"widgettitle dark-color mb16\">Bursa Office & Service:<\/h5><div  class=\"text-color mt24\">\u00d6mer Bey mah. Bursa Asfalt\u0131 Cad. Saray Sit. A Blok No:26\/B<br \/>\nMudanya\/BURSA<\/p>\n<p>T. : 0 (549) 608 00 70<br \/>\nF. : 0 (224) 543 03 00<\/div><\/div>\n\t\t\t\t\t\t<\/div>[\/vc_column][vc_column width=&#8221;1\/3&#8243;]<div  class=\"boxed-intro-content heavy-shadow zoom-hover bg-white  \">\n\t\t\t\t\t\t\t<div class=\"intro-image border-radious-top overflow-hidden\">\n\t\t\t\t\t\t\t<\/div>\n\t\t\t\t\t\t\t<div class=\"intro-content pt32 pb16 pl-32 pr-32\"><h5  class=\"widgettitle dark-color mb16\">Antalya Office & Technical Service:<\/h5><div  class=\"text-color mt24\">Kar\u015f\u0131yaka Mah. Gazi Bulvar\u0131 3 Y\u0131ld\u0131z Apt. No: 175<br \/>\nB Kepez \/ Antalya<\/p>\n<p>T. : 0 (549) 608 00 70<br \/>\nF. : (242) 326 59 18<br \/>\nE. : info@liftart.com.tr<\/div><\/div>\n\t\t\t\t\t\t<\/div>[\/vc_column][\/vc_row][vc_row][vc_column][vc_raw_html]JTNDaWZyYW1lJTIwc3JjJTNEJTIyaHR0cHMlM0ElMkYlMkZ3d3cuZ29vZ2xlLmNvbSUyRm1hcHMlMkZlbWJlZCUzRnBiJTNEJTIxNHYxNjc4NTMwODE0MjgxJTIxNm04JTIxMW03JTIxMXNkYmlQSHhEcGFSQUIzb3JyMy1KOW1BJTIxMm0yJTIxMWQ0MS4wNjk0Njc1OTc1MDM3MiUyMTJkMjguNjk0MTIzMjE0ODk1NjIlMjEzZjI1Mi4wMTY3NjYyMDA0NDQ4NiUyMTRmMCUyMTVmMC43ODIwODY1OTc0NjI3NDY5JTIyJTIwd2lkdGglM0QlMjIxMDAlMjUlMjIlMjBoZWlnaHQlM0QlMjI0NTAlMjIlMjBzdHlsZSUzRCUyMmJvcmRlciUzQTAlM0IlMjIlMjBhbGxvd2Z1bGxzY3JlZW4lM0QlMjIlMjIlMjBsb2FkaW5nJTNEJTIybGF6eSUyMiUyMHJlZmVycmVycG9saWN5JTNEJTIybm8tcmVmZXJyZXItd2hlbi1kb3duZ3JhZGUlMjIlM0UlM0MlMkZpZnJhbWUlM0U=[\/vc_raw_html][\/vc_column][\/vc_row][vc_row][vc_column width=&#8221;1\/3&#8243;]<div  class=\"boxed-intro-content heavy-shadow zoom-hover bg-white  \">\n\t\t\t\t\t\t\t<div class=\"intro-image border-radious-top overflow-hidden\">\n\t\t\t\t\t\t\t<\/div>\n\t\t\t\t\t\t\t<div class=\"intro-content pt32 pb16 pl-32 pr-32\"><h5  class=\"widgettitle dark-color mb16\">Social Media<\/h5><div  class=\"text-color mt24\"><strong>Facebook :<\/strong>\u00a0<a href=\"https:\/\/www.facebook.com\/liftartasansor\" target=\"_blank\" rel=\"noopener noreferrer\">liftartasansor<\/a><br \/>\n<strong>Instagram :<\/strong>\u00a0<a href=\"https:\/\/www.instagram.com\/liftartasansor\/\" target=\"_blank\" rel=\"noopener noreferrer\">liftartasansor<\/a><br \/>\n<strong>Twitter :<\/strong>\u00a0<a href=\"https:\/\/twitter.com\/liftartasansor\" target=\"_blank\" rel=\"noopener noreferrer\">liftartasansor<\/a><br \/>\n<strong>Whatsapp :<\/strong>\u00a0+90 549 608 00 70<\/div><\/div>\n\t\t\t\t\t\t<\/div>[\/vc_column][vc_column width=&#8221;1\/3&#8243;]<div  class=\"boxed-intro-content heavy-shadow zoom-hover bg-white  \">\n\t\t\t\t\t\t\t<div class=\"intro-image border-radious-top overflow-hidden\">\n\t\t\t\t\t\t\t<\/div>\n\t\t\t\t\t\t\t<div class=\"intro-content pt32 pb16 pl-32 pr-32\"><h5  class=\"widgettitle dark-color mb16\">Office and Showroom Working Hours<\/h5><div  class=\"text-color mt24\">Weekdays: 9.00 \u2013 17.30 (pls ask for Ramadan)<\/p>\n<p><\/div><\/div>\n\t\t\t\t\t\t<\/div>[\/vc_column][vc_column width=&#8221;1\/3&#8243;]<div  class=\"boxed-intro-content heavy-shadow zoom-hover bg-white  \">\n\t\t\t\t\t\t\t<div class=\"intro-image border-radious-top overflow-hidden\">\n\t\t\t\t\t\t\t<\/div>\n\t\t\t\t\t\t\t<div class=\"intro-content pt32 pb16 pl-32 pr-32\"><h5  class=\"widgettitle dark-color mb16\">Delivery Hours<\/h5><div  class=\"text-color mt24\">Weekdays: up to 16:00<br \/>\nThank you for your attention.<\/div><\/div>\n\t\t\t\t\t\t<\/div>[\/vc_column][\/vc_row]<\/p>\n<\/section>","protected":false},"excerpt":{"rendered":"<p>[vc_row full_width=&#8221;stretch_row&#8221;][vc_column][\/vc_column][\/vc_row][vc_row tlg_padding=&#8221;pt0&#8243;][vc_column width=&#8221;1\/3&#8243;][\/vc_column][vc_column width=&#8221;1\/3&#8243;][\/vc_column][vc_column width=&#8221;1\/3&#8243;][\/vc_column][\/vc_row][vc_row tlg_padding=&#8221;pt0&#8243;][vc_column width=&#8221;1\/3&#8243;][\/vc_column][vc_column width=&#8221;1\/3&#8243;][\/vc_column][vc_column width=&#8221;1\/3&#8243;][\/vc_column][\/vc_row][vc_row][vc_column][vc_raw_html]JTNDaWZyYW1lJTIwc3JjJTNEJTIyaHR0cHMlM0ElMkYlMkZ3d3cuZ29vZ2xlLmNvbSUyRm1hcHMlMkZlbWJlZCUzRnBiJTNEJTIxNHYxNjc4NTMwODE0MjgxJTIxNm04JTIxMW03JTIxMXNkYmlQSHhEcGFSQUIzb3JyMy1KOW1BJTIxMm0yJTIxMWQ0MS4wNjk0Njc1OTc1MDM3MiUyMTJkMjguNjk0MTIzMjE0ODk1NjIlMjEzZjI1Mi4wMTY3NjYyMDA0NDQ4NiUyMTRmMCUyMTVmMC43ODIwODY1OTc0NjI3NDY5JTIyJTIwd2lkdGglM0QlMjIxMDAlMjUlMjIlMjBoZWlnaHQlM0QlMjI0NTAlMjIlMjBzdHlsZSUzRCUyMmJvcmRlciUzQTAlM0IlMjIlMjBhbGxvd2Z1bGxzY3JlZW4lM0QlMjIlMjIlMjBsb2FkaW5nJTNEJTIybGF6eSUyMiUyMHJlZmVycmVycG9saWN5JTNEJTIybm8tcmVmZXJyZXItd2hlbi1kb3duZ3JhZGUlMjIlM0UlM0MlMkZpZnJhbWUlM0U=[\/vc_raw_html][\/vc_column][\/vc_row][vc_row][vc_column width=&#8221;1\/3&#8243;][\/vc_column][vc_column width=&#8221;1\/3&#8243;][\/vc_column][vc_column width=&#8221;1\/3&#8243;][\/vc_column][\/vc_row]<\/p>\n","protected":false},"author":1,"featured_media":0,"parent":0,"menu_order":0,"comment_status":"closed","ping_status":"closed","template":"","meta":{"footnotes":""},"class_list":["post-1967","page","type-page","status-publish","hentry"],"yoast_head":"<!-- This site is optimized with the Yoast SEO plugin v20.4 - https:\/\/yoast.com\/wordpress\/plugins\/seo\/ -->\n<title>Contact Us - LiftArt Merdiven Asans\u00f6r\u00fc<\/title>\n<meta name=\"robots\" content=\"index, follow, max-snippet:-1, max-image-preview:large, max-video-preview:-1\" \/>\n<link rel=\"canonical\" href=\"https:\/\/www.liftart.org\/en\/iletisim\/\" \/>\n<meta property=\"og:locale\" content=\"en_US\" \/>\n<meta property=\"og:type\" content=\"article\" \/>\n<meta property=\"og:title\" content=\"Contact Us - LiftArt Merdiven Asans\u00f6r\u00fc\" \/>\n<meta property=\"og:description\" content=\"[vc_row full_width=&#8221;stretch_row&#8221;][vc_column][\/vc_column][\/vc_row][vc_row tlg_padding=&#8221;pt0&#8243;][vc_column width=&#8221;1\/3&#8243;][\/vc_column][vc_column width=&#8221;1\/3&#8243;][\/vc_column][vc_column width=&#8221;1\/3&#8243;][\/vc_column][\/vc_row][vc_row tlg_padding=&#8221;pt0&#8243;][vc_column width=&#8221;1\/3&#8243;][\/vc_column][vc_column width=&#8221;1\/3&#8243;][\/vc_column][vc_column width=&#8221;1\/3&#8243;][\/vc_column][\/vc_row][vc_row][vc_column][vc_raw_html]JTNDaWZyYW1lJTIwc3JjJTNEJTIyaHR0cHMlM0ElMkYlMkZ3d3cuZ29vZ2xlLmNvbSUyRm1hcHMlMkZlbWJlZCUzRnBiJTNEJTIxNHYxNjc4NTMwODE0MjgxJTIxNm04JTIxMW03JTIxMXNkYmlQSHhEcGFSQUIzb3JyMy1KOW1BJTIxMm0yJTIxMWQ0MS4wNjk0Njc1OTc1MDM3MiUyMTJkMjguNjk0MTIzMjE0ODk1NjIlMjEzZjI1Mi4wMTY3NjYyMDA0NDQ4NiUyMTRmMCUyMTVmMC43ODIwODY1OTc0NjI3NDY5JTIyJTIwd2lkdGglM0QlMjIxMDAlMjUlMjIlMjBoZWlnaHQlM0QlMjI0NTAlMjIlMjBzdHlsZSUzRCUyMmJvcmRlciUzQTAlM0IlMjIlMjBhbGxvd2Z1bGxzY3JlZW4lM0QlMjIlMjIlMjBsb2FkaW5nJTNEJTIybGF6eSUyMiUyMHJlZmVycmVycG9saWN5JTNEJTIybm8tcmVmZXJyZXItd2hlbi1kb3duZ3JhZGUlMjIlM0UlM0MlMkZpZnJhbWUlM0U=[\/vc_raw_html][\/vc_column][\/vc_row][vc_row][vc_column width=&#8221;1\/3&#8243;][\/vc_column][vc_column width=&#8221;1\/3&#8243;][\/vc_column][vc_column width=&#8221;1\/3&#8243;][\/vc_column][\/vc_row]\" \/>\n<meta property=\"og:url\" content=\"https:\/\/www.liftart.org\/en\/iletisim\/\" \/>\n<meta property=\"og:site_name\" content=\"LiftArt Merdiven Asans\u00f6r\u00fc\" \/>\n<meta property=\"article:publisher\" content=\"https:\/\/www.facebook.com\/liftartasansor\" \/>\n<meta property=\"article:modified_time\" content=\"2023-03-28T21:22:08+00:00\" \/>\n<meta name=\"twitter:card\" content=\"summary_large_image\" \/>\n<meta name=\"twitter:site\" content=\"@liftartasansor\" \/>\n<meta name=\"twitter:label1\" content=\"Est. reading time\" \/>\n\t<meta name=\"twitter:data1\" content=\"3 minutes\" \/>\n<script type=\"application\/ld+json\" class=\"yoast-schema-graph\">{\"@context\":\"https:\/\/schema.org\",\"@graph\":[{\"@type\":\"WebPage\",\"@id\":\"https:\/\/www.liftart.org\/en\/iletisim\/\",\"url\":\"https:\/\/www.liftart.org\/en\/iletisim\/\",\"name\":\"Contact Us - LiftArt Merdiven Asans\u00f6r\u00fc\",\"isPartOf\":{\"@id\":\"https:\/\/www.liftart.org\/en\/#website\"},\"datePublished\":\"2016-02-22T15:55:50+00:00\",\"dateModified\":\"2023-03-28T21:22:08+00:00\",\"breadcrumb\":{\"@id\":\"https:\/\/www.liftart.org\/en\/iletisim\/#breadcrumb\"},\"inLanguage\":\"en-US\",\"potentialAction\":[{\"@type\":\"ReadAction\",\"target\":[[\"https:\/\/www.liftart.org\/en\/iletisim\/\"]]}]},{\"@type\":\"BreadcrumbList\",\"@id\":\"https:\/\/www.liftart.org\/en\/iletisim\/#breadcrumb\",\"itemListElement\":[{\"@type\":\"ListItem\",\"position\":1,\"name\":\"Anasayfa\",\"item\":\"https:\/\/www.liftart.org\/en\/\"},{\"@type\":\"ListItem\",\"position\":2,\"name\":\"Contact Us\"}]},{\"@type\":\"WebSite\",\"@id\":\"https:\/\/www.liftart.org\/en\/#website\",\"url\":\"https:\/\/www.liftart.org\/en\/\",\"name\":\"LiftArt Merdiven Asans\u00f6r\u00fc\",\"description\":\"Engelli Asans\u00f6r\u00fc, Ev Asans\u00f6r\u00fc\",\"publisher\":{\"@id\":\"https:\/\/www.liftart.org\/en\/#organization\"},\"potentialAction\":[{\"@type\":\"SearchAction\",\"target\":{\"@type\":\"EntryPoint\",\"urlTemplate\":\"https:\/\/www.liftart.org\/en\/?s={search_term_string}\"},\"query-input\":\"required name=search_term_string\"}],\"inLanguage\":\"en-US\"},{\"@type\":\"Organization\",\"@id\":\"https:\/\/www.liftart.org\/en\/#organization\",\"name\":\"LiftArt Merdiven Asans\u00f6r\u00fc\",\"url\":\"https:\/\/www.liftart.org\/en\/\",\"logo\":{\"@type\":\"ImageObject\",\"inLanguage\":\"en-US\",\"@id\":\"https:\/\/www.liftart.org\/en\/#\/schema\/logo\/image\/\",\"url\":\"http:\/\/www.liftart.org\/wp-content\/uploads\/2023\/03\/cropped-cropped-LiftArt-2020-Logo-300x100-1-1-1.png\",\"contentUrl\":\"http:\/\/www.liftart.org\/wp-content\/uploads\/2023\/03\/cropped-cropped-LiftArt-2020-Logo-300x100-1-1-1.png\",\"width\":300,\"height\":100,\"caption\":\"LiftArt Merdiven Asans\u00f6r\u00fc\"},\"image\":{\"@id\":\"https:\/\/www.liftart.org\/en\/#\/schema\/logo\/image\/\"},\"sameAs\":[\"https:\/\/www.facebook.com\/liftartasansor\",\"https:\/\/twitter.com\/liftartasansor\",\"https:\/\/www.instagram.com\/liftartasansor\/\",\"https:\/\/www.youtube.com\/channel\/UCKV9dKwP-Lz7LNNdvZDIoLg\"]}]}<\/script>\n<!-- \/ Yoast SEO plugin. -->","yoast_head_json":{"title":"Contact Us - LiftArt Merdiven Asans\u00f6r\u00fc","robots":{"index":"index","follow":"follow","max-snippet":"max-snippet:-1","max-image-preview":"max-image-preview:large","max-video-preview":"max-video-preview:-1"},"canonical":"https:\/\/www.liftart.org\/en\/iletisim\/","og_locale":"en_US","og_type":"article","og_title":"Contact Us - LiftArt Merdiven Asans\u00f6r\u00fc","og_description":"[vc_row full_width=&#8221;stretch_row&#8221;][vc_column][\/vc_column][\/vc_row][vc_row tlg_padding=&#8221;pt0&#8243;][vc_column width=&#8221;1\/3&#8243;][\/vc_column][vc_column width=&#8221;1\/3&#8243;][\/vc_column][vc_column width=&#8221;1\/3&#8243;][\/vc_column][\/vc_row][vc_row tlg_padding=&#8221;pt0&#8243;][vc_column width=&#8221;1\/3&#8243;][\/vc_column][vc_column width=&#8221;1\/3&#8243;][\/vc_column][vc_column width=&#8221;1\/3&#8243;][\/vc_column][\/vc_row][vc_row][vc_column][vc_raw_html]JTNDaWZyYW1lJTIwc3JjJTNEJTIyaHR0cHMlM0ElMkYlMkZ3d3cuZ29vZ2xlLmNvbSUyRm1hcHMlMkZlbWJlZCUzRnBiJTNEJTIxNHYxNjc4NTMwODE0MjgxJTIxNm04JTIxMW03JTIxMXNkYmlQSHhEcGFSQUIzb3JyMy1KOW1BJTIxMm0yJTIxMWQ0MS4wNjk0Njc1OTc1MDM3MiUyMTJkMjguNjk0MTIzMjE0ODk1NjIlMjEzZjI1Mi4wMTY3NjYyMDA0NDQ4NiUyMTRmMCUyMTVmMC43ODIwODY1OTc0NjI3NDY5JTIyJTIwd2lkdGglM0QlMjIxMDAlMjUlMjIlMjBoZWlnaHQlM0QlMjI0NTAlMjIlMjBzdHlsZSUzRCUyMmJvcmRlciUzQTAlM0IlMjIlMjBhbGxvd2Z1bGxzY3JlZW4lM0QlMjIlMjIlMjBsb2FkaW5nJTNEJTIybGF6eSUyMiUyMHJlZmVycmVycG9saWN5JTNEJTIybm8tcmVmZXJyZXItd2hlbi1kb3duZ3JhZGUlMjIlM0UlM0MlMkZpZnJhbWUlM0U=[\/vc_raw_html][\/vc_column][\/vc_row][vc_row][vc_column width=&#8221;1\/3&#8243;][\/vc_column][vc_column width=&#8221;1\/3&#8243;][\/vc_column][vc_column width=&#8221;1\/3&#8243;][\/vc_column][\/vc_row]","og_url":"https:\/\/www.liftart.org\/en\/iletisim\/","og_site_name":"LiftArt Merdiven Asans\u00f6r\u00fc","article_publisher":"https:\/\/www.facebook.com\/liftartasansor","article_modified_time":"2023-03-28T21:22:08+00:00","twitter_card":"summary_large_image","twitter_site":"@liftartasansor","twitter_misc":{"Est. reading time":"3 minutes"},"schema":{"@context":"https:\/\/schema.org","@graph":[{"@type":"WebPage","@id":"https:\/\/www.liftart.org\/en\/iletisim\/","url":"https:\/\/www.liftart.org\/en\/iletisim\/","name":"Contact Us - LiftArt Merdiven Asans\u00f6r\u00fc","isPartOf":{"@id":"https:\/\/www.liftart.org\/en\/#website"},"datePublished":"2016-02-22T15:55:50+00:00","dateModified":"2023-03-28T21:22:08+00:00","breadcrumb":{"@id":"https:\/\/www.liftart.org\/en\/iletisim\/#breadcrumb"},"inLanguage":"en-US","potentialAction":[{"@type":"ReadAction","target":[["https:\/\/www.liftart.org\/en\/iletisim\/"]]}]},{"@type":"BreadcrumbList","@id":"https:\/\/www.liftart.org\/en\/iletisim\/#breadcrumb","itemListElement":[{"@type":"ListItem","position":1,"name":"Anasayfa","item":"https:\/\/www.liftart.org\/en\/"},{"@type":"ListItem","position":2,"name":"Contact Us"}]},{"@type":"WebSite","@id":"https:\/\/www.liftart.org\/en\/#website","url":"https:\/\/www.liftart.org\/en\/","name":"LiftArt Merdiven Asans\u00f6r\u00fc","description":"Engelli Asans\u00f6r\u00fc, Ev Asans\u00f6r\u00fc","publisher":{"@id":"https:\/\/www.liftart.org\/en\/#organization"},"potentialAction":[{"@type":"SearchAction","target":{"@type":"EntryPoint","urlTemplate":"https:\/\/www.liftart.org\/en\/?s={search_term_string}"},"query-input":"required name=search_term_string"}],"inLanguage":"en-US"},{"@type":"Organization","@id":"https:\/\/www.liftart.org\/en\/#organization","name":"LiftArt Merdiven Asans\u00f6r\u00fc","url":"https:\/\/www.liftart.org\/en\/","logo":{"@type":"ImageObject","inLanguage":"en-US","@id":"https:\/\/www.liftart.org\/en\/#\/schema\/logo\/image\/","url":"http:\/\/www.liftart.org\/wp-content\/uploads\/2023\/03\/cropped-cropped-LiftArt-2020-Logo-300x100-1-1-1.png","contentUrl":"http:\/\/www.liftart.org\/wp-content\/uploads\/2023\/03\/cropped-cropped-LiftArt-2020-Logo-300x100-1-1-1.png","width":300,"height":100,"caption":"LiftArt Merdiven Asans\u00f6r\u00fc"},"image":{"@id":"https:\/\/www.liftart.org\/en\/#\/schema\/logo\/image\/"},"sameAs":["https:\/\/www.facebook.com\/liftartasansor","https:\/\/twitter.com\/liftartasansor","https:\/\/www.instagram.com\/liftartasansor\/","https:\/\/www.youtube.com\/channel\/UCKV9dKwP-Lz7LNNdvZDIoLg"]}]}},"_links":{"self":[{"href":"https:\/\/www.liftart.org\/en\/wp-json\/wp\/v2\/pages\/1967","targetHints":{"allow":["GET"]}}],"collection":[{"href":"https:\/\/www.liftart.org\/en\/wp-json\/wp\/v2\/pages"}],"about":[{"href":"https:\/\/www.liftart.org\/en\/wp-json\/wp\/v2\/types\/page"}],"author":[{"embeddable":true,"href":"https:\/\/www.liftart.org\/en\/wp-json\/wp\/v2\/users\/1"}],"replies":[{"embeddable":true,"href":"https:\/\/www.liftart.org\/en\/wp-json\/wp\/v2\/comments?post=1967"}],"version-history":[{"count":38,"href":"https:\/\/www.liftart.org\/en\/wp-json\/wp\/v2\/pages\/1967\/revisions"}],"predecessor-version":[{"id":7754,"href":"https:\/\/www.liftart.org\/en\/wp-json\/wp\/v2\/pages\/1967\/revisions\/7754"}],"wp:attachment":[{"href":"https:\/\/www.liftart.org\/en\/wp-json\/wp\/v2\/media?parent=1967"}],"curies":[{"name":"wp","href":"https:\/\/api.w.org\/{rel}","templated":true}]}}