{"id":2047,"date":"2016-02-23T14:27:14","date_gmt":"2016-02-23T14:27:14","guid":{"rendered":"http:\/\/demo.themelogi.com\/wanium\/?page_id=2047"},"modified":"2016-02-23T14:27:14","modified_gmt":"2016-02-23T14:27:14","slug":"barber","status":"publish","type":"page","link":"https:\/\/www.liftart.org\/en\/home\/barber\/","title":{"rendered":"Barber"},"content":{"rendered":"<section class=\"wpb-content-wrapper\"><p>[vc_row full_width=&#8221;stretch_row&#8221;][vc_column]<section  id=\"single-69f3f111ea8f5\" \n\t\t\t\t\t\tclass=\"header-single vertical-flex m0 image-bg parallax  p0 fullscreen \" \n\t\t\t\t\t\tstyle=\"\"><div class=\"background-content\"><div  class=\"background-overlay\"><\/div><\/div><div  class=\"container vertical-flex-column item-content \">\n\t\t\t            \t<div class=\"row\"><div class=\"standard-slide p0 col-lg-12 col-lg-offset-0 col-md-10 col-md-offset-1 col-sm-12 text-center\"><div style=\"text-shadow:none;font-size:40px;line-height:45px;text-transform: none!important;font-family:La Belle Aurore;font-weight:400;font-style:normal;\" class=\"lead\">The Hottest Hairstyles<\/div><hr><h1 style=\"text-shadow:none;font-size:79px;line-height:89px;text-transform: none!important;\" class=\"heading-title-bold\">Perfect Haircut for Your Hair<\/h1><div style=\"text-shadow:none;text-transform: none!important;\" class=\"heading-content\"><\/div><div class=\"mt24 mt-xs-0\"><a  id=\"btn-69f3f111ea8f8\"  class=\" m0 btn btn-filled btn-rounded  btn-sm-sm btn-lg \"  href= \"#book\"  >Book an appointment<\/a><a  id=\"btn2-69f3f111ea8fa\" data-modal=\"modal2-69f3f111ea8fb\" class=\" m0 btn btn-rounded ti-control-play btn-sm-sm btn-lg md-trigger\"  href= \"#\"  >Play video<\/a><\/div>\n                <\/div><\/div>\n\t\t\t            <\/div><\/section><div class=\"modal-button\"><div class=\"md-modal md-modal-7\" id=\"modal2-69f3f111ea8fb\">\n            \t\t<div class=\"md-content\">\n            \t\t\t<div class=\"md-content-inner\"><iframe loading=\"lazy\" title=\"Metome - Black Black\" src=\"https:\/\/player.vimeo.com\/video\/176283349?dnt=1&amp;app_id=122963\" width=\"1170\" height=\"658\" frameborder=\"0\" allow=\"autoplay; fullscreen; picture-in-picture; clipboard-write; encrypted-media; web-share\" referrerpolicy=\"strict-origin-when-cross-origin\"><\/iframe><\/div>\n            \t\t<\/div>\n            \t\t<div class=\"text-center\">\n            \t\t\t<a class=\"md-close inline-block mt24\" href=\"#\"><i class=\"ti-close\"><\/i><\/a>\n            \t\t<\/div>\n            \t<\/div><div class=\"md-overlay\"><\/div><\/div><script type=\"text\/javascript\">jQuery(document).ready(function(){jQuery('head').append('<style type=\"text\/css\" id=\"tlg-custom-css-single-69f3f111ea8f5\">@font-face {font-family:\"La Belle Aurore\"; src:url(\"\/\/fonts.gstatic.com\/s\/labelleaurore\/v7\/Irdbc4ASuUoWDjd_Wc3md123K2iuuhwZgaKapkyRTY8.ttf\");}<\/style>');});<\/script>[\/vc_column][\/vc_row][vc_row full_width=&#8221;stretch_row&#8221; tlg_background_style=&#8221;bg-secondary&#8221; css=&#8221;.vc_custom_1476177837285{background-color: #eaeaea !important;}&#8221;][vc_column]<section class=\"image-half p0  \">\n\t\t\t\t\t\t    <div class=\"col-lg-6 p0 col-lg-push-6\">\n\t\t\t\t\t\t    \t<div class=\"intro-image\">\n\t\t\t\t\t\t    \t<\/div>\n\t\t\t\t\t\t    <\/div>\n\t\t\t\t\t\t    <div class=\"container\">\n\t\t\t\t\t\t        <div class=\"col-lg-6 col-lg-pull-0 pr-l-80 vertical-alignment\"><h5 class=\"widgettitle mb16\">Welcome To Wanium Barber<\/h5><div class=\"mt24\">Basically a barbershop is a place where people go to cut their hair and of course it is the working place of a barber. A barber is a person whose livelihood is mainly to cut, dress, groom, style and shave men\u2019s and boys\u2019 hair and in some cases ladies \/ girls who keep low cut.<\/div><\/div>\n\t\t\t\t\t\t    <\/div>\n\t\t\t\t\t\t<\/section><section class=\"image-half p0  wpb_animate_when_almost_visible wpb_bottom-to-top bottom-to-top \">\n\t\t\t\t\t\t    <div class=\"col-lg-6 p0\">\n\t\t\t\t\t\t    \t<div class=\"intro-image\">\n\t\t\t\t\t\t    \t<\/div>\n\t\t\t\t\t\t    <\/div>\n\t\t\t\t\t\t    <div class=\"container\">\n\t\t\t\t\t\t        <div class=\"col-lg-6 col-lg-offset-1 pl-l-80 vertical-alignment right\"><h5 class=\"widgettitle mb16\">Who We Are<\/h5><div class=\"mt24\">A barber&#8217;s place of work is known as a barber shop or a barber&#8217;s. Barber shops are also places of social interaction and public discourse. In some instances, barbershops are also public forums. They are the locations of open debates, voicing public concerns, and engaging citizens in discussions about contemporary issues. They were also influential in helping shape male identity.<\/div><\/div>\n\t\t\t\t\t\t    <\/div>\n\t\t\t\t\t\t<\/section>[\/vc_column][\/vc_row][vc_row][vc_column]<div class=\"headings-title  wpb_animate_when_almost_visible wpb_bottom-to-top bottom-to-top\"><div class=\"mb72  mb-xs-40 text-center\"><h5  class=\"widgettitle \">Our Services<\/h5><div class=\"divider-wrap\"><i style=\"color:#bf9457!important;\" class=\"ti-cut\"><\/i><div  class=\"tlg-divider\"><\/div><\/div><div  class=\"widgetsubtitle\">Multiple services in our shop<\/div><\/div><\/div><section class=\" wpb_animate_when_almost_visible wpb_bottom-to-top bottom-to-top p0\"><div class=\"blog-carousel blog-carousel-detail three-columns\"><div class=\"boxed-intro-content zoom-hover bg-white\">\n\t\t\t\t\t\t\t<div class=\"intro-image border-radious-top overflow-hidden\">\n\t\t\t\t\t\t\t<\/div>\n\t\t\t\t\t\t\t<div class=\"intro-content pt32 pb16 pl-32 pr-32\"><h5 class=\"widgettitle dark-color mb16\">Haircut $35<\/h5><div class=\"text-color mt24\"> The fashioning of hair can be considered an aspect of personal grooming.<\/div><\/div>\n\t\t\t\t\t\t<\/div><div class=\"boxed-intro-content zoom-hover bg-white\">\n\t\t\t\t\t\t\t<div class=\"intro-image border-radious-top overflow-hidden\">\n\t\t\t\t\t\t\t<\/div>\n\t\t\t\t\t\t\t<div class=\"intro-content pt32 pb16 pl-32 pr-32\"><h5 class=\"widgettitle dark-color mb16\">Sides Cut $40<\/h5><div class=\"text-color mt24\">The popular considerations also influence some hairstyles.<\/div><\/div>\n\t\t\t\t\t\t<\/div><div class=\"boxed-intro-content zoom-hover bg-white\">\n\t\t\t\t\t\t\t<div class=\"intro-image border-radious-top overflow-hidden\">\n\t\t\t\t\t\t\t<\/div>\n\t\t\t\t\t\t\t<div class=\"intro-content pt32 pb16 pl-32 pr-32\"><h5 class=\"widgettitle dark-color mb16\">Clipper Cut $15<\/h5><div class=\"text-color mt24\">Hairstyles are markers and signifiers of social class, age, marital status.<\/div><\/div>\n\t\t\t\t\t\t<\/div><div class=\"boxed-intro-content zoom-hover bg-white\">\n\t\t\t\t\t\t\t<div class=\"intro-image border-radious-top overflow-hidden\">\n\t\t\t\t\t\t\t<\/div>\n\t\t\t\t\t\t\t<div class=\"intro-content pt32 pb16 pl-32 pr-32\"><h5 class=\"widgettitle dark-color mb16\">Head Shave $45<\/h5><div class=\"text-color mt24\">Racial identification, political beliefs, and attitudes about gender.<\/div><\/div>\n\t\t\t\t\t\t<\/div><div class=\"boxed-intro-content zoom-hover bg-white\">\n\t\t\t\t\t\t\t<div class=\"intro-image border-radious-top overflow-hidden\">\n\t\t\t\t\t\t\t<\/div>\n\t\t\t\t\t\t\t<div class=\"intro-content pt32 pb16 pl-32 pr-32\"><h5 class=\"widgettitle dark-color mb16\">Face Shave $30<\/h5><div class=\"text-color mt24\">Arguably the precursor of most plain modern male styles<\/div><\/div>\n\t\t\t\t\t\t<\/div><div class=\"boxed-intro-content zoom-hover bg-white\">\n\t\t\t\t\t\t\t<div class=\"intro-image border-radious-top overflow-hidden\">\n\t\t\t\t\t\t\t<\/div>\n\t\t\t\t\t\t\t<div class=\"intro-content pt32 pb16 pl-32 pr-32\"><h5 class=\"widgettitle dark-color mb16\">Beard Trim $30<\/h5><div class=\"text-color mt24\">Men wore their hair short, and either parted on the side or in the middle.<\/div><\/div>\n\t\t\t\t\t\t<\/div><\/div><\/section>[\/vc_column][\/vc_row][vc_row tlg_background_style=&#8221;bg-dark&#8221; tlg_text_align=&#8221;text-center&#8221; css=&#8221;.vc_custom_1476114299157{background-image: url(http:\/\/demo.themelogi.com\/wanium\/wp-content\/uploads_dummy\/2016\/10\/hair-and-styling.jpg?id=4733) !important;}&#8221;][vc_column]<div class=\"headings-title  wpb_animate_when_almost_visible wpb_bottom-to-top bottom-to-top\"><div class=\"mb72  mb-xs-40 text-center\"><h5  class=\"widgettitle \">Barber Opening Hours<\/h5><div class=\"divider-wrap\"><i  class=\"ti-timer\"><\/i><div  class=\"tlg-divider\"><\/div><\/div><div  class=\"widgetsubtitle\">Hours of Trade<\/div><\/div><\/div>[vc_row_inner][vc_column_inner width=&#8221;1\/3&#8243;]<div class=\"\"><a  id=\"btn-69f3f1122d2c0\" class=\"btn btn-rounded    btn-sm-sm\" href= \"#\" target=\"_self\" >Contact Us<i class=\"ti-mobile\"><\/i><\/a><\/div><div class=\"\"><a  id=\"btn-69f3f1122d32c\" class=\"btn btn-rounded    btn-sm-sm\" href= \"#book\" target=\"_self\" >Book Now<i class=\"ti-plus\"><\/i><\/a><\/div>[\/vc_column_inner][vc_column_inner width=&#8221;1\/3&#8243;]<div class=\"headings-title  wpb_animate_when_almost_visible wpb_bottom-to-top bottom-to-top\"><div class=\"mb16 mb16 mb-xs-40 text-center\"><div  class=\"widgetsubtitle\">Fairview Barber<\/div><\/div><\/div>[vc_column_text css_animation=&#8221;bottom-to-top&#8221;]Monday, 8am \u2013 8pm<br \/>\nTuesday, 8am \u2013 8pm<br \/>\nWednesday, 8am \u2013 8pm<br \/>\nThursday, 8am \u2013 8pm<br \/>\nFriday, 8am \u2013 8pm<br \/>\nSaturday, 8am \u2013 4pm<br \/>\nSunday \u2013 Closed[\/vc_column_text][\/vc_column_inner][vc_column_inner width=&#8221;1\/3&#8243;]<div class=\"headings-title  wpb_animate_when_almost_visible wpb_bottom-to-top bottom-to-top\"><div class=\"mb16 mb16 mb-xs-40 text-center\"><div  class=\"widgetsubtitle\">Wanium Barber<\/div><\/div><\/div>[vc_column_text css_animation=&#8221;bottom-to-top&#8221;]Monday, 8am \u2013 8pm<br \/>\nTuesday, 8am \u2013 8pm<br \/>\nWednesday, 8am \u2013 8pm<br \/>\nThursday, 8am \u2013 8pm<br \/>\nFriday, 8am \u2013 8pm<br \/>\nSaturday, 8am \u2013 4pm<br \/>\nSunday \u2013 Closed[\/vc_column_text][\/vc_column_inner][\/vc_row_inner][\/vc_column][\/vc_row][vc_row full_width=&#8221;stretch_row&#8221; tlg_background_style=&#8221;bg-secondary&#8221;][vc_column]<div class=\"tlg-spacer \" data-height=\"70\" data-height-tablet=\"35\" data-height-mobile=\"70\" style=\"clear:both;display:block;height:70px;\"><\/div><div class=\"headings-title  wpb_animate_when_almost_visible wpb_bottom-to-top bottom-to-top\"><div class=\"mb72  mb-xs-40 text-center\"><h5  class=\"widgettitle \">Barber Location<\/h5><div class=\"divider-wrap\"><i style=\"color:#bf9457!important;\" class=\"ti-location-pin\"><\/i><div  class=\"tlg-divider\"><\/div><\/div><div  class=\"widgetsubtitle\">Wanium & Fairview Barber<\/div><\/div><\/div><div class=\"tlg-custom-embed  wpb_animate_when_almost_visible wpb_bottom-to-top bottom-to-top \"><iframe style=\"height: 500px;\" frameborder=\"0\" scrolling=\"no\" marginheight=\"0\" marginwidth=\"0\" src=\"https:\/\/maps.google.com\/maps?q=New%20York&amp;t=m&amp;z=14&amp;output=embed&amp;iwloc=near\" aria-label=\"New York\"><\/iframe><\/div>[\/vc_column][\/vc_row][vc_row full_width=&#8221;stretch_row&#8221;][vc_column]<div class=\"tlg-spacer \" data-height=\"70\" data-height-tablet=\"35\" data-height-mobile=\"70\" style=\"clear:both;display:block;height:70px;\"><\/div><div class=\"headings-title  wpb_animate_when_almost_visible wpb_bottom-to-top bottom-to-top\"><div class=\"mb72  mb-xs-40 text-center\"><h5  class=\"widgettitle \">Licensed Barbers<\/h5><div class=\"divider-wrap\"><i style=\"color:#bf9457!important;\" class=\"ti-medall\"><\/i><div  class=\"tlg-divider\"><\/div><\/div><div  class=\"widgetsubtitle\">Our Team<\/div><\/div><\/div><p class=\"lead\">Sorry, but nothing matched your search. Please try again with some different keywords.<\/p>\n<form class=\"search-form\" method=\"get\" id=\"searchform\" action=\"https:\/\/www.liftart.org\/en\/\">\n\t<input type=\"text\" id=\"s2\" class=\"mb0\" name=\"s\" value=\"\" placeholder=\"Search on site...\" autocomplete=\"off\" \/>\n\t<input type=\"submit\" value=\"\" class=\"btn\">\n<\/form>[\/vc_column][\/vc_row][vc_row][vc_column width=&#8221;1\/6&#8243;][\/vc_column][vc_column width=&#8221;2\/3&#8243;]<div class=\"headings-title  wpb_animate_when_almost_visible wpb_bottom-to-top bottom-to-top\"><div class=\"mb72  mb-xs-40 text-center\"><h5  class=\"widgettitle \">What customer says<\/h5><div class=\"divider-wrap\"><i style=\"color:#bf9457!important;\" class=\"ti-thought\"><\/i><div  class=\"tlg-divider\"><\/div><\/div><div  class=\"widgetsubtitle\">Testimonials<\/div><\/div><\/div><p class=\"lead\">Sorry, but nothing matched your search. Please try again with some different keywords.<\/p>\n<form class=\"search-form\" method=\"get\" id=\"searchform\" action=\"https:\/\/www.liftart.org\/en\/\">\n\t<input type=\"text\" id=\"s2\" class=\"mb0\" name=\"s\" value=\"\" placeholder=\"Search on site...\" autocomplete=\"off\" \/>\n\t<input type=\"submit\" value=\"\" class=\"btn\">\n<\/form>[\/vc_column][vc_column width=&#8221;1\/6&#8243;][\/vc_column][\/vc_row][vc_row full_height=&#8221;yes&#8221; tlg_background_style=&#8221;bg-dark&#8221; css=&#8221;.vc_custom_1476178226763{background-image: url(http:\/\/demo.themelogi.com\/wanium\/wp-content\/uploads_dummy\/2016\/10\/beard-treatment.jpg?id=4732) !important;}&#8221; el_id=&#8221;book&#8221;][vc_column width=&#8221;1\/6&#8243;][\/vc_column][vc_column width=&#8221;2\/3&#8243;]<div class=\"headings-title  wpb_animate_when_almost_visible wpb_top-to-bottom top-to-bottom\"><div class=\"mb72  mb-xs-40 text-center\"><h5  class=\"widgettitle \">Enjoy Your Haircut Again<\/h5><div class=\"divider-wrap\"><div  class=\"tlg-divider\"><\/div><\/div><div  class=\"widgetsubtitle\">Wanium Barber<\/div><\/div><\/div>\n<div class=\"wpcf7 no-js\" id=\"wpcf7-f4434-o1\" lang=\"en-US\" dir=\"ltr\">\n<div class=\"screen-reader-response\"><p role=\"status\" aria-live=\"polite\" aria-atomic=\"true\"><\/p> <ul><\/ul><\/div>\n<form action=\"\/en\/wp-json\/wp\/v2\/pages\/2047#wpcf7-f4434-o1\" method=\"post\" class=\"wpcf7-form init\" aria-label=\"Contact form\" novalidate=\"novalidate\" data-status=\"init\">\n<div style=\"display: none;\">\n<input type=\"hidden\" name=\"_wpcf7\" value=\"4434\" \/>\n<input type=\"hidden\" name=\"_wpcf7_version\" value=\"5.7.5.1\" \/>\n<input type=\"hidden\" name=\"_wpcf7_locale\" value=\"en_US\" \/>\n<input type=\"hidden\" name=\"_wpcf7_unit_tag\" value=\"wpcf7-f4434-o1\" \/>\n<input type=\"hidden\" name=\"_wpcf7_container_post\" value=\"0\" \/>\n<input type=\"hidden\" name=\"_wpcf7_posted_data_hash\" value=\"\" \/>\n<\/div>\n<div class=\"overflow-hidden\">\n\t<div class=\"half-column half-column-left\">\n\t\t<p><span class=\"wpcf7-form-control-wrap\" data-name=\"your-name\"><input size=\"40\" class=\"wpcf7-form-control wpcf7-text wpcf7-validates-as-required\" aria-required=\"true\" aria-invalid=\"false\" placeholder=\"Name\" value=\"\" type=\"text\" name=\"your-name\" \/><\/span><span class=\"wpcf7-form-control-wrap\" data-name=\"your-email\"><input size=\"40\" class=\"wpcf7-form-control wpcf7-text wpcf7-email wpcf7-validates-as-required wpcf7-validates-as-email\" aria-required=\"true\" aria-invalid=\"false\" placeholder=\"Email address\" value=\"\" type=\"email\" name=\"your-email\" \/><\/span><span class=\"wpcf7-form-control-wrap\" data-name=\"date\"><input class=\"wpcf7-form-control wpcf7-date wpcf7-validates-as-date\" aria-invalid=\"false\" placeholder=\"Appointment Date\" value=\"\" type=\"date\" name=\"date\" \/><\/span>\n\t\t<\/p>\n\t<\/div>\n\t<div class=\"half-column half-column-right\">\n\t\t<p><span class=\"wpcf7-form-control-wrap\" data-name=\"your-message\"><textarea cols=\"40\" rows=\"10\" class=\"wpcf7-form-control wpcf7-textarea\" aria-invalid=\"false\" placeholder=\"Message\" name=\"your-message\"><\/textarea><\/span>\n\t\t<\/p>\n\t<\/div>\n<\/div>\n<p><input class=\"wpcf7-form-control has-spinner wpcf7-submit\" type=\"submit\" value=\"Make an Appointment\" \/>\n<\/p><div class=\"wpcf7-response-output\" aria-hidden=\"true\"><\/div>\n<\/form>\n<\/div>\n[\/vc_column][vc_column width=&#8221;1\/6&#8243;][\/vc_column][\/vc_row]<\/p>\n<\/section>","protected":false},"excerpt":{"rendered":"<p>[vc_row full_width=&#8221;stretch_row&#8221;][vc_column][\/vc_column][\/vc_row][vc_row full_width=&#8221;stretch_row&#8221; tlg_background_style=&#8221;bg-secondary&#8221; css=&#8221;.vc_custom_1476177837285{background-color: #eaeaea !important;}&#8221;][vc_column][\/vc_column][\/vc_row][vc_row][vc_column][\/vc_column][\/vc_row][vc_row tlg_background_style=&#8221;bg-dark&#8221; tlg_text_align=&#8221;text-center&#8221; css=&#8221;.vc_custom_1476114299157{background-image: url(http:\/\/demo.themelogi.com\/wanium\/wp-content\/uploads_dummy\/2016\/10\/hair-and-styling.jpg?id=4733) !important;}&#8221;][vc_column][vc_row_inner][vc_column_inner width=&#8221;1\/3&#8243;][\/vc_column_inner][vc_column_inner width=&#8221;1\/3&#8243;][vc_column_text css_animation=&#8221;bottom-to-top&#8221;]Monday, 8am&#8230;<\/p>\n","protected":false},"author":1,"featured_media":0,"parent":2013,"menu_order":0,"comment_status":"closed","ping_status":"closed","template":"","meta":{"footnotes":""},"class_list":["post-2047","page","type-page","status-publish","hentry"],"yoast_head":"<!-- This site is optimized with the Yoast SEO plugin v20.4 - https:\/\/yoast.com\/wordpress\/plugins\/seo\/ -->\n<title>Barber - LiftArt Merdiven Asans\u00f6r\u00fc<\/title>\n<meta name=\"robots\" content=\"index, follow, max-snippet:-1, max-image-preview:large, max-video-preview:-1\" \/>\n<link rel=\"canonical\" href=\"https:\/\/www.liftart.org\/en\/home\/barber\/\" \/>\n<meta property=\"og:locale\" content=\"en_US\" \/>\n<meta property=\"og:type\" content=\"article\" \/>\n<meta property=\"og:title\" content=\"Barber - LiftArt Merdiven Asans\u00f6r\u00fc\" \/>\n<meta property=\"og:description\" content=\"[vc_row full_width=&#8221;stretch_row&#8221;][vc_column][\/vc_column][\/vc_row][vc_row full_width=&#8221;stretch_row&#8221; tlg_background_style=&#8221;bg-secondary&#8221; css=&#8221;.vc_custom_1476177837285{background-color: #eaeaea !important;}&#8221;][vc_column][\/vc_column][\/vc_row][vc_row][vc_column][\/vc_column][\/vc_row][vc_row tlg_background_style=&#8221;bg-dark&#8221; tlg_text_align=&#8221;text-center&#8221; css=&#8221;.vc_custom_1476114299157{background-image: url(http:\/\/demo.themelogi.com\/wanium\/wp-content\/uploads_dummy\/2016\/10\/hair-and-styling.jpg?id=4733) !important;}&#8221;][vc_column][vc_row_inner][vc_column_inner width=&#8221;1\/3&#8243;][\/vc_column_inner][vc_column_inner width=&#8221;1\/3&#8243;][vc_column_text css_animation=&#8221;bottom-to-top&#8221;]Monday, 8am...\" \/>\n<meta property=\"og:url\" content=\"https:\/\/www.liftart.org\/en\/home\/barber\/\" \/>\n<meta property=\"og:site_name\" content=\"LiftArt Merdiven Asans\u00f6r\u00fc\" \/>\n<meta property=\"article:publisher\" content=\"https:\/\/www.facebook.com\/liftartasansor\" \/>\n<meta name=\"twitter:card\" content=\"summary_large_image\" \/>\n<meta name=\"twitter:site\" content=\"@liftartasansor\" \/>\n<meta name=\"twitter:label1\" content=\"Est. reading time\" \/>\n\t<meta name=\"twitter:data1\" content=\"4 minutes\" \/>\n<script type=\"application\/ld+json\" class=\"yoast-schema-graph\">{\"@context\":\"https:\/\/schema.org\",\"@graph\":[{\"@type\":\"WebPage\",\"@id\":\"https:\/\/www.liftart.org\/en\/home\/barber\/\",\"url\":\"https:\/\/www.liftart.org\/en\/home\/barber\/\",\"name\":\"Barber - LiftArt Merdiven Asans\u00f6r\u00fc\",\"isPartOf\":{\"@id\":\"https:\/\/www.liftart.org\/en\/#website\"},\"datePublished\":\"2016-02-23T14:27:14+00:00\",\"dateModified\":\"2016-02-23T14:27:14+00:00\",\"breadcrumb\":{\"@id\":\"https:\/\/www.liftart.org\/en\/home\/barber\/#breadcrumb\"},\"inLanguage\":\"en-US\",\"potentialAction\":[{\"@type\":\"ReadAction\",\"target\":[[\"https:\/\/www.liftart.org\/en\/home\/barber\/\"]]}]},{\"@type\":\"BreadcrumbList\",\"@id\":\"https:\/\/www.liftart.org\/en\/home\/barber\/#breadcrumb\",\"itemListElement\":[{\"@type\":\"ListItem\",\"position\":1,\"name\":\"Anasayfa\",\"item\":\"https:\/\/www.liftart.org\/en\/\"},{\"@type\":\"ListItem\",\"position\":2,\"name\":\"Home\",\"item\":\"https:\/\/www.liftart.org\/en\/home\/\"},{\"@type\":\"ListItem\",\"position\":3,\"name\":\"Barber\"}]},{\"@type\":\"WebSite\",\"@id\":\"https:\/\/www.liftart.org\/en\/#website\",\"url\":\"https:\/\/www.liftart.org\/en\/\",\"name\":\"LiftArt Merdiven Asans\u00f6r\u00fc\",\"description\":\"Engelli Asans\u00f6r\u00fc, Ev Asans\u00f6r\u00fc\",\"publisher\":{\"@id\":\"https:\/\/www.liftart.org\/en\/#organization\"},\"potentialAction\":[{\"@type\":\"SearchAction\",\"target\":{\"@type\":\"EntryPoint\",\"urlTemplate\":\"https:\/\/www.liftart.org\/en\/?s={search_term_string}\"},\"query-input\":\"required name=search_term_string\"}],\"inLanguage\":\"en-US\"},{\"@type\":\"Organization\",\"@id\":\"https:\/\/www.liftart.org\/en\/#organization\",\"name\":\"LiftArt Merdiven Asans\u00f6r\u00fc\",\"url\":\"https:\/\/www.liftart.org\/en\/\",\"logo\":{\"@type\":\"ImageObject\",\"inLanguage\":\"en-US\",\"@id\":\"https:\/\/www.liftart.org\/en\/#\/schema\/logo\/image\/\",\"url\":\"http:\/\/www.liftart.org\/wp-content\/uploads\/2023\/03\/cropped-cropped-LiftArt-2020-Logo-300x100-1-1-1.png\",\"contentUrl\":\"http:\/\/www.liftart.org\/wp-content\/uploads\/2023\/03\/cropped-cropped-LiftArt-2020-Logo-300x100-1-1-1.png\",\"width\":300,\"height\":100,\"caption\":\"LiftArt Merdiven Asans\u00f6r\u00fc\"},\"image\":{\"@id\":\"https:\/\/www.liftart.org\/en\/#\/schema\/logo\/image\/\"},\"sameAs\":[\"https:\/\/www.facebook.com\/liftartasansor\",\"https:\/\/twitter.com\/liftartasansor\",\"https:\/\/www.instagram.com\/liftartasansor\/\",\"https:\/\/www.youtube.com\/channel\/UCKV9dKwP-Lz7LNNdvZDIoLg\"]}]}<\/script>\n<!-- \/ Yoast SEO plugin. -->","yoast_head_json":{"title":"Barber - LiftArt Merdiven Asans\u00f6r\u00fc","robots":{"index":"index","follow":"follow","max-snippet":"max-snippet:-1","max-image-preview":"max-image-preview:large","max-video-preview":"max-video-preview:-1"},"canonical":"https:\/\/www.liftart.org\/en\/home\/barber\/","og_locale":"en_US","og_type":"article","og_title":"Barber - LiftArt Merdiven Asans\u00f6r\u00fc","og_description":"[vc_row full_width=&#8221;stretch_row&#8221;][vc_column][\/vc_column][\/vc_row][vc_row full_width=&#8221;stretch_row&#8221; tlg_background_style=&#8221;bg-secondary&#8221; css=&#8221;.vc_custom_1476177837285{background-color: #eaeaea !important;}&#8221;][vc_column][\/vc_column][\/vc_row][vc_row][vc_column][\/vc_column][\/vc_row][vc_row tlg_background_style=&#8221;bg-dark&#8221; tlg_text_align=&#8221;text-center&#8221; css=&#8221;.vc_custom_1476114299157{background-image: url(http:\/\/demo.themelogi.com\/wanium\/wp-content\/uploads_dummy\/2016\/10\/hair-and-styling.jpg?id=4733) !important;}&#8221;][vc_column][vc_row_inner][vc_column_inner width=&#8221;1\/3&#8243;][\/vc_column_inner][vc_column_inner width=&#8221;1\/3&#8243;][vc_column_text css_animation=&#8221;bottom-to-top&#8221;]Monday, 8am...","og_url":"https:\/\/www.liftart.org\/en\/home\/barber\/","og_site_name":"LiftArt Merdiven Asans\u00f6r\u00fc","article_publisher":"https:\/\/www.facebook.com\/liftartasansor","twitter_card":"summary_large_image","twitter_site":"@liftartasansor","twitter_misc":{"Est. reading time":"4 minutes"},"schema":{"@context":"https:\/\/schema.org","@graph":[{"@type":"WebPage","@id":"https:\/\/www.liftart.org\/en\/home\/barber\/","url":"https:\/\/www.liftart.org\/en\/home\/barber\/","name":"Barber - LiftArt Merdiven Asans\u00f6r\u00fc","isPartOf":{"@id":"https:\/\/www.liftart.org\/en\/#website"},"datePublished":"2016-02-23T14:27:14+00:00","dateModified":"2016-02-23T14:27:14+00:00","breadcrumb":{"@id":"https:\/\/www.liftart.org\/en\/home\/barber\/#breadcrumb"},"inLanguage":"en-US","potentialAction":[{"@type":"ReadAction","target":[["https:\/\/www.liftart.org\/en\/home\/barber\/"]]}]},{"@type":"BreadcrumbList","@id":"https:\/\/www.liftart.org\/en\/home\/barber\/#breadcrumb","itemListElement":[{"@type":"ListItem","position":1,"name":"Anasayfa","item":"https:\/\/www.liftart.org\/en\/"},{"@type":"ListItem","position":2,"name":"Home","item":"https:\/\/www.liftart.org\/en\/home\/"},{"@type":"ListItem","position":3,"name":"Barber"}]},{"@type":"WebSite","@id":"https:\/\/www.liftart.org\/en\/#website","url":"https:\/\/www.liftart.org\/en\/","name":"LiftArt Merdiven Asans\u00f6r\u00fc","description":"Engelli Asans\u00f6r\u00fc, Ev Asans\u00f6r\u00fc","publisher":{"@id":"https:\/\/www.liftart.org\/en\/#organization"},"potentialAction":[{"@type":"SearchAction","target":{"@type":"EntryPoint","urlTemplate":"https:\/\/www.liftart.org\/en\/?s={search_term_string}"},"query-input":"required name=search_term_string"}],"inLanguage":"en-US"},{"@type":"Organization","@id":"https:\/\/www.liftart.org\/en\/#organization","name":"LiftArt Merdiven Asans\u00f6r\u00fc","url":"https:\/\/www.liftart.org\/en\/","logo":{"@type":"ImageObject","inLanguage":"en-US","@id":"https:\/\/www.liftart.org\/en\/#\/schema\/logo\/image\/","url":"http:\/\/www.liftart.org\/wp-content\/uploads\/2023\/03\/cropped-cropped-LiftArt-2020-Logo-300x100-1-1-1.png","contentUrl":"http:\/\/www.liftart.org\/wp-content\/uploads\/2023\/03\/cropped-cropped-LiftArt-2020-Logo-300x100-1-1-1.png","width":300,"height":100,"caption":"LiftArt Merdiven Asans\u00f6r\u00fc"},"image":{"@id":"https:\/\/www.liftart.org\/en\/#\/schema\/logo\/image\/"},"sameAs":["https:\/\/www.facebook.com\/liftartasansor","https:\/\/twitter.com\/liftartasansor","https:\/\/www.instagram.com\/liftartasansor\/","https:\/\/www.youtube.com\/channel\/UCKV9dKwP-Lz7LNNdvZDIoLg"]}]}},"_links":{"self":[{"href":"https:\/\/www.liftart.org\/en\/wp-json\/wp\/v2\/pages\/2047","targetHints":{"allow":["GET"]}}],"collection":[{"href":"https:\/\/www.liftart.org\/en\/wp-json\/wp\/v2\/pages"}],"about":[{"href":"https:\/\/www.liftart.org\/en\/wp-json\/wp\/v2\/types\/page"}],"author":[{"embeddable":true,"href":"https:\/\/www.liftart.org\/en\/wp-json\/wp\/v2\/users\/1"}],"replies":[{"embeddable":true,"href":"https:\/\/www.liftart.org\/en\/wp-json\/wp\/v2\/comments?post=2047"}],"version-history":[{"count":0,"href":"https:\/\/www.liftart.org\/en\/wp-json\/wp\/v2\/pages\/2047\/revisions"}],"up":[{"embeddable":true,"href":"https:\/\/www.liftart.org\/en\/wp-json\/wp\/v2\/pages\/2013"}],"wp:attachment":[{"href":"https:\/\/www.liftart.org\/en\/wp-json\/wp\/v2\/media?parent=2047"}],"curies":[{"name":"wp","href":"https:\/\/api.w.org\/{rel}","templated":true}]}}