{"id":301,"date":"2015-12-09T11:00:07","date_gmt":"2015-12-09T11:00:07","guid":{"rendered":"http:\/\/demo.themelogi.com\/wanium\/?page_id=301"},"modified":"2015-12-09T11:00:07","modified_gmt":"2015-12-09T11:00:07","slug":"heading-titles","status":"publish","type":"page","link":"https:\/\/www.liftart.org\/en\/heading-titles\/","title":{"rendered":"Heading titles"},"content":{"rendered":"<section class=\"wpb-content-wrapper\"><p>[vc_row css=&#8221;.vc_custom_1470900451849{padding-top: 10% !important;}&#8221;][vc_column width=&#8221;1\/3&#8243;]<div class=\"headings-title \"><div class=\"mb16 mb16 mb-xs-40 text-left\"><h5  class=\"widgettitle mb10\">Left heading<\/h5><\/div><\/div>[vc_column_text]We have the expertise to create just the right web presence for you, which will be up to date to the latest web standards.[\/vc_column_text][\/vc_column][vc_column width=&#8221;1\/3&#8243;]<div class=\"headings-title \"><div class=\"mb16 mb16 mb-xs-40 text-center\"><h5  class=\"widgettitle mb10\">Center heading<\/h5><\/div><\/div>[vc_column_text]<\/p>\n<p style=\"text-align: center;\">We have the expertise to create just the right web presence for you, which will be up to date to the latest web standards.<\/p>\n<p>[\/vc_column_text][\/vc_column][vc_column width=&#8221;1\/3&#8243;]<div class=\"headings-title \"><div class=\"mb16 mb16 mb-xs-40 text-right\"><h5  class=\"widgettitle mb10\">Right heading<\/h5><\/div><\/div>[vc_column_text]<\/p>\n<p style=\"text-align: right;\">We have the expertise to create just the right web presence for you, which will be up to date to the latest web standards.<\/p>\n<p>[\/vc_column_text][\/vc_column][\/vc_row][vc_row css=&#8221;.vc_custom_1474888655931{padding-bottom: 10% !important;}&#8221;][vc_column width=&#8221;1\/3&#8243;]<div class=\"headings-title \"><div class=\"mb16  mb-xs-40 text-center\"><h5 style=\"color:#6abaf7!important;\" class=\"widgettitle \">Heading title<\/h5><div class=\"divider-wrap\"><i style=\"color:#6abaf7!important;\" class=\"ti-check\"><\/i><div  class=\"tlg-divider\"><\/div><\/div><div  class=\"widgetsubtitle\">Good subtitle<\/div><\/div><\/div>[vc_column_text]<\/p>\n<p style=\"text-align: center;\">We have the expertise to create just the right web presence for you, which will be up to date to the latest web standards.<\/p>\n<p>[\/vc_column_text][\/vc_column][vc_column width=&#8221;1\/3&#8243;]<div class=\"headings-title \"><div class=\"mb16  mb-xs-40 text-center\"><h5 style=\"color:#3897f0!important;\" class=\"widgettitle \">Heading title<\/h5><div class=\"divider-wrap\"><i style=\"color:#3897f0!important;\" class=\"ti-infinite\"><\/i><div  class=\"tlg-divider\"><\/div><\/div><div  class=\"widgetsubtitle\">Good subtitle<\/div><\/div><\/div>[vc_column_text]<\/p>\n<p style=\"text-align: center;\">We have the expertise to create just the right web presence for you, which will be up to date to the latest web standards.<\/p>\n<p>[\/vc_column_text][\/vc_column][vc_column width=&#8221;1\/3&#8243;]<div class=\"headings-title \"><div class=\"mb16  mb-xs-40 text-center\"><h5 style=\"color:#f05660!important;\" class=\"widgettitle \">Heading title<\/h5><div class=\"divider-wrap\"><i style=\"color:#f05660!important;\" class=\"ti-heart\"><\/i><div  class=\"tlg-divider\"><\/div><\/div><div  class=\"widgetsubtitle\">Good subtitle<\/div><\/div><\/div>[vc_column_text]<\/p>\n<p style=\"text-align: center;\">We have the expertise to create just the right web presence for you, which will be up to date to the latest web standards.<\/p>\n<p>[\/vc_column_text][\/vc_column][\/vc_row]<\/p>\n<\/section>","protected":false},"excerpt":{"rendered":"<p>[vc_row css=&#8221;.vc_custom_1470900451849{padding-top: 10% !important;}&#8221;][vc_column width=&#8221;1\/3&#8243;][vc_column_text]We have the expertise to create just the right web presence for&#8230;<\/p>\n","protected":false},"author":1,"featured_media":0,"parent":0,"menu_order":0,"comment_status":"closed","ping_status":"closed","template":"","meta":{"footnotes":""},"class_list":["post-301","page","type-page","status-publish","hentry"],"yoast_head":"<!-- This site is optimized with the Yoast SEO plugin v20.4 - https:\/\/yoast.com\/wordpress\/plugins\/seo\/ -->\n<title>Heading titles - LiftArt Merdiven Asans\u00f6r\u00fc<\/title>\n<meta name=\"robots\" content=\"index, follow, max-snippet:-1, max-image-preview:large, max-video-preview:-1\" \/>\n<link rel=\"canonical\" href=\"https:\/\/www.liftart.org\/en\/heading-titles\/\" \/>\n<meta property=\"og:locale\" content=\"en_US\" \/>\n<meta property=\"og:type\" content=\"article\" \/>\n<meta property=\"og:title\" content=\"Heading titles - LiftArt Merdiven Asans\u00f6r\u00fc\" \/>\n<meta property=\"og:description\" content=\"[vc_row css=&#8221;.vc_custom_1470900451849{padding-top: 10% !important;}&#8221;][vc_column width=&#8221;1\/3&#8243;][vc_column_text]We have the expertise to create just the right web presence for...\" \/>\n<meta property=\"og:url\" content=\"https:\/\/www.liftart.org\/en\/heading-titles\/\" \/>\n<meta property=\"og:site_name\" content=\"LiftArt Merdiven Asans\u00f6r\u00fc\" \/>\n<meta property=\"article:publisher\" content=\"https:\/\/www.facebook.com\/liftartasansor\" \/>\n<meta name=\"twitter:card\" content=\"summary_large_image\" \/>\n<meta name=\"twitter:site\" content=\"@liftartasansor\" \/>\n<meta name=\"twitter:label1\" content=\"Est. reading time\" \/>\n\t<meta name=\"twitter:data1\" content=\"2 minutes\" \/>\n<script type=\"application\/ld+json\" class=\"yoast-schema-graph\">{\"@context\":\"https:\/\/schema.org\",\"@graph\":[{\"@type\":\"WebPage\",\"@id\":\"https:\/\/www.liftart.org\/en\/heading-titles\/\",\"url\":\"https:\/\/www.liftart.org\/en\/heading-titles\/\",\"name\":\"Heading titles - LiftArt Merdiven Asans\u00f6r\u00fc\",\"isPartOf\":{\"@id\":\"https:\/\/www.liftart.org\/en\/#website\"},\"datePublished\":\"2015-12-09T11:00:07+00:00\",\"dateModified\":\"2015-12-09T11:00:07+00:00\",\"breadcrumb\":{\"@id\":\"https:\/\/www.liftart.org\/en\/heading-titles\/#breadcrumb\"},\"inLanguage\":\"en-US\",\"potentialAction\":[{\"@type\":\"ReadAction\",\"target\":[[\"https:\/\/www.liftart.org\/en\/heading-titles\/\"]]}]},{\"@type\":\"BreadcrumbList\",\"@id\":\"https:\/\/www.liftart.org\/en\/heading-titles\/#breadcrumb\",\"itemListElement\":[{\"@type\":\"ListItem\",\"position\":1,\"name\":\"Anasayfa\",\"item\":\"https:\/\/www.liftart.org\/en\/\"},{\"@type\":\"ListItem\",\"position\":2,\"name\":\"Heading titles\"}]},{\"@type\":\"WebSite\",\"@id\":\"https:\/\/www.liftart.org\/en\/#website\",\"url\":\"https:\/\/www.liftart.org\/en\/\",\"name\":\"LiftArt Merdiven Asans\u00f6r\u00fc\",\"description\":\"Engelli Asans\u00f6r\u00fc, Ev Asans\u00f6r\u00fc\",\"publisher\":{\"@id\":\"https:\/\/www.liftart.org\/en\/#organization\"},\"potentialAction\":[{\"@type\":\"SearchAction\",\"target\":{\"@type\":\"EntryPoint\",\"urlTemplate\":\"https:\/\/www.liftart.org\/en\/?s={search_term_string}\"},\"query-input\":\"required name=search_term_string\"}],\"inLanguage\":\"en-US\"},{\"@type\":\"Organization\",\"@id\":\"https:\/\/www.liftart.org\/en\/#organization\",\"name\":\"LiftArt Merdiven Asans\u00f6r\u00fc\",\"url\":\"https:\/\/www.liftart.org\/en\/\",\"logo\":{\"@type\":\"ImageObject\",\"inLanguage\":\"en-US\",\"@id\":\"https:\/\/www.liftart.org\/en\/#\/schema\/logo\/image\/\",\"url\":\"http:\/\/www.liftart.org\/wp-content\/uploads\/2023\/03\/cropped-cropped-LiftArt-2020-Logo-300x100-1-1-1.png\",\"contentUrl\":\"http:\/\/www.liftart.org\/wp-content\/uploads\/2023\/03\/cropped-cropped-LiftArt-2020-Logo-300x100-1-1-1.png\",\"width\":300,\"height\":100,\"caption\":\"LiftArt Merdiven Asans\u00f6r\u00fc\"},\"image\":{\"@id\":\"https:\/\/www.liftart.org\/en\/#\/schema\/logo\/image\/\"},\"sameAs\":[\"https:\/\/www.facebook.com\/liftartasansor\",\"https:\/\/twitter.com\/liftartasansor\",\"https:\/\/www.instagram.com\/liftartasansor\/\",\"https:\/\/www.youtube.com\/channel\/UCKV9dKwP-Lz7LNNdvZDIoLg\"]}]}<\/script>\n<!-- \/ Yoast SEO plugin. -->","yoast_head_json":{"title":"Heading titles - LiftArt Merdiven Asans\u00f6r\u00fc","robots":{"index":"index","follow":"follow","max-snippet":"max-snippet:-1","max-image-preview":"max-image-preview:large","max-video-preview":"max-video-preview:-1"},"canonical":"https:\/\/www.liftart.org\/en\/heading-titles\/","og_locale":"en_US","og_type":"article","og_title":"Heading titles - LiftArt Merdiven Asans\u00f6r\u00fc","og_description":"[vc_row css=&#8221;.vc_custom_1470900451849{padding-top: 10% !important;}&#8221;][vc_column width=&#8221;1\/3&#8243;][vc_column_text]We have the expertise to create just the right web presence for...","og_url":"https:\/\/www.liftart.org\/en\/heading-titles\/","og_site_name":"LiftArt Merdiven Asans\u00f6r\u00fc","article_publisher":"https:\/\/www.facebook.com\/liftartasansor","twitter_card":"summary_large_image","twitter_site":"@liftartasansor","twitter_misc":{"Est. reading time":"2 minutes"},"schema":{"@context":"https:\/\/schema.org","@graph":[{"@type":"WebPage","@id":"https:\/\/www.liftart.org\/en\/heading-titles\/","url":"https:\/\/www.liftart.org\/en\/heading-titles\/","name":"Heading titles - LiftArt Merdiven Asans\u00f6r\u00fc","isPartOf":{"@id":"https:\/\/www.liftart.org\/en\/#website"},"datePublished":"2015-12-09T11:00:07+00:00","dateModified":"2015-12-09T11:00:07+00:00","breadcrumb":{"@id":"https:\/\/www.liftart.org\/en\/heading-titles\/#breadcrumb"},"inLanguage":"en-US","potentialAction":[{"@type":"ReadAction","target":[["https:\/\/www.liftart.org\/en\/heading-titles\/"]]}]},{"@type":"BreadcrumbList","@id":"https:\/\/www.liftart.org\/en\/heading-titles\/#breadcrumb","itemListElement":[{"@type":"ListItem","position":1,"name":"Anasayfa","item":"https:\/\/www.liftart.org\/en\/"},{"@type":"ListItem","position":2,"name":"Heading titles"}]},{"@type":"WebSite","@id":"https:\/\/www.liftart.org\/en\/#website","url":"https:\/\/www.liftart.org\/en\/","name":"LiftArt Merdiven Asans\u00f6r\u00fc","description":"Engelli Asans\u00f6r\u00fc, Ev Asans\u00f6r\u00fc","publisher":{"@id":"https:\/\/www.liftart.org\/en\/#organization"},"potentialAction":[{"@type":"SearchAction","target":{"@type":"EntryPoint","urlTemplate":"https:\/\/www.liftart.org\/en\/?s={search_term_string}"},"query-input":"required name=search_term_string"}],"inLanguage":"en-US"},{"@type":"Organization","@id":"https:\/\/www.liftart.org\/en\/#organization","name":"LiftArt Merdiven Asans\u00f6r\u00fc","url":"https:\/\/www.liftart.org\/en\/","logo":{"@type":"ImageObject","inLanguage":"en-US","@id":"https:\/\/www.liftart.org\/en\/#\/schema\/logo\/image\/","url":"http:\/\/www.liftart.org\/wp-content\/uploads\/2023\/03\/cropped-cropped-LiftArt-2020-Logo-300x100-1-1-1.png","contentUrl":"http:\/\/www.liftart.org\/wp-content\/uploads\/2023\/03\/cropped-cropped-LiftArt-2020-Logo-300x100-1-1-1.png","width":300,"height":100,"caption":"LiftArt Merdiven Asans\u00f6r\u00fc"},"image":{"@id":"https:\/\/www.liftart.org\/en\/#\/schema\/logo\/image\/"},"sameAs":["https:\/\/www.facebook.com\/liftartasansor","https:\/\/twitter.com\/liftartasansor","https:\/\/www.instagram.com\/liftartasansor\/","https:\/\/www.youtube.com\/channel\/UCKV9dKwP-Lz7LNNdvZDIoLg"]}]}},"_links":{"self":[{"href":"https:\/\/www.liftart.org\/en\/wp-json\/wp\/v2\/pages\/301","targetHints":{"allow":["GET"]}}],"collection":[{"href":"https:\/\/www.liftart.org\/en\/wp-json\/wp\/v2\/pages"}],"about":[{"href":"https:\/\/www.liftart.org\/en\/wp-json\/wp\/v2\/types\/page"}],"author":[{"embeddable":true,"href":"https:\/\/www.liftart.org\/en\/wp-json\/wp\/v2\/users\/1"}],"replies":[{"embeddable":true,"href":"https:\/\/www.liftart.org\/en\/wp-json\/wp\/v2\/comments?post=301"}],"version-history":[{"count":0,"href":"https:\/\/www.liftart.org\/en\/wp-json\/wp\/v2\/pages\/301\/revisions"}],"wp:attachment":[{"href":"https:\/\/www.liftart.org\/en\/wp-json\/wp\/v2\/media?parent=301"}],"curies":[{"name":"wp","href":"https:\/\/api.w.org\/{rel}","templated":true}]}}