{"id":611,"date":"2015-12-29T02:04:47","date_gmt":"2015-12-29T02:04:47","guid":{"rendered":"http:\/\/demo.themelogi.com\/wanium\/?page_id=611"},"modified":"2015-12-29T02:04:47","modified_gmt":"2015-12-29T02:04:47","slug":"countdown","status":"publish","type":"page","link":"https:\/\/www.liftart.org\/en\/countdown\/","title":{"rendered":"Countdown"},"content":{"rendered":"<section class=\"wpb-content-wrapper\"><p>[vc_row tlg_background_style=&#8221;bg-dark&#8221;][vc_column]<div class=\"tlg-spacer \" data-height=\"35\" data-height-tablet=\"35\" data-height-mobile=\"35\" style=\"clear:both;display:block;height:35px;\"><\/div><div class=\"headings-title \"><div class=\"mb72 mb16 mb-xs-40 text-center\"><h5  class=\"widgettitle mb10\">Time Remaining<\/h5><\/div><\/div><div  class=\"countdown-legacy cd-legacy text-center\" data-date=\"2019\/09\/20 17:00\" data-week=\"weeks\" data-day=\"days\" data-hour=\"hr\" data-minute=\"min\" data-second=\"sec\" ><\/div><div class=\"tlg-spacer \" data-height=\"35\" data-height-tablet=\"35\" data-height-mobile=\"35\" style=\"clear:both;display:block;height:35px;\"><\/div>[\/vc_column][\/vc_row][vc_row tlg_background_style=&#8221;bg-primary&#8221;][vc_column]<div class=\"tlg-spacer \" data-height=\"35\" data-height-tablet=\"35\" data-height-mobile=\"35\" style=\"clear:both;display:block;height:35px;\"><\/div><div class=\"headings-title \"><div class=\"mb72 mb16 mb-xs-40 text-center\"><h5  class=\"widgettitle mb10\">Time Remaining<\/h5><\/div><\/div><div  class=\"countdown-legacy cd-legacy-3 text-center\" data-date=\"2019\/09\/20 17:00\" data-week=\"weeks\" data-day=\"days\" data-hour=\"hr\" data-minute=\"min\" data-second=\"sec\" ><\/div><div class=\"tlg-spacer \" data-height=\"35\" data-height-tablet=\"35\" data-height-mobile=\"35\" style=\"clear:both;display:block;height:35px;\"><\/div>[\/vc_column][\/vc_row][vc_row tlg_enable_overlay=&#8221;yes&#8221; css=&#8221;.vc_custom_1475057977528{background-image: url(http:\/\/demo.themelogi.com\/wanium\/wp-content\/uploads_dummy\/2016\/09\/chairgirl.jpg?id=4547) !important;}&#8221; tlg_bg_overlay=&#8221;#000000&#8243; tlg_bg_overlay_value=&#8221;0&#8243;][vc_column]<div class=\"tlg-spacer \" data-height=\"35\" data-height-tablet=\"35\" data-height-mobile=\"35\" style=\"clear:both;display:block;height:35px;\"><\/div><div class=\"headings-title \"><div class=\"mb72 mb16 mb-xs-40 text-center\"><h5  class=\"widgettitle mb10\">Time Remaining<\/h5><\/div><\/div><div  class=\"countdown-legacy cd-legacy-2 text-center\" data-date=\"2019\/09\/20 17:00\" data-week=\"weeks\" data-day=\"days\" data-hour=\"hr\" data-minute=\"min\" data-second=\"sec\" ><\/div><div class=\"tlg-spacer \" data-height=\"35\" data-height-tablet=\"35\" data-height-mobile=\"35\" style=\"clear:both;display:block;height:35px;\"><\/div>[\/vc_column][\/vc_row][vc_row tlg_background_style=&#8221;bg-dark&#8221; tlg_white_color=&#8221;color-white&#8221; tlg_enable_overlay=&#8221;yes&#8221; css=&#8221;.vc_custom_1475058263747{background-image: url(http:\/\/demo.themelogi.com\/wanium\/wp-content\/uploads_dummy\/2016\/09\/cheergroup.jpg?id=4546) !important;}&#8221; tlg_bg_overlay=&#8221;#6534ff&#8221; tlg_bg_overlay_value=&#8221;8.5&#8243; tlg_bg_gradient_color=&#8221;#fccdd3&#8243;][vc_column]<div class=\"tlg-spacer \" data-height=\"35\" data-height-tablet=\"35\" data-height-mobile=\"35\" style=\"clear:both;display:block;height:35px;\"><\/div><div class=\"headings-title \"><div class=\"mb72 mb16 mb-xs-40 text-center\"><h5  class=\"widgettitle mb10\">Time Remaining<\/h5><\/div><\/div><div  class=\"countdown-legacy cd-legacy-2 text-center\" data-date=\"2019\/09\/20 17:00\" data-week=\"weeks\" data-day=\"days\" data-hour=\"hr\" data-minute=\"min\" data-second=\"sec\" ><\/div><div class=\"tlg-spacer \" data-height=\"35\" data-height-tablet=\"35\" data-height-mobile=\"35\" style=\"clear:both;display:block;height:35px;\"><\/div>[\/vc_column][\/vc_row]<\/p>\n<\/section>","protected":false},"excerpt":{"rendered":"<p>[vc_row tlg_background_style=&#8221;bg-dark&#8221;][vc_column][\/vc_column][\/vc_row][vc_row tlg_background_style=&#8221;bg-primary&#8221;][vc_column][\/vc_column][\/vc_row][vc_row tlg_enable_overlay=&#8221;yes&#8221; css=&#8221;.vc_custom_1475057977528{background-image: url(http:\/\/demo.themelogi.com\/wanium\/wp-content\/uploads_dummy\/2016\/09\/chairgirl.jpg?id=4547) !important;}&#8221; tlg_bg_overlay=&#8221;#000000&#8243; tlg_bg_overlay_value=&#8221;0&#8243;][vc_column][\/vc_column][\/vc_row][vc_row tlg_background_style=&#8221;bg-dark&#8221; tlg_white_color=&#8221;color-white&#8221; tlg_enable_overlay=&#8221;yes&#8221; css=&#8221;.vc_custom_1475058263747{background-image: url(http:\/\/demo.themelogi.com\/wanium\/wp-content\/uploads_dummy\/2016\/09\/cheergroup.jpg?id=4546) !important;}&#8221; tlg_bg_overlay=&#8221;#6534ff&#8221;&#8230;<\/p>\n","protected":false},"author":1,"featured_media":0,"parent":0,"menu_order":0,"comment_status":"closed","ping_status":"closed","template":"","meta":{"footnotes":""},"class_list":["post-611","page","type-page","status-publish","hentry"],"yoast_head":"<!-- This site is optimized with the Yoast SEO plugin v20.4 - https:\/\/yoast.com\/wordpress\/plugins\/seo\/ -->\n<title>Countdown - LiftArt Merdiven Asans\u00f6r\u00fc<\/title>\n<meta name=\"robots\" content=\"index, follow, max-snippet:-1, max-image-preview:large, max-video-preview:-1\" \/>\n<link rel=\"canonical\" href=\"https:\/\/www.liftart.org\/en\/countdown\/\" \/>\n<meta property=\"og:locale\" content=\"en_US\" \/>\n<meta property=\"og:type\" content=\"article\" \/>\n<meta property=\"og:title\" content=\"Countdown - LiftArt Merdiven Asans\u00f6r\u00fc\" \/>\n<meta property=\"og:description\" content=\"[vc_row tlg_background_style=&#8221;bg-dark&#8221;][vc_column][\/vc_column][\/vc_row][vc_row tlg_background_style=&#8221;bg-primary&#8221;][vc_column][\/vc_column][\/vc_row][vc_row tlg_enable_overlay=&#8221;yes&#8221; css=&#8221;.vc_custom_1475057977528{background-image: url(http:\/\/demo.themelogi.com\/wanium\/wp-content\/uploads_dummy\/2016\/09\/chairgirl.jpg?id=4547) !important;}&#8221; tlg_bg_overlay=&#8221;#000000&#8243; tlg_bg_overlay_value=&#8221;0&#8243;][vc_column][\/vc_column][\/vc_row][vc_row tlg_background_style=&#8221;bg-dark&#8221; tlg_white_color=&#8221;color-white&#8221; tlg_enable_overlay=&#8221;yes&#8221; css=&#8221;.vc_custom_1475058263747{background-image: url(http:\/\/demo.themelogi.com\/wanium\/wp-content\/uploads_dummy\/2016\/09\/cheergroup.jpg?id=4546) !important;}&#8221; tlg_bg_overlay=&#8221;#6534ff&#8221;...\" \/>\n<meta property=\"og:url\" content=\"https:\/\/www.liftart.org\/en\/countdown\/\" \/>\n<meta property=\"og:site_name\" content=\"LiftArt Merdiven Asans\u00f6r\u00fc\" \/>\n<meta property=\"article:publisher\" content=\"https:\/\/www.facebook.com\/liftartasansor\" \/>\n<meta name=\"twitter:card\" content=\"summary_large_image\" \/>\n<meta name=\"twitter:site\" content=\"@liftartasansor\" \/>\n<meta name=\"twitter:label1\" content=\"Est. reading time\" \/>\n\t<meta name=\"twitter:data1\" content=\"1 minute\" \/>\n<script type=\"application\/ld+json\" class=\"yoast-schema-graph\">{\"@context\":\"https:\/\/schema.org\",\"@graph\":[{\"@type\":\"WebPage\",\"@id\":\"https:\/\/www.liftart.org\/en\/countdown\/\",\"url\":\"https:\/\/www.liftart.org\/en\/countdown\/\",\"name\":\"Countdown - LiftArt Merdiven Asans\u00f6r\u00fc\",\"isPartOf\":{\"@id\":\"https:\/\/www.liftart.org\/en\/#website\"},\"datePublished\":\"2015-12-29T02:04:47+00:00\",\"dateModified\":\"2015-12-29T02:04:47+00:00\",\"breadcrumb\":{\"@id\":\"https:\/\/www.liftart.org\/en\/countdown\/#breadcrumb\"},\"inLanguage\":\"en-US\",\"potentialAction\":[{\"@type\":\"ReadAction\",\"target\":[[\"https:\/\/www.liftart.org\/en\/countdown\/\"]]}]},{\"@type\":\"BreadcrumbList\",\"@id\":\"https:\/\/www.liftart.org\/en\/countdown\/#breadcrumb\",\"itemListElement\":[{\"@type\":\"ListItem\",\"position\":1,\"name\":\"Anasayfa\",\"item\":\"https:\/\/www.liftart.org\/en\/\"},{\"@type\":\"ListItem\",\"position\":2,\"name\":\"Countdown\"}]},{\"@type\":\"WebSite\",\"@id\":\"https:\/\/www.liftart.org\/en\/#website\",\"url\":\"https:\/\/www.liftart.org\/en\/\",\"name\":\"LiftArt Merdiven Asans\u00f6r\u00fc\",\"description\":\"Engelli Asans\u00f6r\u00fc, Ev Asans\u00f6r\u00fc\",\"publisher\":{\"@id\":\"https:\/\/www.liftart.org\/en\/#organization\"},\"potentialAction\":[{\"@type\":\"SearchAction\",\"target\":{\"@type\":\"EntryPoint\",\"urlTemplate\":\"https:\/\/www.liftart.org\/en\/?s={search_term_string}\"},\"query-input\":\"required name=search_term_string\"}],\"inLanguage\":\"en-US\"},{\"@type\":\"Organization\",\"@id\":\"https:\/\/www.liftart.org\/en\/#organization\",\"name\":\"LiftArt Merdiven Asans\u00f6r\u00fc\",\"url\":\"https:\/\/www.liftart.org\/en\/\",\"logo\":{\"@type\":\"ImageObject\",\"inLanguage\":\"en-US\",\"@id\":\"https:\/\/www.liftart.org\/en\/#\/schema\/logo\/image\/\",\"url\":\"http:\/\/www.liftart.org\/wp-content\/uploads\/2023\/03\/cropped-cropped-LiftArt-2020-Logo-300x100-1-1-1.png\",\"contentUrl\":\"http:\/\/www.liftart.org\/wp-content\/uploads\/2023\/03\/cropped-cropped-LiftArt-2020-Logo-300x100-1-1-1.png\",\"width\":300,\"height\":100,\"caption\":\"LiftArt Merdiven Asans\u00f6r\u00fc\"},\"image\":{\"@id\":\"https:\/\/www.liftart.org\/en\/#\/schema\/logo\/image\/\"},\"sameAs\":[\"https:\/\/www.facebook.com\/liftartasansor\",\"https:\/\/twitter.com\/liftartasansor\",\"https:\/\/www.instagram.com\/liftartasansor\/\",\"https:\/\/www.youtube.com\/channel\/UCKV9dKwP-Lz7LNNdvZDIoLg\"]}]}<\/script>\n<!-- \/ Yoast SEO plugin. -->","yoast_head_json":{"title":"Countdown - LiftArt Merdiven Asans\u00f6r\u00fc","robots":{"index":"index","follow":"follow","max-snippet":"max-snippet:-1","max-image-preview":"max-image-preview:large","max-video-preview":"max-video-preview:-1"},"canonical":"https:\/\/www.liftart.org\/en\/countdown\/","og_locale":"en_US","og_type":"article","og_title":"Countdown - LiftArt Merdiven Asans\u00f6r\u00fc","og_description":"[vc_row tlg_background_style=&#8221;bg-dark&#8221;][vc_column][\/vc_column][\/vc_row][vc_row tlg_background_style=&#8221;bg-primary&#8221;][vc_column][\/vc_column][\/vc_row][vc_row tlg_enable_overlay=&#8221;yes&#8221; css=&#8221;.vc_custom_1475057977528{background-image: url(http:\/\/demo.themelogi.com\/wanium\/wp-content\/uploads_dummy\/2016\/09\/chairgirl.jpg?id=4547) !important;}&#8221; tlg_bg_overlay=&#8221;#000000&#8243; tlg_bg_overlay_value=&#8221;0&#8243;][vc_column][\/vc_column][\/vc_row][vc_row tlg_background_style=&#8221;bg-dark&#8221; tlg_white_color=&#8221;color-white&#8221; tlg_enable_overlay=&#8221;yes&#8221; css=&#8221;.vc_custom_1475058263747{background-image: url(http:\/\/demo.themelogi.com\/wanium\/wp-content\/uploads_dummy\/2016\/09\/cheergroup.jpg?id=4546) !important;}&#8221; tlg_bg_overlay=&#8221;#6534ff&#8221;...","og_url":"https:\/\/www.liftart.org\/en\/countdown\/","og_site_name":"LiftArt Merdiven Asans\u00f6r\u00fc","article_publisher":"https:\/\/www.facebook.com\/liftartasansor","twitter_card":"summary_large_image","twitter_site":"@liftartasansor","twitter_misc":{"Est. reading time":"1 minute"},"schema":{"@context":"https:\/\/schema.org","@graph":[{"@type":"WebPage","@id":"https:\/\/www.liftart.org\/en\/countdown\/","url":"https:\/\/www.liftart.org\/en\/countdown\/","name":"Countdown - LiftArt Merdiven Asans\u00f6r\u00fc","isPartOf":{"@id":"https:\/\/www.liftart.org\/en\/#website"},"datePublished":"2015-12-29T02:04:47+00:00","dateModified":"2015-12-29T02:04:47+00:00","breadcrumb":{"@id":"https:\/\/www.liftart.org\/en\/countdown\/#breadcrumb"},"inLanguage":"en-US","potentialAction":[{"@type":"ReadAction","target":[["https:\/\/www.liftart.org\/en\/countdown\/"]]}]},{"@type":"BreadcrumbList","@id":"https:\/\/www.liftart.org\/en\/countdown\/#breadcrumb","itemListElement":[{"@type":"ListItem","position":1,"name":"Anasayfa","item":"https:\/\/www.liftart.org\/en\/"},{"@type":"ListItem","position":2,"name":"Countdown"}]},{"@type":"WebSite","@id":"https:\/\/www.liftart.org\/en\/#website","url":"https:\/\/www.liftart.org\/en\/","name":"LiftArt Merdiven Asans\u00f6r\u00fc","description":"Engelli Asans\u00f6r\u00fc, Ev Asans\u00f6r\u00fc","publisher":{"@id":"https:\/\/www.liftart.org\/en\/#organization"},"potentialAction":[{"@type":"SearchAction","target":{"@type":"EntryPoint","urlTemplate":"https:\/\/www.liftart.org\/en\/?s={search_term_string}"},"query-input":"required name=search_term_string"}],"inLanguage":"en-US"},{"@type":"Organization","@id":"https:\/\/www.liftart.org\/en\/#organization","name":"LiftArt Merdiven Asans\u00f6r\u00fc","url":"https:\/\/www.liftart.org\/en\/","logo":{"@type":"ImageObject","inLanguage":"en-US","@id":"https:\/\/www.liftart.org\/en\/#\/schema\/logo\/image\/","url":"http:\/\/www.liftart.org\/wp-content\/uploads\/2023\/03\/cropped-cropped-LiftArt-2020-Logo-300x100-1-1-1.png","contentUrl":"http:\/\/www.liftart.org\/wp-content\/uploads\/2023\/03\/cropped-cropped-LiftArt-2020-Logo-300x100-1-1-1.png","width":300,"height":100,"caption":"LiftArt Merdiven Asans\u00f6r\u00fc"},"image":{"@id":"https:\/\/www.liftart.org\/en\/#\/schema\/logo\/image\/"},"sameAs":["https:\/\/www.facebook.com\/liftartasansor","https:\/\/twitter.com\/liftartasansor","https:\/\/www.instagram.com\/liftartasansor\/","https:\/\/www.youtube.com\/channel\/UCKV9dKwP-Lz7LNNdvZDIoLg"]}]}},"_links":{"self":[{"href":"https:\/\/www.liftart.org\/en\/wp-json\/wp\/v2\/pages\/611","targetHints":{"allow":["GET"]}}],"collection":[{"href":"https:\/\/www.liftart.org\/en\/wp-json\/wp\/v2\/pages"}],"about":[{"href":"https:\/\/www.liftart.org\/en\/wp-json\/wp\/v2\/types\/page"}],"author":[{"embeddable":true,"href":"https:\/\/www.liftart.org\/en\/wp-json\/wp\/v2\/users\/1"}],"replies":[{"embeddable":true,"href":"https:\/\/www.liftart.org\/en\/wp-json\/wp\/v2\/comments?post=611"}],"version-history":[{"count":0,"href":"https:\/\/www.liftart.org\/en\/wp-json\/wp\/v2\/pages\/611\/revisions"}],"wp:attachment":[{"href":"https:\/\/www.liftart.org\/en\/wp-json\/wp\/v2\/media?parent=611"}],"curies":[{"name":"wp","href":"https:\/\/api.w.org\/{rel}","templated":true}]}}