{"id":6881,"date":"2023-03-13T20:24:42","date_gmt":"2023-03-13T17:24:42","guid":{"rendered":"http:\/\/www.liftart.org\/?page_id=6881"},"modified":"2023-03-13T20:27:00","modified_gmt":"2023-03-13T17:27:00","slug":"2-el-engelli-asansoru","status":"publish","type":"page","link":"https:\/\/www.liftart.org\/en\/2-el-engelli-asansoru\/","title":{"rendered":"2. El Engelli Asans\u00f6r\u00fc"},"content":{"rendered":"<section class=\"wpb-content-wrapper\"><p>[vc_row][vc_column css=&#8221;.vc_custom_1678474716041{background-position: center !important;background-repeat: no-repeat !important;background-size: cover !important;}&#8221;]<div class=\"tlg-spacer \" data-height=\"10\" data-height-tablet=\"10\" data-height-mobile=\"100\" style=\"clear:both;display:block;height:10px;\"><\/div>[\/vc_column][\/vc_row][vc_row][vc_column][vc_column_text]<\/p>\n<h1 class=\"entry-title\">Second Hand Lifts for Disableds<\/h1>\n<p>2. Handicapped Elevator While our company does not do secondhand disability elevator trading, we are guiding our former customers who have taken the products of our company before and do not have to use them anymore, and we are helping both sides. Liftart lift, one of the leading companies in its class, aims to keep the disabled people&#8217;s life unhindered. Liftart, known as a brand of quality and safety, offers value and aesthetics to the building and provides technology tailored to specific needs. Liftart manufactures, installs, maintains and modernizes all types of buildings and wells with housing lifts, freight elevators, service elevators, stretcher elevators, vehicle lifts and slope lifts. Liftart elevators designed for standard or special needs can be easily integrated into your building&#8217;s architecture and operating system. Liftart elevator technology is changing and improving with building construction technology. No matter where the installation is, the liftart elevators perfectly match the structure. 2. Please call us for information about your handicap elevator or 2nd hand stair elevator needs. LiftArt 0 212 608 00 70<\/p>\n<p>[\/vc_column_text][\/vc_column][\/vc_row][vc_row][vc_column]<div class=\"display-table\"><div class=\"display-cell display-none-sm\"><i  class=\"fade-color ms-text mr-24 ti-mobile icon\"><\/i><\/div>\n\t\t\t\t\t<div class=\"display-cell text-center-sm\">\n\t\t\t\t\t\t<div  class=\"maintitle ms-text\">Please call us for your 2. hand lift requestings: 0549 608 00 70<\/div>\n\t\t\t\t\t\t<div  class=\"subtitle\"><\/div>\n\t\t\t\t\t<\/div>\n\t\t\t\t\t<div class=\"display-cell text-center-sm text-right\"><\/div>\n\t\t\t\t<\/div>[\/vc_column][\/vc_row][vc_row][vc_column]<div class=\"tlg-spacer \" data-height=\"50\" data-height-tablet=\"50\" data-height-mobile=\"50\" style=\"clear:both;display:block;height:50px;\"><\/div><div class=\"intro-carousel  intro-right\"><section class=\"image-square\"><div class=\"col-md-6 image\"><div class=\"background-content\"><img loading=\"lazy\" decoding=\"async\" width=\"800\" height=\"600\" src=\"https:\/\/www.liftart.org\/wp-content\/uploads\/2023\/03\/sarik_tara_2.jpg\" class=\"background-image\" alt=\"\" srcset=\"https:\/\/www.liftart.org\/wp-content\/uploads\/2023\/03\/sarik_tara_2.jpg 800w, https:\/\/www.liftart.org\/wp-content\/uploads\/2023\/03\/sarik_tara_2-300x225.jpg 300w, https:\/\/www.liftart.org\/wp-content\/uploads\/2023\/03\/sarik_tara_2-768x576.jpg 768w, https:\/\/www.liftart.org\/wp-content\/uploads\/2023\/03\/sarik_tara_2-600x450.jpg 600w\" sizes=\"auto, (max-width: 800px) 100vw, 800px\" \/><\/div><\/div>\n\t\t\t\t\t    <div class=\"col-md-6 content\"><h5 class=\"widgettitle mb16\">Merdiven Asans\u00f6r\u00fc - D\u00fcnyan\u0131n En Prestijlisi<\/h5><div>Koltuk Merdiven Asans\u00f6r\u00fc Modellerimiz:<\/div>DETAY<\/div><\/section><section class=\"image-square\"><div class=\"col-md-6 image\"><div class=\"background-content\"><img loading=\"lazy\" decoding=\"async\" width=\"800\" height=\"600\" src=\"https:\/\/www.liftart.org\/wp-content\/uploads\/2023\/03\/sarik_tara_2.jpg\" class=\"background-image\" alt=\"\" srcset=\"https:\/\/www.liftart.org\/wp-content\/uploads\/2023\/03\/sarik_tara_2.jpg 800w, https:\/\/www.liftart.org\/wp-content\/uploads\/2023\/03\/sarik_tara_2-300x225.jpg 300w, https:\/\/www.liftart.org\/wp-content\/uploads\/2023\/03\/sarik_tara_2-768x576.jpg 768w, https:\/\/www.liftart.org\/wp-content\/uploads\/2023\/03\/sarik_tara_2-600x450.jpg 600w\" sizes=\"auto, (max-width: 800px) 100vw, 800px\" \/><\/div><\/div>\n\t\t\t\t\t    <div class=\"col-md-6 content\"><h5 class=\"widgettitle mb16\">Merdiven Asans\u00f6r\u00fc - D\u00fcnyan\u0131n En Prestijlisi<\/h5><div>Koltuk Merdiven Asans\u00f6r\u00fc Modellerimiz:<\/div>DETAY<\/div><\/section><section class=\"image-square\"><div class=\"col-md-6 image\"><div class=\"background-content\"><img loading=\"lazy\" decoding=\"async\" width=\"800\" height=\"600\" src=\"https:\/\/www.liftart.org\/wp-content\/uploads\/2023\/03\/sarik_tara_2.jpg\" class=\"background-image\" alt=\"\" srcset=\"https:\/\/www.liftart.org\/wp-content\/uploads\/2023\/03\/sarik_tara_2.jpg 800w, https:\/\/www.liftart.org\/wp-content\/uploads\/2023\/03\/sarik_tara_2-300x225.jpg 300w, https:\/\/www.liftart.org\/wp-content\/uploads\/2023\/03\/sarik_tara_2-768x576.jpg 768w, https:\/\/www.liftart.org\/wp-content\/uploads\/2023\/03\/sarik_tara_2-600x450.jpg 600w\" sizes=\"auto, (max-width: 800px) 100vw, 800px\" \/><\/div><\/div>\n\t\t\t\t\t    <div class=\"col-md-6 content\"><h5 class=\"widgettitle mb16\">Merdiven Asans\u00f6r\u00fc - D\u00fcnyan\u0131n En Prestijlisi<\/h5><div>Koltuk Merdiven Asans\u00f6r\u00fc Modellerimiz:<\/div>DETAY<\/div><\/section><section class=\"image-square\"><div class=\"col-md-6 image\"><div class=\"background-content\"><img loading=\"lazy\" decoding=\"async\" width=\"800\" height=\"600\" src=\"https:\/\/www.liftart.org\/wp-content\/uploads\/2023\/03\/sarik_tara_2.jpg\" class=\"background-image\" alt=\"\" srcset=\"https:\/\/www.liftart.org\/wp-content\/uploads\/2023\/03\/sarik_tara_2.jpg 800w, https:\/\/www.liftart.org\/wp-content\/uploads\/2023\/03\/sarik_tara_2-300x225.jpg 300w, https:\/\/www.liftart.org\/wp-content\/uploads\/2023\/03\/sarik_tara_2-768x576.jpg 768w, https:\/\/www.liftart.org\/wp-content\/uploads\/2023\/03\/sarik_tara_2-600x450.jpg 600w\" sizes=\"auto, (max-width: 800px) 100vw, 800px\" \/><\/div><\/div>\n\t\t\t\t\t    <div class=\"col-md-6 content\"><h5 class=\"widgettitle mb16\">Merdiven Asans\u00f6r\u00fc - D\u00fcnyan\u0131n En Prestijlisi<\/h5><div>Koltuk Merdiven Asans\u00f6r\u00fc Modellerimiz:<\/div>DETAY<\/div><\/section><\/div><script type=\"text\/javascript\">jQuery(document).ready(function() {jQuery('.intro-carousel').owlCarousel({nav: false, dots: true, center: true, loop:true, responsive:{0:{items:1}}});});<\/script>[\/vc_column][\/vc_row]<\/p>\n<\/section>","protected":false},"excerpt":{"rendered":"<p>[vc_row][vc_column css=&#8221;.vc_custom_1678474716041{background-position: center !important;background-repeat: no-repeat !important;background-size: cover !important;}&#8221;][\/vc_column][\/vc_row][vc_row][vc_column][vc_column_text] Second Hand Lifts for Disableds 2. Handicapped Elevator&#8230;<\/p>\n","protected":false},"author":1,"featured_media":0,"parent":0,"menu_order":0,"comment_status":"closed","ping_status":"closed","template":"","meta":{"footnotes":""},"class_list":["post-6881","page","type-page","status-publish","hentry"],"yoast_head":"<!-- This site is optimized with the Yoast SEO plugin v20.4 - https:\/\/yoast.com\/wordpress\/plugins\/seo\/ -->\n<title>2. El Engelli Asans\u00f6r\u00fc - LiftArt Merdiven Asans\u00f6r\u00fc<\/title>\n<meta name=\"robots\" content=\"index, follow, max-snippet:-1, max-image-preview:large, max-video-preview:-1\" \/>\n<link rel=\"canonical\" href=\"https:\/\/www.liftart.org\/en\/2-el-engelli-asansoru\/\" \/>\n<meta property=\"og:locale\" content=\"en_US\" \/>\n<meta property=\"og:type\" content=\"article\" \/>\n<meta property=\"og:title\" content=\"2. El Engelli Asans\u00f6r\u00fc - LiftArt Merdiven Asans\u00f6r\u00fc\" \/>\n<meta property=\"og:description\" content=\"[vc_row][vc_column css=&#8221;.vc_custom_1678474716041{background-position: center !important;background-repeat: no-repeat !important;background-size: cover !important;}&#8221;][\/vc_column][\/vc_row][vc_row][vc_column][vc_column_text] Second Hand Lifts for Disableds 2. Handicapped Elevator...\" \/>\n<meta property=\"og:url\" content=\"https:\/\/www.liftart.org\/en\/2-el-engelli-asansoru\/\" \/>\n<meta property=\"og:site_name\" content=\"LiftArt Merdiven Asans\u00f6r\u00fc\" \/>\n<meta property=\"article:publisher\" content=\"https:\/\/www.facebook.com\/liftartasansor\" \/>\n<meta property=\"article:modified_time\" content=\"2023-03-13T17:27:00+00:00\" \/>\n<meta name=\"twitter:card\" content=\"summary_large_image\" \/>\n<meta name=\"twitter:site\" content=\"@liftartasansor\" \/>\n<meta name=\"twitter:label1\" content=\"Est. reading time\" \/>\n\t<meta name=\"twitter:data1\" content=\"5 minutes\" \/>\n<script type=\"application\/ld+json\" class=\"yoast-schema-graph\">{\"@context\":\"https:\/\/schema.org\",\"@graph\":[{\"@type\":\"WebPage\",\"@id\":\"https:\/\/www.liftart.org\/en\/2-el-engelli-asansoru\/\",\"url\":\"https:\/\/www.liftart.org\/en\/2-el-engelli-asansoru\/\",\"name\":\"2. El Engelli Asans\u00f6r\u00fc - LiftArt Merdiven Asans\u00f6r\u00fc\",\"isPartOf\":{\"@id\":\"https:\/\/www.liftart.org\/en\/#website\"},\"datePublished\":\"2023-03-13T17:24:42+00:00\",\"dateModified\":\"2023-03-13T17:27:00+00:00\",\"breadcrumb\":{\"@id\":\"https:\/\/www.liftart.org\/en\/2-el-engelli-asansoru\/#breadcrumb\"},\"inLanguage\":\"en-US\",\"potentialAction\":[{\"@type\":\"ReadAction\",\"target\":[[\"https:\/\/www.liftart.org\/en\/2-el-engelli-asansoru\/\"]]}]},{\"@type\":\"BreadcrumbList\",\"@id\":\"https:\/\/www.liftart.org\/en\/2-el-engelli-asansoru\/#breadcrumb\",\"itemListElement\":[{\"@type\":\"ListItem\",\"position\":1,\"name\":\"Anasayfa\",\"item\":\"https:\/\/www.liftart.org\/en\/\"},{\"@type\":\"ListItem\",\"position\":2,\"name\":\"2. El Engelli Asans\u00f6r\u00fc\"}]},{\"@type\":\"WebSite\",\"@id\":\"https:\/\/www.liftart.org\/en\/#website\",\"url\":\"https:\/\/www.liftart.org\/en\/\",\"name\":\"LiftArt Merdiven Asans\u00f6r\u00fc\",\"description\":\"Engelli Asans\u00f6r\u00fc, Ev Asans\u00f6r\u00fc\",\"publisher\":{\"@id\":\"https:\/\/www.liftart.org\/en\/#organization\"},\"potentialAction\":[{\"@type\":\"SearchAction\",\"target\":{\"@type\":\"EntryPoint\",\"urlTemplate\":\"https:\/\/www.liftart.org\/en\/?s={search_term_string}\"},\"query-input\":\"required name=search_term_string\"}],\"inLanguage\":\"en-US\"},{\"@type\":\"Organization\",\"@id\":\"https:\/\/www.liftart.org\/en\/#organization\",\"name\":\"LiftArt Merdiven Asans\u00f6r\u00fc\",\"url\":\"https:\/\/www.liftart.org\/en\/\",\"logo\":{\"@type\":\"ImageObject\",\"inLanguage\":\"en-US\",\"@id\":\"https:\/\/www.liftart.org\/en\/#\/schema\/logo\/image\/\",\"url\":\"http:\/\/www.liftart.org\/wp-content\/uploads\/2023\/03\/cropped-cropped-LiftArt-2020-Logo-300x100-1-1-1.png\",\"contentUrl\":\"http:\/\/www.liftart.org\/wp-content\/uploads\/2023\/03\/cropped-cropped-LiftArt-2020-Logo-300x100-1-1-1.png\",\"width\":300,\"height\":100,\"caption\":\"LiftArt Merdiven Asans\u00f6r\u00fc\"},\"image\":{\"@id\":\"https:\/\/www.liftart.org\/en\/#\/schema\/logo\/image\/\"},\"sameAs\":[\"https:\/\/www.facebook.com\/liftartasansor\",\"https:\/\/twitter.com\/liftartasansor\",\"https:\/\/www.instagram.com\/liftartasansor\/\",\"https:\/\/www.youtube.com\/channel\/UCKV9dKwP-Lz7LNNdvZDIoLg\"]}]}<\/script>\n<!-- \/ Yoast SEO plugin. -->","yoast_head_json":{"title":"2. El Engelli Asans\u00f6r\u00fc - LiftArt Merdiven Asans\u00f6r\u00fc","robots":{"index":"index","follow":"follow","max-snippet":"max-snippet:-1","max-image-preview":"max-image-preview:large","max-video-preview":"max-video-preview:-1"},"canonical":"https:\/\/www.liftart.org\/en\/2-el-engelli-asansoru\/","og_locale":"en_US","og_type":"article","og_title":"2. El Engelli Asans\u00f6r\u00fc - LiftArt Merdiven Asans\u00f6r\u00fc","og_description":"[vc_row][vc_column css=&#8221;.vc_custom_1678474716041{background-position: center !important;background-repeat: no-repeat !important;background-size: cover !important;}&#8221;][\/vc_column][\/vc_row][vc_row][vc_column][vc_column_text] Second Hand Lifts for Disableds 2. Handicapped Elevator...","og_url":"https:\/\/www.liftart.org\/en\/2-el-engelli-asansoru\/","og_site_name":"LiftArt Merdiven Asans\u00f6r\u00fc","article_publisher":"https:\/\/www.facebook.com\/liftartasansor","article_modified_time":"2023-03-13T17:27:00+00:00","twitter_card":"summary_large_image","twitter_site":"@liftartasansor","twitter_misc":{"Est. reading time":"5 minutes"},"schema":{"@context":"https:\/\/schema.org","@graph":[{"@type":"WebPage","@id":"https:\/\/www.liftart.org\/en\/2-el-engelli-asansoru\/","url":"https:\/\/www.liftart.org\/en\/2-el-engelli-asansoru\/","name":"2. El Engelli Asans\u00f6r\u00fc - LiftArt Merdiven Asans\u00f6r\u00fc","isPartOf":{"@id":"https:\/\/www.liftart.org\/en\/#website"},"datePublished":"2023-03-13T17:24:42+00:00","dateModified":"2023-03-13T17:27:00+00:00","breadcrumb":{"@id":"https:\/\/www.liftart.org\/en\/2-el-engelli-asansoru\/#breadcrumb"},"inLanguage":"en-US","potentialAction":[{"@type":"ReadAction","target":[["https:\/\/www.liftart.org\/en\/2-el-engelli-asansoru\/"]]}]},{"@type":"BreadcrumbList","@id":"https:\/\/www.liftart.org\/en\/2-el-engelli-asansoru\/#breadcrumb","itemListElement":[{"@type":"ListItem","position":1,"name":"Anasayfa","item":"https:\/\/www.liftart.org\/en\/"},{"@type":"ListItem","position":2,"name":"2. El Engelli Asans\u00f6r\u00fc"}]},{"@type":"WebSite","@id":"https:\/\/www.liftart.org\/en\/#website","url":"https:\/\/www.liftart.org\/en\/","name":"LiftArt Merdiven Asans\u00f6r\u00fc","description":"Engelli Asans\u00f6r\u00fc, Ev Asans\u00f6r\u00fc","publisher":{"@id":"https:\/\/www.liftart.org\/en\/#organization"},"potentialAction":[{"@type":"SearchAction","target":{"@type":"EntryPoint","urlTemplate":"https:\/\/www.liftart.org\/en\/?s={search_term_string}"},"query-input":"required name=search_term_string"}],"inLanguage":"en-US"},{"@type":"Organization","@id":"https:\/\/www.liftart.org\/en\/#organization","name":"LiftArt Merdiven Asans\u00f6r\u00fc","url":"https:\/\/www.liftart.org\/en\/","logo":{"@type":"ImageObject","inLanguage":"en-US","@id":"https:\/\/www.liftart.org\/en\/#\/schema\/logo\/image\/","url":"http:\/\/www.liftart.org\/wp-content\/uploads\/2023\/03\/cropped-cropped-LiftArt-2020-Logo-300x100-1-1-1.png","contentUrl":"http:\/\/www.liftart.org\/wp-content\/uploads\/2023\/03\/cropped-cropped-LiftArt-2020-Logo-300x100-1-1-1.png","width":300,"height":100,"caption":"LiftArt Merdiven Asans\u00f6r\u00fc"},"image":{"@id":"https:\/\/www.liftart.org\/en\/#\/schema\/logo\/image\/"},"sameAs":["https:\/\/www.facebook.com\/liftartasansor","https:\/\/twitter.com\/liftartasansor","https:\/\/www.instagram.com\/liftartasansor\/","https:\/\/www.youtube.com\/channel\/UCKV9dKwP-Lz7LNNdvZDIoLg"]}]}},"_links":{"self":[{"href":"https:\/\/www.liftart.org\/en\/wp-json\/wp\/v2\/pages\/6881","targetHints":{"allow":["GET"]}}],"collection":[{"href":"https:\/\/www.liftart.org\/en\/wp-json\/wp\/v2\/pages"}],"about":[{"href":"https:\/\/www.liftart.org\/en\/wp-json\/wp\/v2\/types\/page"}],"author":[{"embeddable":true,"href":"https:\/\/www.liftart.org\/en\/wp-json\/wp\/v2\/users\/1"}],"replies":[{"embeddable":true,"href":"https:\/\/www.liftart.org\/en\/wp-json\/wp\/v2\/comments?post=6881"}],"version-history":[{"count":3,"href":"https:\/\/www.liftart.org\/en\/wp-json\/wp\/v2\/pages\/6881\/revisions"}],"predecessor-version":[{"id":6885,"href":"https:\/\/www.liftart.org\/en\/wp-json\/wp\/v2\/pages\/6881\/revisions\/6885"}],"wp:attachment":[{"href":"https:\/\/www.liftart.org\/en\/wp-json\/wp\/v2\/media?parent=6881"}],"curies":[{"name":"wp","href":"https:\/\/api.w.org\/{rel}","templated":true}]}}