{"id":6901,"date":"2023-03-13T21:13:10","date_gmt":"2023-03-13T18:13:10","guid":{"rendered":"http:\/\/www.liftart.org\/?page_id=6901"},"modified":"2023-03-28T23:44:41","modified_gmt":"2023-03-28T20:44:41","slug":"engelli-asansoru-acik-tip","status":"publish","type":"page","link":"https:\/\/www.liftart.org\/en\/engelli-asansoru-acik-tip\/","title":{"rendered":"Disabled Platform Lift"},"content":{"rendered":"<section class=\"wpb-content-wrapper\"><p>[vc_row][vc_column css=&#8221;.vc_custom_1678474716041{background-position: center !important;background-repeat: no-repeat !important;background-size: cover !important;}&#8221;]<div class=\"tlg-spacer \" data-height=\"10\" data-height-tablet=\"10\" data-height-mobile=\"100\" style=\"clear:both;display:block;height:10px;\"><\/div>[\/vc_column][\/vc_row][vc_row][vc_column][vc_column_text]<\/p>\n<h1 class=\"entry-title\">Disabled Platfom Lift<\/h1>\n<p>Disabled lift open type model, can reach up to 3 meters in height and does not require engine room open type disabled lift. There are half cabins on it.<\/p>\n<p>Disabled Lift Open Type Platform \u2013 Extrema Vega<br \/>\nIt also does not require a well bottom. Half-length cabins are standard.<br \/>\nDuplex apartments, villas, museums, schools, subway stations, business centers, old buildings, restaurants, cafes, hospitals, underpasses or overpasses, shopping centers, theaters, operas, conference halls are used safely in all kinds of indoor and outdoor areas.<br \/>\nSuitable for indoor and outdoor use. Made of stainless or painted steel.<br \/>\nIt is produced as standard up to 3 mt. Please contact us for further information<\/p>\n<p>Brand: Extrema<br \/>\nOrigin: Italy<br \/>\nModel: Vega<br \/>\nTurkey Representative and Distributor: liftart<\/p>\n<p>Disabled Lift Open Type Platform Technical Specifications:<br \/>\nPlatform Lifting Height: 1100, 1600, 2100, 2600, 2990 mm<br \/>\nPlatform Dimensions: 1250 \u00d7 900; 1400 \u00d7 900; 1400 \u00d7 1100 mm<br \/>\nLifting Capacity: 400 kg<br \/>\nSpeed: 0.05 m \/ sec; 0.10 m \/ s for the 2600 and 2990 mm models<br \/>\nWorking System: Worm Screw<br \/>\nOperating Voltage: 230 V, 2,2 kW<br \/>\nControl Voltage: 24 V<br \/>\nWell Depth: 0-165 mm<br \/>\nNon-Skid Aluminum on Platform: Standard<br \/>\nDocuments:<br \/>\nthe European Directive 2014\/35 \u2013 Low Voltage<br \/>\nthe European Directive 2014\/30 \u2013 EMC<br \/>\nthe European Directive 2006\/42 \/ CE \u2013 Machinery Directive (manufacturer\u2019s certification).<\/p>\n<p>Other Disabled Lift Models:[\/vc_column_text][\/vc_column][\/vc_row][vc_row][vc_column width=&#8221;1\/3&#8243;]<div class=\"tlg-spacer \" data-height=\"30\" data-height-tablet=\"30\" data-height-mobile=\"30\" style=\"clear:both;display:block;height:30px;\"><\/div><div  class=\"boxed-intro-content heavy-shadow zoom-hover bg-white  \">\n\t\t\t\t\t\t\t<div class=\"intro-image border-radious-top overflow-hidden\"><img loading=\"lazy\" decoding=\"async\" width=\"300\" height=\"235\" src=\"https:\/\/www.liftart.org\/wp-content\/uploads\/2023\/03\/engelli-platform-asansoru-vega-1.jpg\" class=\"background-image\" alt=\"\" \/>\n\t\t\t\t\t\t\t<\/div>\n\t\t\t\t\t\t\t<div class=\"intro-content pt32 pb16 pl-32 pr-32\"><h5  class=\"widgettitle dark-color mb16\">Platform Lift \u2013 Extrema Vega<\/h5><div  class=\"text-color mt24\">Vega PLATFORM LIFT For home or public buildings A versatile solution both for public buildings and home comfort. The S10 [\u2026]<\/div><a  id=\"btn-69dfcc33f2765\" class=\"btn-new btn-1 btn-1d ti-angle-right  btn-lg btn-sm-sm text-center mr-0 mb0 mt24\" href= \"http:\/\/www.liftart.org\/engelli-platformu-extrema-vega-asansoru\/\" target=\"_self\" >DETAY<\/a><\/div>\n\t\t\t\t\t\t<\/div>[\/vc_column][vc_column width=&#8221;1\/3&#8243;]<div class=\"tlg-spacer \" data-height=\"30\" data-height-tablet=\"30\" data-height-mobile=\"30\" style=\"clear:both;display:block;height:30px;\"><\/div><div  class=\"boxed-intro-content heavy-shadow zoom-hover bg-white  \">\n\t\t\t\t\t\t\t<div class=\"intro-image border-radious-top overflow-hidden\"><img loading=\"lazy\" decoding=\"async\" width=\"300\" height=\"200\" src=\"https:\/\/www.liftart.org\/wp-content\/uploads\/2023\/03\/terry-melody-1-e1551861740618.jpg\" class=\"background-image\" alt=\"\" \/>\n\t\t\t\t\t\t\t<\/div>\n\t\t\t\t\t\t\t<div class=\"intro-content pt32 pb16 pl-32 pr-32\"><h5  class=\"widgettitle dark-color mb16\">Terry Melody 1<\/h5><div  class=\"text-color mt24\">Vega PLATFORM LIFT For home or public buildings A versatile solution both for public buildings and home comfort. The S10 [\u2026]<\/div><a  id=\"btn-69dfcc33f2894\" class=\"btn-new btn-1 btn-1d ti-angle-right  btn-lg btn-sm-sm text-center mr-0 mb0 mt24\" href= \"http:\/\/www.liftart.org\/engelli-platform-asansoru-terry-melody-1\/\" target=\"_self\" >DETAY<\/a><\/div>\n\t\t\t\t\t\t<\/div>[\/vc_column][vc_column width=&#8221;1\/3&#8243;]<div class=\"tlg-spacer \" data-height=\"30\" data-height-tablet=\"30\" data-height-mobile=\"30\" style=\"clear:both;display:block;height:30px;\"><\/div><div  class=\"boxed-intro-content heavy-shadow zoom-hover bg-white  \">\n\t\t\t\t\t\t\t<div class=\"intro-image border-radious-top overflow-hidden\"><img loading=\"lazy\" decoding=\"async\" width=\"300\" height=\"200\" src=\"https:\/\/www.liftart.org\/wp-content\/uploads\/2023\/03\/terry-melody-3-300x200-1.jpg\" class=\"background-image\" alt=\"\" \/>\n\t\t\t\t\t\t\t<\/div>\n\t\t\t\t\t\t\t<div class=\"intro-content pt32 pb16 pl-32 pr-32\"><h5  class=\"widgettitle dark-color mb16\">Terry Melody 3<\/h5><div  class=\"text-color mt24\">The Melody 3 Vertical Platform Lift provides a practical solution to the challenge of vertical lift travels up to three [\u2026]<\/div><a  id=\"btn-69dfcc33f29c0\" class=\"btn-new btn-1 btn-1d ti-angle-right  btn-lg btn-sm-sm text-center mr-0 mb0 mt24\" href= \"http:\/\/www.liftart.org\/terry-melody-3\/\" target=\"_self\" >DETAY<\/a><\/div>\n\t\t\t\t\t\t<\/div>[\/vc_column][\/vc_row][vc_row][vc_column]<div class=\"display-table\"><div class=\"display-cell display-none-sm\"><i  class=\"fade-color ms-text mr-24 ti-mobile icon\"><\/i><\/div>\n\t\t\t\t\t<div class=\"display-cell text-center-sm\">\n\t\t\t\t\t\t<div  class=\"maintitle ms-text\">Call Us: 0549 608 00 70<\/div>\n\t\t\t\t\t\t<div  class=\"subtitle\"><\/div>\n\t\t\t\t\t<\/div>\n\t\t\t\t\t<div class=\"display-cell text-center-sm text-right\"><\/div>\n\t\t\t\t<\/div>[\/vc_column][\/vc_row][vc_row][vc_column][vc_column_text]What are Disabled Platform Lifts: Seat lifts are the safest, most comfortable and the least space-saving elevator systems produced for people who have difficulty climbing stairs.<\/p>\n<p>What are Disabled Platform Lifts: Stair elevators, or so-called seat lifts, are the safest, most comfortable and least space-ladder elevator systems for people who have difficulty climbing stairs.<\/p>\n<p>liftart Turkey, Bulgaria, the only representative of Kazakhstan and Azerbaijan HANDICARE company is the General Distributor ..!<\/p>\n<p>You can have a stair lift or seat lift from our company with guaranteed prices and conditions \u2026<\/p>\n<p><a href=\"https:\/\/liftart.com.tr\/merdiven-asansoru-nasil-secilir\/\">\u201cMerdiven Asans\u00f6r\u00fc Nas\u0131l Se\u00e7ilir\u201d<\/a>\u00a0ba\u015fl\u0131kl\u0131 yaz\u0131m\u0131z ilginizi \u00e7ekebilir..!<br \/>\n<a href=\"https:\/\/liftart.com.tr\/cift-motorlu-merdiven-asansoru\/\">Neden \u00c7ift Motorlu Merdiven Asans\u00f6r\u00fc Se\u00e7meliyiz?<\/a>[\/vc_column_text][\/vc_column][\/vc_row]<\/p>\n<\/section>","protected":false},"excerpt":{"rendered":"<p>[vc_row][vc_column css=&#8221;.vc_custom_1678474716041{background-position: center !important;background-repeat: no-repeat !important;background-size: cover !important;}&#8221;][\/vc_column][\/vc_row][vc_row][vc_column][vc_column_text] Disabled Platfom Lift Disabled lift open type model,&#8230;<\/p>\n","protected":false},"author":1,"featured_media":0,"parent":0,"menu_order":0,"comment_status":"closed","ping_status":"closed","template":"","meta":{"footnotes":""},"class_list":["post-6901","page","type-page","status-publish","hentry"],"yoast_head":"<!-- This site is optimized with the Yoast SEO plugin v20.4 - https:\/\/yoast.com\/wordpress\/plugins\/seo\/ -->\n<title>Disabled Platform Lift - LiftArt Merdiven Asans\u00f6r\u00fc<\/title>\n<meta name=\"robots\" content=\"index, follow, max-snippet:-1, max-image-preview:large, max-video-preview:-1\" \/>\n<link rel=\"canonical\" href=\"https:\/\/www.liftart.org\/en\/engelli-asansoru-acik-tip\/\" \/>\n<meta property=\"og:locale\" content=\"en_US\" \/>\n<meta property=\"og:type\" content=\"article\" \/>\n<meta property=\"og:title\" content=\"Disabled Platform Lift - LiftArt Merdiven Asans\u00f6r\u00fc\" \/>\n<meta property=\"og:description\" content=\"[vc_row][vc_column css=&#8221;.vc_custom_1678474716041{background-position: center !important;background-repeat: no-repeat !important;background-size: cover !important;}&#8221;][\/vc_column][\/vc_row][vc_row][vc_column][vc_column_text] Disabled Platfom Lift Disabled lift open type model,...\" \/>\n<meta property=\"og:url\" content=\"https:\/\/www.liftart.org\/en\/engelli-asansoru-acik-tip\/\" \/>\n<meta property=\"og:site_name\" content=\"LiftArt Merdiven Asans\u00f6r\u00fc\" \/>\n<meta property=\"article:publisher\" content=\"https:\/\/www.facebook.com\/liftartasansor\" \/>\n<meta property=\"article:modified_time\" content=\"2023-03-28T20:44:41+00:00\" \/>\n<meta name=\"twitter:card\" content=\"summary_large_image\" \/>\n<meta name=\"twitter:site\" content=\"@liftartasansor\" \/>\n<meta name=\"twitter:label1\" content=\"Est. reading time\" \/>\n\t<meta name=\"twitter:data1\" content=\"3 minutes\" \/>\n<script type=\"application\/ld+json\" class=\"yoast-schema-graph\">{\"@context\":\"https:\/\/schema.org\",\"@graph\":[{\"@type\":\"WebPage\",\"@id\":\"https:\/\/www.liftart.org\/en\/engelli-asansoru-acik-tip\/\",\"url\":\"https:\/\/www.liftart.org\/en\/engelli-asansoru-acik-tip\/\",\"name\":\"Disabled Platform Lift - LiftArt Merdiven Asans\u00f6r\u00fc\",\"isPartOf\":{\"@id\":\"https:\/\/www.liftart.org\/en\/#website\"},\"datePublished\":\"2023-03-13T18:13:10+00:00\",\"dateModified\":\"2023-03-28T20:44:41+00:00\",\"breadcrumb\":{\"@id\":\"https:\/\/www.liftart.org\/en\/engelli-asansoru-acik-tip\/#breadcrumb\"},\"inLanguage\":\"en-US\",\"potentialAction\":[{\"@type\":\"ReadAction\",\"target\":[[\"https:\/\/www.liftart.org\/en\/engelli-asansoru-acik-tip\/\"]]}]},{\"@type\":\"BreadcrumbList\",\"@id\":\"https:\/\/www.liftart.org\/en\/engelli-asansoru-acik-tip\/#breadcrumb\",\"itemListElement\":[{\"@type\":\"ListItem\",\"position\":1,\"name\":\"Anasayfa\",\"item\":\"https:\/\/www.liftart.org\/en\/\"},{\"@type\":\"ListItem\",\"position\":2,\"name\":\"Disabled Platform Lift\"}]},{\"@type\":\"WebSite\",\"@id\":\"https:\/\/www.liftart.org\/en\/#website\",\"url\":\"https:\/\/www.liftart.org\/en\/\",\"name\":\"LiftArt Merdiven Asans\u00f6r\u00fc\",\"description\":\"Engelli Asans\u00f6r\u00fc, Ev Asans\u00f6r\u00fc\",\"publisher\":{\"@id\":\"https:\/\/www.liftart.org\/en\/#organization\"},\"potentialAction\":[{\"@type\":\"SearchAction\",\"target\":{\"@type\":\"EntryPoint\",\"urlTemplate\":\"https:\/\/www.liftart.org\/en\/?s={search_term_string}\"},\"query-input\":\"required name=search_term_string\"}],\"inLanguage\":\"en-US\"},{\"@type\":\"Organization\",\"@id\":\"https:\/\/www.liftart.org\/en\/#organization\",\"name\":\"LiftArt Merdiven Asans\u00f6r\u00fc\",\"url\":\"https:\/\/www.liftart.org\/en\/\",\"logo\":{\"@type\":\"ImageObject\",\"inLanguage\":\"en-US\",\"@id\":\"https:\/\/www.liftart.org\/en\/#\/schema\/logo\/image\/\",\"url\":\"http:\/\/www.liftart.org\/wp-content\/uploads\/2023\/03\/cropped-cropped-LiftArt-2020-Logo-300x100-1-1-1.png\",\"contentUrl\":\"http:\/\/www.liftart.org\/wp-content\/uploads\/2023\/03\/cropped-cropped-LiftArt-2020-Logo-300x100-1-1-1.png\",\"width\":300,\"height\":100,\"caption\":\"LiftArt Merdiven Asans\u00f6r\u00fc\"},\"image\":{\"@id\":\"https:\/\/www.liftart.org\/en\/#\/schema\/logo\/image\/\"},\"sameAs\":[\"https:\/\/www.facebook.com\/liftartasansor\",\"https:\/\/twitter.com\/liftartasansor\",\"https:\/\/www.instagram.com\/liftartasansor\/\",\"https:\/\/www.youtube.com\/channel\/UCKV9dKwP-Lz7LNNdvZDIoLg\"]}]}<\/script>\n<!-- \/ Yoast SEO plugin. -->","yoast_head_json":{"title":"Disabled Platform Lift - LiftArt Merdiven Asans\u00f6r\u00fc","robots":{"index":"index","follow":"follow","max-snippet":"max-snippet:-1","max-image-preview":"max-image-preview:large","max-video-preview":"max-video-preview:-1"},"canonical":"https:\/\/www.liftart.org\/en\/engelli-asansoru-acik-tip\/","og_locale":"en_US","og_type":"article","og_title":"Disabled Platform Lift - LiftArt Merdiven Asans\u00f6r\u00fc","og_description":"[vc_row][vc_column css=&#8221;.vc_custom_1678474716041{background-position: center !important;background-repeat: no-repeat !important;background-size: cover !important;}&#8221;][\/vc_column][\/vc_row][vc_row][vc_column][vc_column_text] Disabled Platfom Lift Disabled lift open type model,...","og_url":"https:\/\/www.liftart.org\/en\/engelli-asansoru-acik-tip\/","og_site_name":"LiftArt Merdiven Asans\u00f6r\u00fc","article_publisher":"https:\/\/www.facebook.com\/liftartasansor","article_modified_time":"2023-03-28T20:44:41+00:00","twitter_card":"summary_large_image","twitter_site":"@liftartasansor","twitter_misc":{"Est. reading time":"3 minutes"},"schema":{"@context":"https:\/\/schema.org","@graph":[{"@type":"WebPage","@id":"https:\/\/www.liftart.org\/en\/engelli-asansoru-acik-tip\/","url":"https:\/\/www.liftart.org\/en\/engelli-asansoru-acik-tip\/","name":"Disabled Platform Lift - LiftArt Merdiven Asans\u00f6r\u00fc","isPartOf":{"@id":"https:\/\/www.liftart.org\/en\/#website"},"datePublished":"2023-03-13T18:13:10+00:00","dateModified":"2023-03-28T20:44:41+00:00","breadcrumb":{"@id":"https:\/\/www.liftart.org\/en\/engelli-asansoru-acik-tip\/#breadcrumb"},"inLanguage":"en-US","potentialAction":[{"@type":"ReadAction","target":[["https:\/\/www.liftart.org\/en\/engelli-asansoru-acik-tip\/"]]}]},{"@type":"BreadcrumbList","@id":"https:\/\/www.liftart.org\/en\/engelli-asansoru-acik-tip\/#breadcrumb","itemListElement":[{"@type":"ListItem","position":1,"name":"Anasayfa","item":"https:\/\/www.liftart.org\/en\/"},{"@type":"ListItem","position":2,"name":"Disabled Platform Lift"}]},{"@type":"WebSite","@id":"https:\/\/www.liftart.org\/en\/#website","url":"https:\/\/www.liftart.org\/en\/","name":"LiftArt Merdiven Asans\u00f6r\u00fc","description":"Engelli Asans\u00f6r\u00fc, Ev Asans\u00f6r\u00fc","publisher":{"@id":"https:\/\/www.liftart.org\/en\/#organization"},"potentialAction":[{"@type":"SearchAction","target":{"@type":"EntryPoint","urlTemplate":"https:\/\/www.liftart.org\/en\/?s={search_term_string}"},"query-input":"required name=search_term_string"}],"inLanguage":"en-US"},{"@type":"Organization","@id":"https:\/\/www.liftart.org\/en\/#organization","name":"LiftArt Merdiven Asans\u00f6r\u00fc","url":"https:\/\/www.liftart.org\/en\/","logo":{"@type":"ImageObject","inLanguage":"en-US","@id":"https:\/\/www.liftart.org\/en\/#\/schema\/logo\/image\/","url":"http:\/\/www.liftart.org\/wp-content\/uploads\/2023\/03\/cropped-cropped-LiftArt-2020-Logo-300x100-1-1-1.png","contentUrl":"http:\/\/www.liftart.org\/wp-content\/uploads\/2023\/03\/cropped-cropped-LiftArt-2020-Logo-300x100-1-1-1.png","width":300,"height":100,"caption":"LiftArt Merdiven Asans\u00f6r\u00fc"},"image":{"@id":"https:\/\/www.liftart.org\/en\/#\/schema\/logo\/image\/"},"sameAs":["https:\/\/www.facebook.com\/liftartasansor","https:\/\/twitter.com\/liftartasansor","https:\/\/www.instagram.com\/liftartasansor\/","https:\/\/www.youtube.com\/channel\/UCKV9dKwP-Lz7LNNdvZDIoLg"]}]}},"_links":{"self":[{"href":"https:\/\/www.liftart.org\/en\/wp-json\/wp\/v2\/pages\/6901","targetHints":{"allow":["GET"]}}],"collection":[{"href":"https:\/\/www.liftart.org\/en\/wp-json\/wp\/v2\/pages"}],"about":[{"href":"https:\/\/www.liftart.org\/en\/wp-json\/wp\/v2\/types\/page"}],"author":[{"embeddable":true,"href":"https:\/\/www.liftart.org\/en\/wp-json\/wp\/v2\/users\/1"}],"replies":[{"embeddable":true,"href":"https:\/\/www.liftart.org\/en\/wp-json\/wp\/v2\/comments?post=6901"}],"version-history":[{"count":16,"href":"https:\/\/www.liftart.org\/en\/wp-json\/wp\/v2\/pages\/6901\/revisions"}],"predecessor-version":[{"id":7729,"href":"https:\/\/www.liftart.org\/en\/wp-json\/wp\/v2\/pages\/6901\/revisions\/7729"}],"wp:attachment":[{"href":"https:\/\/www.liftart.org\/en\/wp-json\/wp\/v2\/media?parent=6901"}],"curies":[{"name":"wp","href":"https:\/\/api.w.org\/{rel}","templated":true}]}}