{"id":6939,"date":"2023-03-14T16:12:49","date_gmt":"2023-03-14T13:12:49","guid":{"rendered":"http:\/\/www.liftart.org\/?page_id=6939"},"modified":"2023-03-14T16:14:29","modified_gmt":"2023-03-14T13:14:29","slug":"havuz-asansorleri","status":"publish","type":"page","link":"https:\/\/www.liftart.org\/en\/havuz-asansorleri\/","title":{"rendered":"Havuz Asans\u00f6rleri"},"content":{"rendered":"<section class=\"wpb-content-wrapper\"><p>[vc_row][vc_column css=&#8221;.vc_custom_1678474716041{background-position: center !important;background-repeat: no-repeat !important;background-size: cover !important;}&#8221;]<div class=\"tlg-spacer \" data-height=\"10\" data-height-tablet=\"10\" data-height-mobile=\"100\" style=\"clear:both;display:block;height:10px;\"><\/div>[\/vc_column][\/vc_row][vc_row][vc_column][vc_column_text]<\/p>\n<h1 class=\"entry-title\">Havuz Asans\u00f6rleri<\/h1>\n<h3><strong>Havuz Asans\u00f6r\u00fc: Aqualift<\/strong><\/h3>\n<p>Marka: Aqualift<br \/>\n\u00dcretici: LiftArt<br \/>\nMen\u015fei: T\u00fcrkiye<\/p>\n<p>Garanti s\u00fcresi: %100 T\u00fcrk mal\u0131d\u0131r ve 5 Y\u0131l imalat ve montaj hatalar\u0131na kar\u015f\u0131, 10 y\u0131lda yedek par\u00e7a temini ve servis alabilmeniz a\u00e7\u0131s\u0131ndan GARANT\u0130L\u0130D\u0130R.<br \/>\nKapasite: 200 kg \u2013 250 kg ve 300 kg (modele g\u00f6re de\u011fi\u015fmektedir)<\/p>\n<p>Model: AL-180 (Otomatik, 180 dereceye kadar kendisi d\u00f6ner)<br \/>\nModel: ML-360 (Manuel, 360 derece manuel olarak d\u00f6nd\u00fcr\u00fclebilir)<br \/>\nModel: SL (Portatif havuzlar i\u00e7indir, zemin \u00fcst\u00fc havuzlar i\u00e7in)<br \/>\nModel: DL (\u0130skele i\u00e7indir)<br \/>\nModel: YL-360 (Manuel, \u00fcst\u00fc \u00f6rt\u00fclen havuzlar i\u00e7indir)<\/p>\n<p><strong>Teknik \u00d6zellikleri:<\/strong><br \/>\n1. Su ile \u00e7al\u0131\u015f\u0131r. 4 ile 6 bar su bas\u0131nc\u0131 yeter. (\u015eehir \u015febeke su bas\u0131nc\u0131d\u0131r): Aqualift Havuz Asans\u00f6r\u00fc\u2019n\u00fcn kald\u0131rma yapabilmesi i\u00e7in d\u00fc\u015f\u00fck bas\u0131n\u00e7l\u0131 su yeterlidir. \u015eehir \u015febeke suyunun bas\u0131nc\u0131yla (4-6 bar) dahi 200 kg. a\u011f\u0131rl\u0131\u011f\u0131ndaki bir insan\u0131 Aqualift kolayl\u0131kla kald\u0131rabilir. Musluk suyu, havuz suyu, deniz suyu vb. su tipleriyle \u00e7al\u0131\u015fabilir.<\/p>\n<p>2. Paslanmazd\u0131r. AquaLift\u2019in tamam\u0131 paslanmaz ve sa\u011fl\u0131\u011f\u0131 tehdit etmeyen malzemelerden \u00fcretilmi\u015ftir. Bu sebeple hijyeniktir. Yap\u0131s\u0131nda kullan\u0131lan 304 ve 316 kalite paslanmaz \u00e7elik, teflon ve benzeri plastik malzemeler sayesinde sudan hi\u00e7bir \u015fekilde etkilenmez. Uzun s\u00fcre su i\u00e7erisinde kalabilir.<\/p>\n<p>3. Tek ki\u015fi kullanabilir. Aqualift\u2019in AL modelleri ile havuza inmek ve havuzdan \u00e7\u0131kmak i\u00e7in kesinlikle bir yard\u0131mc\u0131ya ihtiya\u00e7 duyulmaz. Aqualift Havuz Asans\u00f6r\u00fc\u2019n\u00fcn kumandalar\u0131 hem havuz d\u0131\u015f\u0131ndan hem de i\u00e7inden ula\u015f\u0131labilecek noktalara yerle\u015ftirilmi\u015ftir. Ayr\u0131ca bu sayede havuza inmi\u015f koltu\u011fun havuz d\u0131\u015f\u0131ndan \u00e7a\u011fr\u0131lmas\u0131 ya da havuz d\u0131\u015f\u0131ndaki koltu\u011fun havuz i\u00e7inden \u00e7a\u011fr\u0131lmas\u0131 m\u00fcmk\u00fcn olabilmektedir.<\/p>\n<p>4. D\u00f6n\u00fc\u015f\u00fc tam otomatiktir. Aqualift\u2019in AL modellerinde koltuk, \u00f6zel k\u0131lavuzlama sistemi sayesinde kendi \u00e7evresinde otomatik olarak d\u00f6ner ve havuza giri\u015f \u00e7\u0131k\u0131\u015f\u0131n konforlu bir \u015fekilde ger\u00e7ekle\u015fmesini sa\u011flar. Bu sayede d\u00f6n\u00fc\u015f i\u015flemi i\u00e7in bir ba\u015fka yard\u0131mc\u0131ya ihtiya\u00e7 duyulmaz. Sipari\u015f a\u015famas\u0131nda d\u00f6n\u00fc\u015f y\u00f6n\u00fc ve d\u00f6n\u00fc\u015f a\u00e7\u0131s\u0131 tercihi yap\u0131labilir.<\/p>\n<p>5. Elektrik, pil, ak\u00fc gerektirmez. Aqualift Havuz Asans\u00f6r\u00fc, \u00e7al\u0131\u015fmak i\u00e7in d\u00fc\u015f\u00fck bas\u0131n\u00e7l\u0131 su d\u0131\u015f\u0131nda hi\u00e7bir enerjiye veya ek donan\u0131ma ihtiya\u00e7 duymaz. \u00c7al\u0131\u015ft\u0131rmak i\u00e7in su hortumunu Aqualift\u2019e ba\u011flamak yeterlidir. Elektrik gerektirecek herhangi bir sistemi olmad\u0131\u011f\u0131ndan hem g\u00fcvenli hem de sarfiyats\u0131zd\u0131r.<\/p>\n<p>6. Portatiftir, alet kullanmadan tak\u0131l\u0131p, \u00e7\u0131kart\u0131labilir. Aqualift Havuz Asans\u00f6r\u00fc, monte edildikten sonra hi\u00e7bir alet ve cihaz kullanmadan kolayl\u0131kla yerinden \u00e7\u0131kart\u0131labilir. Tekerlekleri vas\u0131tas\u0131yla ta\u015f\u0131nabilir, depolanabilir ve gerekti\u011finde tekrar yerine tak\u0131labilir. Montaj\u0131 \u00e7ok kolayd\u0131r.<\/p>\n<p><strong>AL-180<\/strong><br \/>\nOtomatiktir. Ta\u015fma kanall\u0131 veya skimmer sistemli havuzlar i\u00e7indir.<br \/>\nHavuza ini\u015f ve havuzdan \u00e7\u0131k\u0131\u015f s\u0131ras\u0131nda koltuk d\u00f6n\u00fc\u015f hareketini tamamen otomatik olarak ger\u00e7ekle\u015ftirir. Bu sayede yard\u0131mc\u0131s\u0131z olarak da kullan\u0131labilir. Koltuk d\u00f6n\u00fc\u015f a\u00e7\u0131s\u0131 havuz kenar formuna g\u00f6re de\u011fi\u015ftirilebilir Hemen her tip havuz i\u00e7in uygundur.<br \/>\n<strong>ML-360<\/strong><br \/>\nManuel. Ta\u015fma kanall\u0131 veya skimmer sistemli havuzlar i\u00e7indir.<br \/>\nHavuza ini\u015f ve havuzdan \u00e7\u0131k\u0131\u015f s\u0131ras\u0131nda koltuk d\u00f6n\u00fc\u015f hareketi kullan\u0131c\u0131 ya da yard\u0131mc\u0131 taraf\u0131ndan yap\u0131lmal\u0131d\u0131r. Genellikle yard\u0131mc\u0131l\u0131 kullan\u0131l\u0131r. A\u00e7\u0131 k\u0131s\u0131tlamas\u0131 yoktur. Bu sayede hem havuz i\u00e7inde hem de d\u0131\u015f\u0131nda de\u011fi\u015fik a\u00e7\u0131larda ini\u015f ger\u00e7ekle\u015ftirilebilir.<br \/>\nHemen her tip havuz i\u00e7in uygundur.<br \/>\n<strong>SL<\/strong><br \/>\nSPA havuzlar\u0131 veya portatif havuzlar i\u00e7in uygundur.<br \/>\nManuel modelin bir ba\u015fka tipidir. Havuza ini\u015f ve havuzdan \u00e7\u0131k\u0131\u015f s\u0131ras\u0131nda koltuk d\u00f6n\u00fc\u015f hareketi kullan\u0131c\u0131 ya da yard\u0131mc\u0131 taraf\u0131ndan yap\u0131lmal\u0131d\u0131r. Genellikle yard\u0131mc\u0131l\u0131 kullan\u0131l\u0131r. A\u00e7\u0131 k\u0131s\u0131tlamas\u0131 yoktur. Bu sayede hem havuz i\u00e7inde hem de d\u0131\u015f\u0131nda de\u011fi\u015fik a\u00e7\u0131larda ini\u015f ger\u00e7ekle\u015ftirilebilir. Daha \u00e7ok yerden y\u00fcksek kenar\u0131 olan havuzlar ve portatif havuzlar i\u00e7in uygundur.<br \/>\n<strong>DL<\/strong><br \/>\nDenizde kullan\u0131m i\u00e7indir.<br \/>\nDeniz ve\/veya tekneye ula\u015fabilmek i\u00e7in iskele ve teknelere monte edilebilen bir modeldir. Di\u011fer \u00f6zellikleri se\u00e7ime g\u00f6re AL ve ML modellerine benzemektedir.<br \/>\n<strong>YL<\/strong><br \/>\nManuel. Ta\u015fma kanall\u0131 veya skimmer sistemli havuzlar i\u00e7in uygundur.<br \/>\n\u00dcst\u00fc \u00f6rt\u00fclen havuzlar i\u00e7in kullan\u0131l\u0131r. \u00d6zellikleri ML modeli ile benzerlik g\u00f6stermektedir.<\/p>\n<p><strong>Aqualift hakk\u0131nda;<\/strong><br \/>\nLiftArt ilk havuz asans\u00f6r\u00fcn\u00fc 2004 y\u0131l\u0131nda \u00fcretmeye ba\u015flam\u0131\u015f, iki y\u0131ll\u0131k testlerin sonucunda yani 2006 y\u0131l\u0131nda ilk \u00fcr\u00fcn\u00fcn\u00fc sat\u0131\u015fa sunmu\u015ftur. 5 y\u0131l i\u00e7erisinde sat\u0131\u015flar\u0131 senelik 300 adede yakla\u015fm\u0131\u015ft\u0131r. \u00dcretiminin %40 n\u0131 ihra\u00e7 etmektedir.<\/p>\n<p>Bir \u00e7ok \u00f6nemli tesis havuzlar\u0131nda Aqualift kullanmaktad\u0131r. L\u00fctfen Aqualift bulunan tesisleri sorunuz.[\/vc_column_text][\/vc_column][\/vc_row][vc_row][vc_column width=&#8221;1\/2&#8243;]<div class=\"tlg-spacer \" data-height=\"30\" data-height-tablet=\"30\" data-height-mobile=\"30\" style=\"clear:both;display:block;height:30px;\"><\/div><div  class=\"boxed-intro-content heavy-shadow zoom-hover bg-white  \">\n\t\t\t\t\t\t\t<div class=\"intro-image border-radious-top overflow-hidden\"><img loading=\"lazy\" decoding=\"async\" width=\"300\" height=\"200\" src=\"https:\/\/www.liftart.org\/wp-content\/uploads\/2023\/03\/aqualift-300x200-1.jpg\" class=\"background-image\" alt=\"\" \/>\n\t\t\t\t\t\t\t<\/div>\n\t\t\t\t\t\t\t<div class=\"intro-content pt32 pb16 pl-32 pr-32\"><h5  class=\"widgettitle dark-color mb16\">Pool Lift: Aqualift<\/h5><div  class=\"text-color mt24\">Aqualift Pool Lift is a lift for disabled \/ handicapped, elderly and overweight people to access to a pool, sea, [\u2026]<\/div><a  id=\"btn-69e163c572878\" class=\"btn-new btn-1 btn-1d ti-angle-right  btn-lg btn-sm-sm text-center mr-0 mb0 mt24\" href= \"https:\/\/liftart.org\/en\/asansorler\/havuz-asansoru-aqualift\/\" target=\"_self\" >DETAILS<\/a><\/div>\n\t\t\t\t\t\t<\/div>[\/vc_column][vc_column width=&#8221;1\/2&#8243;]<div class=\"tlg-spacer \" data-height=\"30\" data-height-tablet=\"30\" data-height-mobile=\"30\" style=\"clear:both;display:block;height:30px;\"><\/div><div  class=\"boxed-intro-content heavy-shadow zoom-hover bg-white  \">\n\t\t\t\t\t\t\t<div class=\"intro-image border-radious-top overflow-hidden\"><img loading=\"lazy\" decoding=\"async\" width=\"300\" height=\"200\" src=\"https:\/\/www.liftart.org\/wp-content\/uploads\/2023\/03\/iswim-300x200-1.jpg\" class=\"background-image\" alt=\"\" \/>\n\t\t\t\t\t\t\t<\/div>\n\t\t\t\t\t\t\t<div class=\"intro-content pt32 pb16 pl-32 pr-32\"><h5  class=\"widgettitle dark-color mb16\">Pool Lift \u2013 with Battery \u2013 iSwim<\/h5><div  class=\"text-color mt24\">I-SWIM Pool Lift iSwim 1 and iSwim 2 Battery Powered Mobile Type Pool Lift 2 models are available. iSwim 1 [\u2026]<\/div><a  id=\"btn-69e163c5729c3\" class=\"btn-new btn-1 btn-1d ti-angle-right  btn-lg btn-sm-sm text-center mr-0 mb0 mt24\" href= \"https:\/\/liftart.org\/en\/asansorler\/havuz-asansoru-akulu-iswim\/\" target=\"_self\" >DETAILS<\/a><\/div>\n\t\t\t\t\t\t<\/div>[\/vc_column][\/vc_row][vc_row tlg_background_style=&#8221;bg-primary&#8221;][vc_column]<div class=\"display-table\"><div class=\"display-cell display-none-sm\"><i  class=\"fade-color ms-text mr-24 ti-mobile icon\"><\/i><\/div>\n\t\t\t\t\t<div class=\"display-cell text-center-sm\">\n\t\t\t\t\t\t<div  class=\"maintitle ms-text\">Merdiven Asans\u00f6rleri ve Modelleri Ke\u015fif, Fiyatland\u0131rma i\u00e7in aray\u0131n\u0131z: 0549 608 00 70<\/div>\n\t\t\t\t\t\t<div  class=\"subtitle\"><\/div>\n\t\t\t\t\t<\/div>\n\t\t\t\t\t<div class=\"display-cell text-center-sm text-right\"><\/div>\n\t\t\t\t<\/div>[\/vc_column][\/vc_row][vc_row][vc_column][vc_column_text]AQUALIFT Havuz Asans\u00f6r\u00fc; kilolu, ya\u015fl\u0131, engelli veya engelsiz t\u00fcm insanlar\u0131n; otel, kapl\u0131ca ve benzeri tesislerin havuzlar\u0131na konforlu bir \u015fekilde girip \u00e7\u0131kmalar\u0131n\u0131 sa\u011flayan, son derece g\u00fcvenli ve estetik modern bir asans\u00f6rd\u00fcr.<\/p>\n<p>Su ile \u00e7al\u0131\u015f\u0131r, paslanmazd\u0131r, ak\u00fc ve elektrik gerektirmez, bak\u0131m maliyeti yoktur.<\/p>\n<p>2 y\u0131l garantilidir..! Tamam\u0131 ile T\u00fcrk m\u00fchendisleri taraf\u0131ndan \u00fcretilmi\u015f, %100 T\u00fcrk mal\u0131d\u0131r.<\/p>\n<p><strong>Size havuz keyfini ya\u015fatacak \u00f6zel bir \u00fcr\u00fcn\u2026<\/strong><\/p>\n<p>Kilolu, ya\u015fl\u0131 veya engellilerin \u00f6zg\u00fcrce havuza girebilmeleri i\u00e7in \u00fcrettik. \u00dcr\u00fcn\u00fcm\u00fcze o kadar g\u00f6veniyoruz ki; 5 y\u0131l garanti veriyoruz.<\/p>\n<p>Modele g\u00f6re 2 veya 5 Y\u0131l Garantili Havuz Asans\u00f6r\u00fc\u2026 Aqualift..! Made in Turkiye..!<\/p>\n<p>Engelli turizmi devaml\u0131 geli\u015fmekte ve turizm acentalar\u0131 otellerden, engellilere y\u00f6nelik \u00fcr\u00fcnlerle birlikte tesisde havuz asans\u00f6r\u00fcn\u00fcn de bulunmas\u0131n\u0131 \u00f6zellikle talep etmektedirler.<\/p>\n<p><em>LiftArt T\u00fcrkiye, Bulgaristan, Kazakistan ve Azerbaycan i\u00e7in Handicare firmas\u0131n\u0131n tek m\u00fcmessili ve Genel Distrib\u00fct\u00f6r\u00fcd\u00fcr..!<\/em><\/p>\n<p><b>\u015eirketimizden merdiven asans\u00f6r\u00fc veya\u00a0<em>koltuk asans\u00f6r\u00fc\u2019ne<\/em>\u00a0servis\u00a0garantili olarak\u00a0uygun fiyat ve ko\u015fullarda sahip olabilirsiniz\u2026<\/b><\/p>\n<p><a href=\"https:\/\/liftart.org\/merdiven-asansoru-nasil-secilir\/\">\u201cMerdiven Asans\u00f6r\u00fc Nas\u0131l Se\u00e7ilir\u201d<\/a>\u00a0ba\u015fl\u0131kl\u0131 yaz\u0131m\u0131z ilginizi \u00e7ekebilir..!<br \/>\n<a href=\"https:\/\/liftart.org\/cift-motorlu-merdiven-asansoru\/\">Neden \u00c7ift Motorlu Merdiven Asans\u00f6r\u00fc Se\u00e7meliyiz?<\/a><br \/>\n<img fetchpriority=\"high\" decoding=\"async\" src=\"http:\/\/evasansoru.com\/lift\/wp-content\/uploads\/2018\/07\/aqualift8.jpg\" alt=\"\" width=\"100%\" \/>[\/vc_column_text][\/vc_column][\/vc_row]<\/p>\n<\/section>","protected":false},"excerpt":{"rendered":"<p>[vc_row][vc_column css=&#8221;.vc_custom_1678474716041{background-position: center !important;background-repeat: no-repeat !important;background-size: cover !important;}&#8221;][\/vc_column][\/vc_row][vc_row][vc_column][vc_column_text] Havuz Asans\u00f6rleri Havuz Asans\u00f6r\u00fc: Aqualift Marka: Aqualift \u00dcretici:&#8230;<\/p>\n","protected":false},"author":1,"featured_media":6941,"parent":0,"menu_order":0,"comment_status":"closed","ping_status":"closed","template":"","meta":{"footnotes":""},"class_list":["post-6939","page","type-page","status-publish","has-post-thumbnail","hentry"],"yoast_head":"<!-- This site is optimized with the Yoast SEO plugin v20.4 - https:\/\/yoast.com\/wordpress\/plugins\/seo\/ -->\n<title>Havuz Asans\u00f6rleri - LiftArt Merdiven Asans\u00f6r\u00fc<\/title>\n<meta name=\"robots\" content=\"index, follow, max-snippet:-1, max-image-preview:large, max-video-preview:-1\" \/>\n<link rel=\"canonical\" href=\"https:\/\/www.liftart.org\/en\/havuz-asansorleri\/\" \/>\n<meta property=\"og:locale\" content=\"en_US\" \/>\n<meta property=\"og:type\" content=\"article\" \/>\n<meta property=\"og:title\" content=\"Havuz Asans\u00f6rleri - LiftArt Merdiven Asans\u00f6r\u00fc\" \/>\n<meta property=\"og:description\" content=\"[vc_row][vc_column css=&#8221;.vc_custom_1678474716041{background-position: center !important;background-repeat: no-repeat !important;background-size: cover !important;}&#8221;][\/vc_column][\/vc_row][vc_row][vc_column][vc_column_text] Havuz Asans\u00f6rleri Havuz Asans\u00f6r\u00fc: Aqualift Marka: Aqualift \u00dcretici:...\" \/>\n<meta property=\"og:url\" content=\"https:\/\/www.liftart.org\/en\/havuz-asansorleri\/\" \/>\n<meta property=\"og:site_name\" content=\"LiftArt Merdiven Asans\u00f6r\u00fc\" \/>\n<meta property=\"article:publisher\" content=\"https:\/\/www.facebook.com\/liftartasansor\" \/>\n<meta property=\"article:modified_time\" content=\"2023-03-14T13:14:29+00:00\" \/>\n<meta property=\"og:image\" content=\"https:\/\/www.liftart.org\/wp-content\/uploads\/2023\/03\/aqualift-300x200-1.jpg\" \/>\n\t<meta property=\"og:image:width\" content=\"300\" \/>\n\t<meta property=\"og:image:height\" content=\"200\" \/>\n\t<meta property=\"og:image:type\" content=\"image\/jpeg\" \/>\n<meta name=\"twitter:card\" content=\"summary_large_image\" \/>\n<meta name=\"twitter:site\" content=\"@liftartasansor\" \/>\n<meta name=\"twitter:label1\" content=\"Est. reading time\" \/>\n\t<meta name=\"twitter:data1\" content=\"12 minutes\" \/>\n<script type=\"application\/ld+json\" class=\"yoast-schema-graph\">{\"@context\":\"https:\/\/schema.org\",\"@graph\":[{\"@type\":\"WebPage\",\"@id\":\"https:\/\/www.liftart.org\/en\/havuz-asansorleri\/\",\"url\":\"https:\/\/www.liftart.org\/en\/havuz-asansorleri\/\",\"name\":\"Havuz Asans\u00f6rleri - LiftArt Merdiven Asans\u00f6r\u00fc\",\"isPartOf\":{\"@id\":\"https:\/\/www.liftart.org\/en\/#website\"},\"datePublished\":\"2023-03-14T13:12:49+00:00\",\"dateModified\":\"2023-03-14T13:14:29+00:00\",\"breadcrumb\":{\"@id\":\"https:\/\/www.liftart.org\/en\/havuz-asansorleri\/#breadcrumb\"},\"inLanguage\":\"en-US\",\"potentialAction\":[{\"@type\":\"ReadAction\",\"target\":[[\"https:\/\/www.liftart.org\/en\/havuz-asansorleri\/\"]]}]},{\"@type\":\"BreadcrumbList\",\"@id\":\"https:\/\/www.liftart.org\/en\/havuz-asansorleri\/#breadcrumb\",\"itemListElement\":[{\"@type\":\"ListItem\",\"position\":1,\"name\":\"Anasayfa\",\"item\":\"https:\/\/www.liftart.org\/en\/\"},{\"@type\":\"ListItem\",\"position\":2,\"name\":\"Havuz Asans\u00f6rleri\"}]},{\"@type\":\"WebSite\",\"@id\":\"https:\/\/www.liftart.org\/en\/#website\",\"url\":\"https:\/\/www.liftart.org\/en\/\",\"name\":\"LiftArt Merdiven Asans\u00f6r\u00fc\",\"description\":\"Engelli Asans\u00f6r\u00fc, Ev Asans\u00f6r\u00fc\",\"publisher\":{\"@id\":\"https:\/\/www.liftart.org\/en\/#organization\"},\"potentialAction\":[{\"@type\":\"SearchAction\",\"target\":{\"@type\":\"EntryPoint\",\"urlTemplate\":\"https:\/\/www.liftart.org\/en\/?s={search_term_string}\"},\"query-input\":\"required name=search_term_string\"}],\"inLanguage\":\"en-US\"},{\"@type\":\"Organization\",\"@id\":\"https:\/\/www.liftart.org\/en\/#organization\",\"name\":\"LiftArt Merdiven Asans\u00f6r\u00fc\",\"url\":\"https:\/\/www.liftart.org\/en\/\",\"logo\":{\"@type\":\"ImageObject\",\"inLanguage\":\"en-US\",\"@id\":\"https:\/\/www.liftart.org\/en\/#\/schema\/logo\/image\/\",\"url\":\"http:\/\/www.liftart.org\/wp-content\/uploads\/2023\/03\/cropped-cropped-LiftArt-2020-Logo-300x100-1-1-1.png\",\"contentUrl\":\"http:\/\/www.liftart.org\/wp-content\/uploads\/2023\/03\/cropped-cropped-LiftArt-2020-Logo-300x100-1-1-1.png\",\"width\":300,\"height\":100,\"caption\":\"LiftArt Merdiven Asans\u00f6r\u00fc\"},\"image\":{\"@id\":\"https:\/\/www.liftart.org\/en\/#\/schema\/logo\/image\/\"},\"sameAs\":[\"https:\/\/www.facebook.com\/liftartasansor\",\"https:\/\/twitter.com\/liftartasansor\",\"https:\/\/www.instagram.com\/liftartasansor\/\",\"https:\/\/www.youtube.com\/channel\/UCKV9dKwP-Lz7LNNdvZDIoLg\"]}]}<\/script>\n<!-- \/ Yoast SEO plugin. -->","yoast_head_json":{"title":"Havuz Asans\u00f6rleri - LiftArt Merdiven Asans\u00f6r\u00fc","robots":{"index":"index","follow":"follow","max-snippet":"max-snippet:-1","max-image-preview":"max-image-preview:large","max-video-preview":"max-video-preview:-1"},"canonical":"https:\/\/www.liftart.org\/en\/havuz-asansorleri\/","og_locale":"en_US","og_type":"article","og_title":"Havuz Asans\u00f6rleri - LiftArt Merdiven Asans\u00f6r\u00fc","og_description":"[vc_row][vc_column css=&#8221;.vc_custom_1678474716041{background-position: center !important;background-repeat: no-repeat !important;background-size: cover !important;}&#8221;][\/vc_column][\/vc_row][vc_row][vc_column][vc_column_text] Havuz Asans\u00f6rleri Havuz Asans\u00f6r\u00fc: Aqualift Marka: Aqualift \u00dcretici:...","og_url":"https:\/\/www.liftart.org\/en\/havuz-asansorleri\/","og_site_name":"LiftArt Merdiven Asans\u00f6r\u00fc","article_publisher":"https:\/\/www.facebook.com\/liftartasansor","article_modified_time":"2023-03-14T13:14:29+00:00","og_image":[{"width":300,"height":200,"url":"https:\/\/www.liftart.org\/wp-content\/uploads\/2023\/03\/aqualift-300x200-1.jpg","type":"image\/jpeg"}],"twitter_card":"summary_large_image","twitter_site":"@liftartasansor","twitter_misc":{"Est. reading time":"12 minutes"},"schema":{"@context":"https:\/\/schema.org","@graph":[{"@type":"WebPage","@id":"https:\/\/www.liftart.org\/en\/havuz-asansorleri\/","url":"https:\/\/www.liftart.org\/en\/havuz-asansorleri\/","name":"Havuz Asans\u00f6rleri - LiftArt Merdiven Asans\u00f6r\u00fc","isPartOf":{"@id":"https:\/\/www.liftart.org\/en\/#website"},"datePublished":"2023-03-14T13:12:49+00:00","dateModified":"2023-03-14T13:14:29+00:00","breadcrumb":{"@id":"https:\/\/www.liftart.org\/en\/havuz-asansorleri\/#breadcrumb"},"inLanguage":"en-US","potentialAction":[{"@type":"ReadAction","target":[["https:\/\/www.liftart.org\/en\/havuz-asansorleri\/"]]}]},{"@type":"BreadcrumbList","@id":"https:\/\/www.liftart.org\/en\/havuz-asansorleri\/#breadcrumb","itemListElement":[{"@type":"ListItem","position":1,"name":"Anasayfa","item":"https:\/\/www.liftart.org\/en\/"},{"@type":"ListItem","position":2,"name":"Havuz Asans\u00f6rleri"}]},{"@type":"WebSite","@id":"https:\/\/www.liftart.org\/en\/#website","url":"https:\/\/www.liftart.org\/en\/","name":"LiftArt Merdiven Asans\u00f6r\u00fc","description":"Engelli Asans\u00f6r\u00fc, Ev Asans\u00f6r\u00fc","publisher":{"@id":"https:\/\/www.liftart.org\/en\/#organization"},"potentialAction":[{"@type":"SearchAction","target":{"@type":"EntryPoint","urlTemplate":"https:\/\/www.liftart.org\/en\/?s={search_term_string}"},"query-input":"required name=search_term_string"}],"inLanguage":"en-US"},{"@type":"Organization","@id":"https:\/\/www.liftart.org\/en\/#organization","name":"LiftArt Merdiven Asans\u00f6r\u00fc","url":"https:\/\/www.liftart.org\/en\/","logo":{"@type":"ImageObject","inLanguage":"en-US","@id":"https:\/\/www.liftart.org\/en\/#\/schema\/logo\/image\/","url":"http:\/\/www.liftart.org\/wp-content\/uploads\/2023\/03\/cropped-cropped-LiftArt-2020-Logo-300x100-1-1-1.png","contentUrl":"http:\/\/www.liftart.org\/wp-content\/uploads\/2023\/03\/cropped-cropped-LiftArt-2020-Logo-300x100-1-1-1.png","width":300,"height":100,"caption":"LiftArt Merdiven Asans\u00f6r\u00fc"},"image":{"@id":"https:\/\/www.liftart.org\/en\/#\/schema\/logo\/image\/"},"sameAs":["https:\/\/www.facebook.com\/liftartasansor","https:\/\/twitter.com\/liftartasansor","https:\/\/www.instagram.com\/liftartasansor\/","https:\/\/www.youtube.com\/channel\/UCKV9dKwP-Lz7LNNdvZDIoLg"]}]}},"_links":{"self":[{"href":"https:\/\/www.liftart.org\/en\/wp-json\/wp\/v2\/pages\/6939","targetHints":{"allow":["GET"]}}],"collection":[{"href":"https:\/\/www.liftart.org\/en\/wp-json\/wp\/v2\/pages"}],"about":[{"href":"https:\/\/www.liftart.org\/en\/wp-json\/wp\/v2\/types\/page"}],"author":[{"embeddable":true,"href":"https:\/\/www.liftart.org\/en\/wp-json\/wp\/v2\/users\/1"}],"replies":[{"embeddable":true,"href":"https:\/\/www.liftart.org\/en\/wp-json\/wp\/v2\/comments?post=6939"}],"version-history":[{"count":2,"href":"https:\/\/www.liftart.org\/en\/wp-json\/wp\/v2\/pages\/6939\/revisions"}],"predecessor-version":[{"id":6945,"href":"https:\/\/www.liftart.org\/en\/wp-json\/wp\/v2\/pages\/6939\/revisions\/6945"}],"wp:featuredmedia":[{"embeddable":true,"href":"https:\/\/www.liftart.org\/en\/wp-json\/wp\/v2\/media\/6941"}],"wp:attachment":[{"href":"https:\/\/www.liftart.org\/en\/wp-json\/wp\/v2\/media?parent=6939"}],"curies":[{"name":"wp","href":"https:\/\/api.w.org\/{rel}","templated":true}]}}