{"id":7080,"date":"2023-03-22T21:23:34","date_gmt":"2023-03-22T18:23:34","guid":{"rendered":"http:\/\/www.liftart.org\/?page_id=7080"},"modified":"2023-03-23T16:22:18","modified_gmt":"2023-03-23T13:22:18","slug":"engelli-asansoru-modelleri","status":"publish","type":"page","link":"https:\/\/www.liftart.org\/en\/engelli-asansoru-modelleri\/","title":{"rendered":"(Turkish) Engelli Asans\u00f6r\u00fc Modelleri"},"content":{"rendered":"<p class=\"qtranxs-available-languages-message qtranxs-available-languages-message-en\">Sorry, this entry is only available in <a href=\"https:\/\/www.liftart.org\/tr\/wp-json\/wp\/v2\/pages\/7080\" class=\"qtranxs-available-language-link qtranxs-available-language-link-tr\" title=\"Turkish\">Turkish<\/a>.<\/p>","protected":false},"excerpt":{"rendered":"<p>Sorry, this entry is only available in Turkish.<\/p>\n","protected":false},"author":1,"featured_media":0,"parent":0,"menu_order":0,"comment_status":"closed","ping_status":"closed","template":"","meta":{"footnotes":""},"class_list":["post-7080","page","type-page","status-publish","hentry"],"yoast_head":"<!-- This site is optimized with the Yoast SEO plugin v20.4 - https:\/\/yoast.com\/wordpress\/plugins\/seo\/ -->\n<title>(Turkish) Engelli Asans\u00f6r\u00fc Modelleri - LiftArt Merdiven Asans\u00f6r\u00fc<\/title>\n<meta name=\"description\" content=\"ENGELL\u0130 ASANSORU MODELLER\u0130 L\u0130FTART B\u00dcNYES\u0130NDE. AQUAL\u0130FT, ISWIM ,TERRY ,EXTREME VEGA, MINILIFT, TERRY MELODY 1, TERRY MELODY 2, AK\u00dcL\u00dc ASANS\u00d6R.\" \/>\n<meta name=\"robots\" content=\"index, follow, max-snippet:-1, max-image-preview:large, max-video-preview:-1\" \/>\n<link rel=\"canonical\" href=\"https:\/\/www.liftart.org\/en\/engelli-asansoru-modelleri\/\" \/>\n<meta property=\"og:locale\" content=\"en_US\" \/>\n<meta property=\"og:type\" content=\"article\" \/>\n<meta property=\"og:title\" content=\"(Turkish) Engelli Asans\u00f6r\u00fc Modelleri - LiftArt Merdiven Asans\u00f6r\u00fc\" \/>\n<meta property=\"og:description\" content=\"ENGELL\u0130 ASANSORU MODELLER\u0130 L\u0130FTART B\u00dcNYES\u0130NDE. AQUAL\u0130FT, ISWIM ,TERRY ,EXTREME VEGA, MINILIFT, TERRY MELODY 1, TERRY MELODY 2, AK\u00dcL\u00dc ASANS\u00d6R.\" \/>\n<meta property=\"og:url\" content=\"https:\/\/www.liftart.org\/en\/engelli-asansoru-modelleri\/\" \/>\n<meta property=\"og:site_name\" content=\"LiftArt Merdiven Asans\u00f6r\u00fc\" \/>\n<meta property=\"article:publisher\" content=\"https:\/\/www.facebook.com\/liftartasansor\" \/>\n<meta property=\"article:modified_time\" content=\"2023-03-23T13:22:18+00:00\" \/>\n<meta name=\"twitter:card\" content=\"summary_large_image\" \/>\n<meta name=\"twitter:site\" content=\"@liftartasansor\" \/>\n<meta name=\"twitter:label1\" content=\"Est. reading time\" \/>\n\t<meta name=\"twitter:data1\" content=\"2 minutes\" \/>\n<script type=\"application\/ld+json\" class=\"yoast-schema-graph\">{\"@context\":\"https:\/\/schema.org\",\"@graph\":[{\"@type\":\"WebPage\",\"@id\":\"https:\/\/www.liftart.org\/en\/engelli-asansoru-modelleri\/\",\"url\":\"https:\/\/www.liftart.org\/en\/engelli-asansoru-modelleri\/\",\"name\":\"(Turkish) Engelli Asans\u00f6r\u00fc Modelleri - LiftArt Merdiven Asans\u00f6r\u00fc\",\"isPartOf\":{\"@id\":\"https:\/\/www.liftart.org\/en\/#website\"},\"datePublished\":\"2023-03-22T18:23:34+00:00\",\"dateModified\":\"2023-03-23T13:22:18+00:00\",\"description\":\"ENGELL\u0130 ASANSORU MODELLER\u0130 L\u0130FTART B\u00dcNYES\u0130NDE. AQUAL\u0130FT, ISWIM ,TERRY ,EXTREME VEGA, MINILIFT, TERRY MELODY 1, TERRY MELODY 2, AK\u00dcL\u00dc ASANS\u00d6R.\",\"breadcrumb\":{\"@id\":\"https:\/\/www.liftart.org\/en\/engelli-asansoru-modelleri\/#breadcrumb\"},\"inLanguage\":\"en-US\",\"potentialAction\":[{\"@type\":\"ReadAction\",\"target\":[[\"https:\/\/www.liftart.org\/en\/engelli-asansoru-modelleri\/\"]]}]},{\"@type\":\"BreadcrumbList\",\"@id\":\"https:\/\/www.liftart.org\/en\/engelli-asansoru-modelleri\/#breadcrumb\",\"itemListElement\":[{\"@type\":\"ListItem\",\"position\":1,\"name\":\"Anasayfa\",\"item\":\"https:\/\/www.liftart.org\/en\/\"},{\"@type\":\"ListItem\",\"position\":2,\"name\":\"(Turkish) Engelli Asans\u00f6r\u00fc Modelleri\"}]},{\"@type\":\"WebSite\",\"@id\":\"https:\/\/www.liftart.org\/en\/#website\",\"url\":\"https:\/\/www.liftart.org\/en\/\",\"name\":\"LiftArt Merdiven Asans\u00f6r\u00fc\",\"description\":\"Engelli Asans\u00f6r\u00fc, Ev Asans\u00f6r\u00fc\",\"publisher\":{\"@id\":\"https:\/\/www.liftart.org\/en\/#organization\"},\"potentialAction\":[{\"@type\":\"SearchAction\",\"target\":{\"@type\":\"EntryPoint\",\"urlTemplate\":\"https:\/\/www.liftart.org\/en\/?s={search_term_string}\"},\"query-input\":\"required name=search_term_string\"}],\"inLanguage\":\"en-US\"},{\"@type\":\"Organization\",\"@id\":\"https:\/\/www.liftart.org\/en\/#organization\",\"name\":\"LiftArt Merdiven Asans\u00f6r\u00fc\",\"url\":\"https:\/\/www.liftart.org\/en\/\",\"logo\":{\"@type\":\"ImageObject\",\"inLanguage\":\"en-US\",\"@id\":\"https:\/\/www.liftart.org\/en\/#\/schema\/logo\/image\/\",\"url\":\"http:\/\/www.liftart.org\/wp-content\/uploads\/2023\/03\/cropped-cropped-LiftArt-2020-Logo-300x100-1-1-1.png\",\"contentUrl\":\"http:\/\/www.liftart.org\/wp-content\/uploads\/2023\/03\/cropped-cropped-LiftArt-2020-Logo-300x100-1-1-1.png\",\"width\":300,\"height\":100,\"caption\":\"LiftArt Merdiven Asans\u00f6r\u00fc\"},\"image\":{\"@id\":\"https:\/\/www.liftart.org\/en\/#\/schema\/logo\/image\/\"},\"sameAs\":[\"https:\/\/www.facebook.com\/liftartasansor\",\"https:\/\/twitter.com\/liftartasansor\",\"https:\/\/www.instagram.com\/liftartasansor\/\",\"https:\/\/www.youtube.com\/channel\/UCKV9dKwP-Lz7LNNdvZDIoLg\"]}]}<\/script>\n<!-- \/ Yoast SEO plugin. -->","yoast_head_json":{"title":"(Turkish) Engelli Asans\u00f6r\u00fc Modelleri - LiftArt Merdiven Asans\u00f6r\u00fc","description":"ENGELL\u0130 ASANSORU MODELLER\u0130 L\u0130FTART B\u00dcNYES\u0130NDE. AQUAL\u0130FT, ISWIM ,TERRY ,EXTREME VEGA, MINILIFT, TERRY MELODY 1, TERRY MELODY 2, AK\u00dcL\u00dc ASANS\u00d6R.","robots":{"index":"index","follow":"follow","max-snippet":"max-snippet:-1","max-image-preview":"max-image-preview:large","max-video-preview":"max-video-preview:-1"},"canonical":"https:\/\/www.liftart.org\/en\/engelli-asansoru-modelleri\/","og_locale":"en_US","og_type":"article","og_title":"(Turkish) Engelli Asans\u00f6r\u00fc Modelleri - LiftArt Merdiven Asans\u00f6r\u00fc","og_description":"ENGELL\u0130 ASANSORU MODELLER\u0130 L\u0130FTART B\u00dcNYES\u0130NDE. AQUAL\u0130FT, ISWIM ,TERRY ,EXTREME VEGA, MINILIFT, TERRY MELODY 1, TERRY MELODY 2, AK\u00dcL\u00dc ASANS\u00d6R.","og_url":"https:\/\/www.liftart.org\/en\/engelli-asansoru-modelleri\/","og_site_name":"LiftArt Merdiven Asans\u00f6r\u00fc","article_publisher":"https:\/\/www.facebook.com\/liftartasansor","article_modified_time":"2023-03-23T13:22:18+00:00","twitter_card":"summary_large_image","twitter_site":"@liftartasansor","twitter_misc":{"Est. reading time":"2 minutes"},"schema":{"@context":"https:\/\/schema.org","@graph":[{"@type":"WebPage","@id":"https:\/\/www.liftart.org\/en\/engelli-asansoru-modelleri\/","url":"https:\/\/www.liftart.org\/en\/engelli-asansoru-modelleri\/","name":"(Turkish) Engelli Asans\u00f6r\u00fc Modelleri - LiftArt Merdiven Asans\u00f6r\u00fc","isPartOf":{"@id":"https:\/\/www.liftart.org\/en\/#website"},"datePublished":"2023-03-22T18:23:34+00:00","dateModified":"2023-03-23T13:22:18+00:00","description":"ENGELL\u0130 ASANSORU MODELLER\u0130 L\u0130FTART B\u00dcNYES\u0130NDE. AQUAL\u0130FT, ISWIM ,TERRY ,EXTREME VEGA, MINILIFT, TERRY MELODY 1, TERRY MELODY 2, AK\u00dcL\u00dc ASANS\u00d6R.","breadcrumb":{"@id":"https:\/\/www.liftart.org\/en\/engelli-asansoru-modelleri\/#breadcrumb"},"inLanguage":"en-US","potentialAction":[{"@type":"ReadAction","target":[["https:\/\/www.liftart.org\/en\/engelli-asansoru-modelleri\/"]]}]},{"@type":"BreadcrumbList","@id":"https:\/\/www.liftart.org\/en\/engelli-asansoru-modelleri\/#breadcrumb","itemListElement":[{"@type":"ListItem","position":1,"name":"Anasayfa","item":"https:\/\/www.liftart.org\/en\/"},{"@type":"ListItem","position":2,"name":"(Turkish) Engelli Asans\u00f6r\u00fc Modelleri"}]},{"@type":"WebSite","@id":"https:\/\/www.liftart.org\/en\/#website","url":"https:\/\/www.liftart.org\/en\/","name":"LiftArt Merdiven Asans\u00f6r\u00fc","description":"Engelli Asans\u00f6r\u00fc, Ev Asans\u00f6r\u00fc","publisher":{"@id":"https:\/\/www.liftart.org\/en\/#organization"},"potentialAction":[{"@type":"SearchAction","target":{"@type":"EntryPoint","urlTemplate":"https:\/\/www.liftart.org\/en\/?s={search_term_string}"},"query-input":"required name=search_term_string"}],"inLanguage":"en-US"},{"@type":"Organization","@id":"https:\/\/www.liftart.org\/en\/#organization","name":"LiftArt Merdiven Asans\u00f6r\u00fc","url":"https:\/\/www.liftart.org\/en\/","logo":{"@type":"ImageObject","inLanguage":"en-US","@id":"https:\/\/www.liftart.org\/en\/#\/schema\/logo\/image\/","url":"http:\/\/www.liftart.org\/wp-content\/uploads\/2023\/03\/cropped-cropped-LiftArt-2020-Logo-300x100-1-1-1.png","contentUrl":"http:\/\/www.liftart.org\/wp-content\/uploads\/2023\/03\/cropped-cropped-LiftArt-2020-Logo-300x100-1-1-1.png","width":300,"height":100,"caption":"LiftArt Merdiven Asans\u00f6r\u00fc"},"image":{"@id":"https:\/\/www.liftart.org\/en\/#\/schema\/logo\/image\/"},"sameAs":["https:\/\/www.facebook.com\/liftartasansor","https:\/\/twitter.com\/liftartasansor","https:\/\/www.instagram.com\/liftartasansor\/","https:\/\/www.youtube.com\/channel\/UCKV9dKwP-Lz7LNNdvZDIoLg"]}]}},"_links":{"self":[{"href":"https:\/\/www.liftart.org\/en\/wp-json\/wp\/v2\/pages\/7080","targetHints":{"allow":["GET"]}}],"collection":[{"href":"https:\/\/www.liftart.org\/en\/wp-json\/wp\/v2\/pages"}],"about":[{"href":"https:\/\/www.liftart.org\/en\/wp-json\/wp\/v2\/types\/page"}],"author":[{"embeddable":true,"href":"https:\/\/www.liftart.org\/en\/wp-json\/wp\/v2\/users\/1"}],"replies":[{"embeddable":true,"href":"https:\/\/www.liftart.org\/en\/wp-json\/wp\/v2\/comments?post=7080"}],"version-history":[{"count":12,"href":"https:\/\/www.liftart.org\/en\/wp-json\/wp\/v2\/pages\/7080\/revisions"}],"predecessor-version":[{"id":7237,"href":"https:\/\/www.liftart.org\/en\/wp-json\/wp\/v2\/pages\/7080\/revisions\/7237"}],"wp:attachment":[{"href":"https:\/\/www.liftart.org\/en\/wp-json\/wp\/v2\/media?parent=7080"}],"curies":[{"name":"wp","href":"https:\/\/api.w.org\/{rel}","templated":true}]}}