{"id":7212,"date":"2023-03-23T16:03:03","date_gmt":"2023-03-23T13:03:03","guid":{"rendered":"http:\/\/www.liftart.org\/?page_id=7212"},"modified":"2023-03-23T16:10:49","modified_gmt":"2023-03-23T13:10:49","slug":"engelli-platform-asansoru-terry-melody-1","status":"publish","type":"page","link":"https:\/\/www.liftart.org\/en\/engelli-platform-asansoru-terry-melody-1\/","title":{"rendered":"Engelli Platform Asans\u00f6r\u00fc Terry Melody 1"},"content":{"rendered":"<section class=\"wpb-content-wrapper\"><p>[vc_row][vc_column css=&#8221;.vc_custom_1678474716041{background-position: center !important;background-repeat: no-repeat !important;background-size: cover !important;}&#8221;]<div class=\"tlg-spacer \" data-height=\"10\" data-height-tablet=\"10\" data-height-mobile=\"100\" style=\"clear:both;display:block;height:10px;\"><\/div>[\/vc_column][\/vc_row][vc_row][vc_column][vc_column_text]<\/p>\n<header class=\"entry-header\">\n<header class=\"entry-header\">\n<header class=\"entry-header\">\n<header class=\"entry-header\">\n<h1 class=\"entry-title\"><span style=\"font-size: 18pt;\">Engelli Platform Asans\u00f6r\u00fc Terry Melody 1<\/span><\/h1>\n<\/header>\n<div id=\"primary\" class=\"content-area\">\n<p>&nbsp;<\/p>\n<article id=\"post-1414\" class=\"post-1414 tp-carousel-items type-tp-carousel-items status-publish has-post-thumbnail hentry tpcarousel_cat-engelli-asansorleri tpcarousel_cat-engelli-platformu-asansor\">\n<div class=\"entry-content\">\n<p><span style=\"font-size: 14pt;\">A truly versatile lift, the Melody 1 Platform Lift can provide disabled access to a public or commercial building and also offer independent and easy wheelchair access in the home. It can be installed inside or outside the property, providing access for heights up to 1 metre.<\/span><\/p>\n<p><span style=\"font-size: 14pt;\">Brand: Terry<\/span><br \/>\n<span style=\"font-size: 14pt;\">Origin: England<\/span><br \/>\n<span style=\"font-size: 14pt;\">Turkey Distributor: LifArt<\/span><\/p>\n<p><span style=\"font-size: 14pt;\">More information about this product:<\/span><br \/>\n<span style=\"font-size: 14pt;\">Compact and user-friendly disabled access<\/span><br \/>\n<span style=\"font-size: 14pt;\">Our Melody 1 Platform Lifts are both functional and appealing. It has been designed to improve access where a wheelchair ramp is not a suitable option, due to lack of space or not enough length to achieve the required gradient. Melody 1 is free standing and compact, saving space and making it less obtrusive.<\/span><\/p>\n<p><span style=\"font-size: 14pt;\">The design incorporates an external fixed ramp to eliminate the need for a pit, keeping building work to a minimum. Installed by our trained engineers in less than a day, it is a simple solution to disabled access into the home or a public building.<\/span><\/p>\n<p><span style=\"font-size: 14pt;\">Benefits at a glance<\/span><br \/>\n<span style=\"font-size: 14pt;\">Easy to use \u2013 convenient controls and shallow approach ramp<\/span><br \/>\n<span style=\"font-size: 14pt;\">Reliable \u2013 battery back-up provides normal operation (up to 30 cycles) in case of power cut<\/span><br \/>\n<span style=\"font-size: 14pt;\">Aesthetically pleasing \u2013 stainless steel finish as standard, it can also be customised from a range of paint finishes<\/span><br \/>\n<span style=\"font-size: 14pt;\">Unobtrusive \u2013 state of the art hydraulic system provides a smooth and quiet operation<\/span><br \/>\n<span style=\"font-size: 14pt;\">Safe \u2013 BS6440:2011 and Machinery Directive compliant<\/span><\/p>\n<\/div>\n<\/article>\n<p>&nbsp;<\/p>\n<\/div>\n<\/header>\n<\/header>\n<\/header>\n<p>[\/vc_column_text][vc_column_text][\/vc_column_text][\/vc_column][\/vc_row][vc_row][vc_column][vc_column_text]<\/p>\n<div><ul class=\"masonry-flip masonry-flip-photoswipe effect-rotate\" id=\"masonry-flip\"><li class=\"flip-column-4 plus-cursor\">\n\t\t    \t    \t\t\t\t\t<a href=\"https:\/\/www.liftart.org\/wp-content\/uploads\/2023\/03\/engelli-platform-asansoru-medoly1.jpg\" data-size=\"767x751\">\n\t\t\t\t\t\t\t\t\t\t\t<div class=\"image-box hover-meta plus-cursor text-center\">\n\t\t\t\t\t\t\t\t\t\t\t    <img fetchpriority=\"high\" decoding=\"async\" src=\"https:\/\/www.liftart.org\/wp-content\/uploads\/2023\/03\/engelli-platform-asansoru-medoly1.jpg\" alt=\"gallery-item\" \/>\n\t\t\t\t\t\t\t\t\t\t\t    <div class=\"meta-caption\">\n\t\t\t\t\t\t\t\t\t\t\t    \t<h5 class=\"color-white to-top mb8\">engelli-platform-asansoru-medoly1<\/h5>\n\t\t\t\t\t\t\t\t\t\t\t    \t<h6 class=\"color-white to-top-after\">engelli-platform-asansoru-medoly1<\/h6>\n\t\t\t\t\t\t\t\t\t\t\t    <\/div>\n\t\t\t\t\t\t\t\t\t\t\t<\/div>\n\t\t\t\t\t\t\t\t\t\t<\/a>\n\t\t\t\t\t\t\t\t\t\t<figcaption>engelli-platform-asansoru-medoly1<\/figcaption>\n\t\t\t\t\t\t\t\t\t<\/li><li class=\"flip-column-4 plus-cursor\">\n\t\t    \t    \t\t\t\t\t<a href=\"https:\/\/www.liftart.org\/wp-content\/uploads\/2023\/03\/DIY-SOS-Woman-in-wheelchair-using-Melody-1-Platform-Lift.jpg\" data-size=\"767x1109\">\n\t\t\t\t\t\t\t\t\t\t\t<div class=\"image-box hover-meta plus-cursor text-center\">\n\t\t\t\t\t\t\t\t\t\t\t    <img decoding=\"async\" src=\"https:\/\/www.liftart.org\/wp-content\/uploads\/2023\/03\/DIY-SOS-Woman-in-wheelchair-using-Melody-1-Platform-Lift.jpg\" alt=\"gallery-item\" \/>\n\t\t\t\t\t\t\t\t\t\t\t    <div class=\"meta-caption\">\n\t\t\t\t\t\t\t\t\t\t\t    \t<h5 class=\"color-white to-top mb8\">DIY-SOS-Woman-in-wheelchair-using-Melody-1-Platform-Lift<\/h5>\n\t\t\t\t\t\t\t\t\t\t\t    \t<h6 class=\"color-white to-top-after\">DIY-SOS-Woman-in-wheelchair-using-Melody-1-Platform-Lift<\/h6>\n\t\t\t\t\t\t\t\t\t\t\t    <\/div>\n\t\t\t\t\t\t\t\t\t\t\t<\/div>\n\t\t\t\t\t\t\t\t\t\t<\/a>\n\t\t\t\t\t\t\t\t\t\t<figcaption>DIY-SOS-Woman-in-wheelchair-using-Melody-1-Platform-Lift<\/figcaption>\n\t\t\t\t\t\t\t\t\t<\/li><li class=\"flip-column-4 plus-cursor\">\n\t\t    \t    \t\t\t\t\t<a href=\"https:\/\/www.liftart.org\/wp-content\/uploads\/2023\/03\/Terry-Melody-1-Platform-Lift-Ireland-details.jpg\" data-size=\"370x412\">\n\t\t\t\t\t\t\t\t\t\t\t<div class=\"image-box hover-meta plus-cursor text-center\">\n\t\t\t\t\t\t\t\t\t\t\t    <img decoding=\"async\" src=\"https:\/\/www.liftart.org\/wp-content\/uploads\/2023\/03\/Terry-Melody-1-Platform-Lift-Ireland-details.jpg\" alt=\"gallery-item\" \/>\n\t\t\t\t\t\t\t\t\t\t\t    <div class=\"meta-caption\">\n\t\t\t\t\t\t\t\t\t\t\t    \t<h5 class=\"color-white to-top mb8\">Terry-Melody-1-Platform-Lift-Ireland-details<\/h5>\n\t\t\t\t\t\t\t\t\t\t\t    \t<h6 class=\"color-white to-top-after\">Terry-Melody-1-Platform-Lift-Ireland-details<\/h6>\n\t\t\t\t\t\t\t\t\t\t\t    <\/div>\n\t\t\t\t\t\t\t\t\t\t\t<\/div>\n\t\t\t\t\t\t\t\t\t\t<\/a>\n\t\t\t\t\t\t\t\t\t\t<figcaption>Terry-Melody-1-Platform-Lift-Ireland-details<\/figcaption>\n\t\t\t\t\t\t\t\t\t<\/li><li class=\"flip-column-4 plus-cursor\">\n\t\t    \t    \t\t\t\t\t<a href=\"https:\/\/www.liftart.org\/wp-content\/uploads\/2023\/03\/DIY-SOS-Nick-Knowles-with-Melody-1-Platform-Lift.jpg\" data-size=\"767x1151\">\n\t\t\t\t\t\t\t\t\t\t\t<div class=\"image-box hover-meta plus-cursor text-center\">\n\t\t\t\t\t\t\t\t\t\t\t    <img decoding=\"async\" src=\"https:\/\/www.liftart.org\/wp-content\/uploads\/2023\/03\/DIY-SOS-Nick-Knowles-with-Melody-1-Platform-Lift.jpg\" alt=\"gallery-item\" \/>\n\t\t\t\t\t\t\t\t\t\t\t    <div class=\"meta-caption\">\n\t\t\t\t\t\t\t\t\t\t\t    \t<h5 class=\"color-white to-top mb8\">DIY-SOS-Nick-Knowles-with-Melody-1-Platform-Lift<\/h5>\n\t\t\t\t\t\t\t\t\t\t\t    \t<h6 class=\"color-white to-top-after\">DIY-SOS-Nick-Knowles-with-Melody-1-Platform-Lift<\/h6>\n\t\t\t\t\t\t\t\t\t\t\t    <\/div>\n\t\t\t\t\t\t\t\t\t\t\t<\/div>\n\t\t\t\t\t\t\t\t\t\t<\/a>\n\t\t\t\t\t\t\t\t\t\t<figcaption>DIY-SOS-Nick-Knowles-with-Melody-1-Platform-Lift<\/figcaption>\n\t\t\t\t\t\t\t\t\t<\/li><\/ul><\/div>\n<p>[\/vc_column_text][\/vc_column][\/vc_row][vc_row tlg_background_style=&#8221;bg-primary&#8221;][vc_column]<div class=\"display-table\"><div class=\"display-cell display-none-sm\"><i  class=\"fade-color ms-text mr-24 ti-mobile icon\"><\/i><\/div>\n\t\t\t\t\t<div class=\"display-cell text-center-sm\">\n\t\t\t\t\t\t<div  class=\"maintitle ms-text\">CALL US: 0549 608 00 70<\/div>\n\t\t\t\t\t\t<div  class=\"subtitle\"><\/div>\n\t\t\t\t\t<\/div>\n\t\t\t\t\t<div class=\"display-cell text-center-sm text-right\"><\/div>\n\t\t\t\t<\/div>[\/vc_column][\/vc_row][vc_row tlg_background_style=&#8221;bg-primary&#8221;][vc_column]<div class=\"headings-title \"><div class=\"mb72 mb16 mb-xs-40 text-center\"><h5  class=\"widgettitle mb10\">TECHNICAL SYSTEM<\/h5><\/div><\/div>[\/vc_column][\/vc_row][vc_row][vc_column width=&#8221;1\/2&#8243;][vc_column_text]<span style=\"font-size: 14pt;\">Kald\u0131rma Kapasitesi: 250 kg<\/span><br \/>\n<span style=\"font-size: 14pt;\">Maksimum Kald\u0131rma Y\u00fcksekli\u011fi: 1000 mm<\/span><br \/>\n<span style=\"font-size: 14pt;\">\u00c7al\u0131\u015fma \u015fekli: 24 volt hidrolik, makasl\u0131 tahrik<\/span><br \/>\n<span style=\"font-size: 14pt;\">G\u00fc\u00e7 kayna\u011f\u0131: 220\/240 V AC ~ 50\/60 Hz (\u00f6zel besleme veya RCD gerekmemektedir)<\/span>[\/vc_column_text][\/vc_column][vc_column width=&#8221;1\/2&#8243;][vc_column_text]<span style=\"font-size: 14pt;\">G\u00fcvenlik donan\u0131m\u0131: Asans\u00f6r\u00fc engelleyecek \u015fekilde durduran tam platformlu emniyetli kenarl\u0131<\/span><br \/>\n<span style=\"font-size: 14pt;\">Kap\u0131 kilidi: \u00dcst seviyede koruma mevcuttur<\/span><br \/>\n<span style=\"font-size: 14pt;\">\u0130\u00e7 platform boyutlar\u0131: 900 mm x 1400 mm (standart)<\/span><br \/>\n<span style=\"font-size: 14pt;\">Belgeleri:\u00a0BS6440:2011 and Machinery Directive compliant<\/span><\/p>\n<p><span style=\"font-size: 14pt;\"><strong>Di\u011fer Engelli Platform Asans\u00f6r\u00fc Modellerimiz:<\/strong><\/span>[\/vc_column_text][\/vc_column][\/vc_row]<\/p>\n<\/section>","protected":false},"excerpt":{"rendered":"<p>[vc_row][vc_column css=&#8221;.vc_custom_1678474716041{background-position: center !important;background-repeat: no-repeat !important;background-size: cover !important;}&#8221;][\/vc_column][\/vc_row][vc_row][vc_column][vc_column_text] Engelli Platform Asans\u00f6r\u00fc Terry Melody 1 &nbsp; A&#8230;<\/p>\n","protected":false},"author":1,"featured_media":7215,"parent":0,"menu_order":0,"comment_status":"closed","ping_status":"closed","template":"","meta":{"footnotes":""},"class_list":["post-7212","page","type-page","status-publish","has-post-thumbnail","hentry"],"yoast_head":"<!-- This site is optimized with the Yoast SEO plugin v20.4 - https:\/\/yoast.com\/wordpress\/plugins\/seo\/ -->\n<title>Engelli Platform Asans\u00f6r\u00fc Terry Melody 1 -<\/title>\n<meta name=\"description\" content=\"Engelli Platform Asans\u00f6r\u00fc Terry Melody 1 Engelli Platform Asans\u00f6r\u00fc \u0130\u00e7 ortam veya d\u0131\u015f ortam kullan\u0131m\u0131na uygundur. Marka: Terry Model: Melody 1\" \/>\n<meta name=\"robots\" content=\"index, follow, max-snippet:-1, max-image-preview:large, max-video-preview:-1\" \/>\n<link rel=\"canonical\" href=\"https:\/\/www.liftart.org\/en\/engelli-platform-asansoru-terry-melody-1\/\" \/>\n<meta property=\"og:locale\" content=\"en_US\" \/>\n<meta property=\"og:type\" content=\"article\" \/>\n<meta property=\"og:title\" content=\"Engelli Platform Asans\u00f6r\u00fc Terry Melody 1 -\" \/>\n<meta property=\"og:description\" content=\"Engelli Platform Asans\u00f6r\u00fc Terry Melody 1 Engelli Platform Asans\u00f6r\u00fc \u0130\u00e7 ortam veya d\u0131\u015f ortam kullan\u0131m\u0131na uygundur. Marka: Terry Model: Melody 1\" \/>\n<meta property=\"og:url\" content=\"https:\/\/www.liftart.org\/en\/engelli-platform-asansoru-terry-melody-1\/\" \/>\n<meta property=\"og:site_name\" content=\"LiftArt Merdiven Asans\u00f6r\u00fc\" \/>\n<meta property=\"article:publisher\" content=\"https:\/\/www.facebook.com\/liftartasansor\" \/>\n<meta property=\"article:modified_time\" content=\"2023-03-23T13:10:49+00:00\" \/>\n<meta property=\"og:image\" content=\"https:\/\/www.liftart.org\/wp-content\/uploads\/2023\/03\/DIY-SOS-Woman-in-wheelchair-using-Melody-1-Platform-Lift.jpg\" \/>\n\t<meta property=\"og:image:width\" content=\"767\" \/>\n\t<meta property=\"og:image:height\" content=\"1109\" \/>\n\t<meta property=\"og:image:type\" content=\"image\/jpeg\" \/>\n<meta name=\"twitter:card\" content=\"summary_large_image\" \/>\n<meta name=\"twitter:site\" content=\"@liftartasansor\" \/>\n<meta name=\"twitter:label1\" content=\"Est. reading time\" \/>\n\t<meta name=\"twitter:data1\" content=\"2 minutes\" \/>\n<script type=\"application\/ld+json\" class=\"yoast-schema-graph\">{\"@context\":\"https:\/\/schema.org\",\"@graph\":[{\"@type\":\"WebPage\",\"@id\":\"https:\/\/www.liftart.org\/en\/engelli-platform-asansoru-terry-melody-1\/\",\"url\":\"https:\/\/www.liftart.org\/en\/engelli-platform-asansoru-terry-melody-1\/\",\"name\":\"Engelli Platform Asans\u00f6r\u00fc Terry Melody 1 -\",\"isPartOf\":{\"@id\":\"https:\/\/www.liftart.org\/en\/#website\"},\"datePublished\":\"2023-03-23T13:03:03+00:00\",\"dateModified\":\"2023-03-23T13:10:49+00:00\",\"description\":\"Engelli Platform Asans\u00f6r\u00fc Terry Melody 1 Engelli Platform Asans\u00f6r\u00fc \u0130\u00e7 ortam veya d\u0131\u015f ortam kullan\u0131m\u0131na uygundur. Marka: Terry Model: Melody 1\",\"breadcrumb\":{\"@id\":\"https:\/\/www.liftart.org\/en\/engelli-platform-asansoru-terry-melody-1\/#breadcrumb\"},\"inLanguage\":\"en-US\",\"potentialAction\":[{\"@type\":\"ReadAction\",\"target\":[[\"https:\/\/www.liftart.org\/en\/engelli-platform-asansoru-terry-melody-1\/\"]]}]},{\"@type\":\"BreadcrumbList\",\"@id\":\"https:\/\/www.liftart.org\/en\/engelli-platform-asansoru-terry-melody-1\/#breadcrumb\",\"itemListElement\":[{\"@type\":\"ListItem\",\"position\":1,\"name\":\"Anasayfa\",\"item\":\"https:\/\/www.liftart.org\/en\/\"},{\"@type\":\"ListItem\",\"position\":2,\"name\":\"Engelli Platform Asans\u00f6r\u00fc Terry Melody 1\"}]},{\"@type\":\"WebSite\",\"@id\":\"https:\/\/www.liftart.org\/en\/#website\",\"url\":\"https:\/\/www.liftart.org\/en\/\",\"name\":\"LiftArt Merdiven Asans\u00f6r\u00fc\",\"description\":\"Engelli Asans\u00f6r\u00fc, Ev Asans\u00f6r\u00fc\",\"publisher\":{\"@id\":\"https:\/\/www.liftart.org\/en\/#organization\"},\"potentialAction\":[{\"@type\":\"SearchAction\",\"target\":{\"@type\":\"EntryPoint\",\"urlTemplate\":\"https:\/\/www.liftart.org\/en\/?s={search_term_string}\"},\"query-input\":\"required name=search_term_string\"}],\"inLanguage\":\"en-US\"},{\"@type\":\"Organization\",\"@id\":\"https:\/\/www.liftart.org\/en\/#organization\",\"name\":\"LiftArt Merdiven Asans\u00f6r\u00fc\",\"url\":\"https:\/\/www.liftart.org\/en\/\",\"logo\":{\"@type\":\"ImageObject\",\"inLanguage\":\"en-US\",\"@id\":\"https:\/\/www.liftart.org\/en\/#\/schema\/logo\/image\/\",\"url\":\"http:\/\/www.liftart.org\/wp-content\/uploads\/2023\/03\/cropped-cropped-LiftArt-2020-Logo-300x100-1-1-1.png\",\"contentUrl\":\"http:\/\/www.liftart.org\/wp-content\/uploads\/2023\/03\/cropped-cropped-LiftArt-2020-Logo-300x100-1-1-1.png\",\"width\":300,\"height\":100,\"caption\":\"LiftArt Merdiven Asans\u00f6r\u00fc\"},\"image\":{\"@id\":\"https:\/\/www.liftart.org\/en\/#\/schema\/logo\/image\/\"},\"sameAs\":[\"https:\/\/www.facebook.com\/liftartasansor\",\"https:\/\/twitter.com\/liftartasansor\",\"https:\/\/www.instagram.com\/liftartasansor\/\",\"https:\/\/www.youtube.com\/channel\/UCKV9dKwP-Lz7LNNdvZDIoLg\"]}]}<\/script>\n<!-- \/ Yoast SEO plugin. -->","yoast_head_json":{"title":"Engelli Platform Asans\u00f6r\u00fc Terry Melody 1 -","description":"Engelli Platform Asans\u00f6r\u00fc Terry Melody 1 Engelli Platform Asans\u00f6r\u00fc \u0130\u00e7 ortam veya d\u0131\u015f ortam kullan\u0131m\u0131na uygundur. Marka: Terry Model: Melody 1","robots":{"index":"index","follow":"follow","max-snippet":"max-snippet:-1","max-image-preview":"max-image-preview:large","max-video-preview":"max-video-preview:-1"},"canonical":"https:\/\/www.liftart.org\/en\/engelli-platform-asansoru-terry-melody-1\/","og_locale":"en_US","og_type":"article","og_title":"Engelli Platform Asans\u00f6r\u00fc Terry Melody 1 -","og_description":"Engelli Platform Asans\u00f6r\u00fc Terry Melody 1 Engelli Platform Asans\u00f6r\u00fc \u0130\u00e7 ortam veya d\u0131\u015f ortam kullan\u0131m\u0131na uygundur. Marka: Terry Model: Melody 1","og_url":"https:\/\/www.liftart.org\/en\/engelli-platform-asansoru-terry-melody-1\/","og_site_name":"LiftArt Merdiven Asans\u00f6r\u00fc","article_publisher":"https:\/\/www.facebook.com\/liftartasansor","article_modified_time":"2023-03-23T13:10:49+00:00","og_image":[{"width":767,"height":1109,"url":"https:\/\/www.liftart.org\/wp-content\/uploads\/2023\/03\/DIY-SOS-Woman-in-wheelchair-using-Melody-1-Platform-Lift.jpg","type":"image\/jpeg"}],"twitter_card":"summary_large_image","twitter_site":"@liftartasansor","twitter_misc":{"Est. reading time":"2 minutes"},"schema":{"@context":"https:\/\/schema.org","@graph":[{"@type":"WebPage","@id":"https:\/\/www.liftart.org\/en\/engelli-platform-asansoru-terry-melody-1\/","url":"https:\/\/www.liftart.org\/en\/engelli-platform-asansoru-terry-melody-1\/","name":"Engelli Platform Asans\u00f6r\u00fc Terry Melody 1 -","isPartOf":{"@id":"https:\/\/www.liftart.org\/en\/#website"},"datePublished":"2023-03-23T13:03:03+00:00","dateModified":"2023-03-23T13:10:49+00:00","description":"Engelli Platform Asans\u00f6r\u00fc Terry Melody 1 Engelli Platform Asans\u00f6r\u00fc \u0130\u00e7 ortam veya d\u0131\u015f ortam kullan\u0131m\u0131na uygundur. Marka: Terry Model: Melody 1","breadcrumb":{"@id":"https:\/\/www.liftart.org\/en\/engelli-platform-asansoru-terry-melody-1\/#breadcrumb"},"inLanguage":"en-US","potentialAction":[{"@type":"ReadAction","target":[["https:\/\/www.liftart.org\/en\/engelli-platform-asansoru-terry-melody-1\/"]]}]},{"@type":"BreadcrumbList","@id":"https:\/\/www.liftart.org\/en\/engelli-platform-asansoru-terry-melody-1\/#breadcrumb","itemListElement":[{"@type":"ListItem","position":1,"name":"Anasayfa","item":"https:\/\/www.liftart.org\/en\/"},{"@type":"ListItem","position":2,"name":"Engelli Platform Asans\u00f6r\u00fc Terry Melody 1"}]},{"@type":"WebSite","@id":"https:\/\/www.liftart.org\/en\/#website","url":"https:\/\/www.liftart.org\/en\/","name":"LiftArt Merdiven Asans\u00f6r\u00fc","description":"Engelli Asans\u00f6r\u00fc, Ev Asans\u00f6r\u00fc","publisher":{"@id":"https:\/\/www.liftart.org\/en\/#organization"},"potentialAction":[{"@type":"SearchAction","target":{"@type":"EntryPoint","urlTemplate":"https:\/\/www.liftart.org\/en\/?s={search_term_string}"},"query-input":"required name=search_term_string"}],"inLanguage":"en-US"},{"@type":"Organization","@id":"https:\/\/www.liftart.org\/en\/#organization","name":"LiftArt Merdiven Asans\u00f6r\u00fc","url":"https:\/\/www.liftart.org\/en\/","logo":{"@type":"ImageObject","inLanguage":"en-US","@id":"https:\/\/www.liftart.org\/en\/#\/schema\/logo\/image\/","url":"http:\/\/www.liftart.org\/wp-content\/uploads\/2023\/03\/cropped-cropped-LiftArt-2020-Logo-300x100-1-1-1.png","contentUrl":"http:\/\/www.liftart.org\/wp-content\/uploads\/2023\/03\/cropped-cropped-LiftArt-2020-Logo-300x100-1-1-1.png","width":300,"height":100,"caption":"LiftArt Merdiven Asans\u00f6r\u00fc"},"image":{"@id":"https:\/\/www.liftart.org\/en\/#\/schema\/logo\/image\/"},"sameAs":["https:\/\/www.facebook.com\/liftartasansor","https:\/\/twitter.com\/liftartasansor","https:\/\/www.instagram.com\/liftartasansor\/","https:\/\/www.youtube.com\/channel\/UCKV9dKwP-Lz7LNNdvZDIoLg"]}]}},"_links":{"self":[{"href":"https:\/\/www.liftart.org\/en\/wp-json\/wp\/v2\/pages\/7212","targetHints":{"allow":["GET"]}}],"collection":[{"href":"https:\/\/www.liftart.org\/en\/wp-json\/wp\/v2\/pages"}],"about":[{"href":"https:\/\/www.liftart.org\/en\/wp-json\/wp\/v2\/types\/page"}],"author":[{"embeddable":true,"href":"https:\/\/www.liftart.org\/en\/wp-json\/wp\/v2\/users\/1"}],"replies":[{"embeddable":true,"href":"https:\/\/www.liftart.org\/en\/wp-json\/wp\/v2\/comments?post=7212"}],"version-history":[{"count":8,"href":"https:\/\/www.liftart.org\/en\/wp-json\/wp\/v2\/pages\/7212\/revisions"}],"predecessor-version":[{"id":7226,"href":"https:\/\/www.liftart.org\/en\/wp-json\/wp\/v2\/pages\/7212\/revisions\/7226"}],"wp:featuredmedia":[{"embeddable":true,"href":"https:\/\/www.liftart.org\/en\/wp-json\/wp\/v2\/media\/7215"}],"wp:attachment":[{"href":"https:\/\/www.liftart.org\/en\/wp-json\/wp\/v2\/media?parent=7212"}],"curies":[{"name":"wp","href":"https:\/\/api.w.org\/{rel}","templated":true}]}}