{"id":7227,"date":"2023-03-23T16:18:01","date_gmt":"2023-03-23T13:18:01","guid":{"rendered":"http:\/\/www.liftart.org\/?page_id=7227"},"modified":"2023-03-23T16:21:22","modified_gmt":"2023-03-23T13:21:22","slug":"terry-melody-3","status":"publish","type":"page","link":"https:\/\/www.liftart.org\/en\/terry-melody-3\/","title":{"rendered":"Engelli Platform Asans\u00f6r\u00fc Terry Melody 3"},"content":{"rendered":"<section class=\"wpb-content-wrapper\"><p>[vc_row][vc_column css=&#8221;.vc_custom_1678474716041{background-position: center !important;background-repeat: no-repeat !important;background-size: cover !important;}&#8221;]<div class=\"tlg-spacer \" data-height=\"10\" data-height-tablet=\"10\" data-height-mobile=\"100\" style=\"clear:both;display:block;height:10px;\"><\/div>[\/vc_column][\/vc_row][vc_row tlg_background_style=&#8221;bg-primary&#8221;][vc_column][vc_column_text]<\/p>\n<header class=\"entry-header\">\n<header class=\"entry-header\">\n<header class=\"entry-header\">\n<h1 class=\"entry-title\"><span style=\"font-size: 18pt;\">Engelli Platform Asans\u00f6r\u00fc Terry Melody 3<\/span><\/h1>\n<\/header>\n<div id=\"primary\" class=\"content-area\">\n<p>&nbsp;<\/p>\n<article id=\"post-1417\" class=\"post-1417 tp-carousel-items type-tp-carousel-items status-publish has-post-thumbnail hentry tpcarousel_cat-engelli-asansorleri tpcarousel_cat-engelli-platformu-asansor\">\n<div class=\"entry-content\">\n<p><span style=\"font-size: 14pt;\">The Melody 3 Vertical Platform Lift provides a practical solution to the challenge of vertical lift travels up to three metres. It provides a safe and easy way to gain access to a property where stairs would otherwise prevent wheelchair access, both into the home and public or commercial buildings.<\/span><\/p>\n<p><span style=\"font-size: 14pt;\">Brand: Terry<\/span><br \/>\n<span style=\"font-size: 14pt;\">Origin: England<\/span><br \/>\n<span style=\"font-size: 14pt;\">Turkey Distributor: LifArt<\/span><br \/>\n<span style=\"font-size: 14pt;\">Model: Melody 3<\/span><\/p>\n<p><span style=\"font-size: 14pt;\">More information about this product<\/span><br \/>\n<span style=\"font-size: 14pt;\">The reliable solution for your wheelchair lifting needs<\/span><br \/>\n<span style=\"font-size: 14pt;\">The innovative Melody 3 Vertical Platform Lift offers an attractive and practical solution to the problem of short-rise vertical wheelchair access outside the home. It also perfectly meets the access requirements of public and commercial buildings and can be installed inside or outside of buildings.<\/span><\/p>\n<\/div>\n<\/article>\n<p>&nbsp;<\/p>\n<\/div>\n<\/header>\n<\/header>\n<p>[\/vc_column_text][vc_column_text][\/vc_column_text][\/vc_column][\/vc_row][vc_row][vc_column][vc_column_text]<\/p>\n<div><ul class=\"masonry-flip masonry-flip-photoswipe effect-rotate\" id=\"masonry-flip\"><li class=\"flip-column-4 plus-cursor\">\n\t\t    \t    \t\t\t\t\t<a href=\"https:\/\/www.liftart.org\/wp-content\/uploads\/2023\/03\/engelli-havuz-asansoru-3-260x150-1.jpg\" data-size=\"260x150\">\n\t\t\t\t\t\t\t\t\t\t\t<div class=\"image-box hover-meta plus-cursor text-center\">\n\t\t\t\t\t\t\t\t\t\t\t    <img decoding=\"async\" src=\"https:\/\/www.liftart.org\/wp-content\/uploads\/2023\/03\/engelli-havuz-asansoru-3-260x150-1.jpg\" alt=\"gallery-item\" \/>\n\t\t\t\t\t\t\t\t\t\t\t    <div class=\"meta-caption\">\n\t\t\t\t\t\t\t\t\t\t\t    \t<h5 class=\"color-white to-top mb8\"><\/h5>\n\t\t\t\t\t\t\t\t\t\t\t    \t<h6 class=\"color-white to-top-after\">engelli-havuz-asansoru-3-260x150<\/h6>\n\t\t\t\t\t\t\t\t\t\t\t    <\/div>\n\t\t\t\t\t\t\t\t\t\t\t<\/div>\n\t\t\t\t\t\t\t\t\t\t<\/a>\n\t\t\t\t\t\t\t\t\t\t<figcaption><\/figcaption>\n\t\t\t\t\t\t\t\t\t<\/li><li class=\"flip-column-4 plus-cursor\">\n\t\t    \t    \t\t\t\t\t<a href=\"https:\/\/www.liftart.org\/wp-content\/uploads\/2023\/03\/aqualift-havuz-asansoru-3-260x150-1.jpg\" data-size=\"260x150\">\n\t\t\t\t\t\t\t\t\t\t\t<div class=\"image-box hover-meta plus-cursor text-center\">\n\t\t\t\t\t\t\t\t\t\t\t    <img decoding=\"async\" src=\"https:\/\/www.liftart.org\/wp-content\/uploads\/2023\/03\/aqualift-havuz-asansoru-3-260x150-1.jpg\" alt=\"gallery-item\" \/>\n\t\t\t\t\t\t\t\t\t\t\t    <div class=\"meta-caption\">\n\t\t\t\t\t\t\t\t\t\t\t    \t<h5 class=\"color-white to-top mb8\"><\/h5>\n\t\t\t\t\t\t\t\t\t\t\t    \t<h6 class=\"color-white to-top-after\"><\/h6>\n\t\t\t\t\t\t\t\t\t\t\t    <\/div>\n\t\t\t\t\t\t\t\t\t\t\t<\/div>\n\t\t\t\t\t\t\t\t\t\t<\/a>\n\t\t\t\t\t\t\t\t\t\t<figcaption><\/figcaption>\n\t\t\t\t\t\t\t\t\t<\/li><li class=\"flip-column-4 plus-cursor\">\n\t\t    \t    \t\t\t\t\t<a href=\"https:\/\/www.liftart.org\/wp-content\/uploads\/2023\/03\/aqualift6-260x150-1.jpg\" data-size=\"260x150\">\n\t\t\t\t\t\t\t\t\t\t\t<div class=\"image-box hover-meta plus-cursor text-center\">\n\t\t\t\t\t\t\t\t\t\t\t    <img decoding=\"async\" src=\"https:\/\/www.liftart.org\/wp-content\/uploads\/2023\/03\/aqualift6-260x150-1.jpg\" alt=\"gallery-item\" \/>\n\t\t\t\t\t\t\t\t\t\t\t    <div class=\"meta-caption\">\n\t\t\t\t\t\t\t\t\t\t\t    \t<h5 class=\"color-white to-top mb8\"><\/h5>\n\t\t\t\t\t\t\t\t\t\t\t    \t<h6 class=\"color-white to-top-after\"><\/h6>\n\t\t\t\t\t\t\t\t\t\t\t    <\/div>\n\t\t\t\t\t\t\t\t\t\t\t<\/div>\n\t\t\t\t\t\t\t\t\t\t<\/a>\n\t\t\t\t\t\t\t\t\t\t<figcaption><\/figcaption>\n\t\t\t\t\t\t\t\t\t<\/li><li class=\"flip-column-4 plus-cursor\">\n\t\t    \t    \t\t\t\t\t<a href=\"https:\/\/www.liftart.org\/wp-content\/uploads\/2023\/03\/aqualift-havuz-asansoru-7-260x150-1.jpg\" data-size=\"260x150\">\n\t\t\t\t\t\t\t\t\t\t\t<div class=\"image-box hover-meta plus-cursor text-center\">\n\t\t\t\t\t\t\t\t\t\t\t    <img decoding=\"async\" src=\"https:\/\/www.liftart.org\/wp-content\/uploads\/2023\/03\/aqualift-havuz-asansoru-7-260x150-1.jpg\" alt=\"gallery-item\" \/>\n\t\t\t\t\t\t\t\t\t\t\t    <div class=\"meta-caption\">\n\t\t\t\t\t\t\t\t\t\t\t    \t<h5 class=\"color-white to-top mb8\"><\/h5>\n\t\t\t\t\t\t\t\t\t\t\t    \t<h6 class=\"color-white to-top-after\">aqualift-havuz-asansoru-7-260x150<\/h6>\n\t\t\t\t\t\t\t\t\t\t\t    <\/div>\n\t\t\t\t\t\t\t\t\t\t\t<\/div>\n\t\t\t\t\t\t\t\t\t\t<\/a>\n\t\t\t\t\t\t\t\t\t\t<figcaption><\/figcaption>\n\t\t\t\t\t\t\t\t\t<\/li><li class=\"flip-column-4 plus-cursor\">\n\t\t    \t    \t\t\t\t\t<a href=\"https:\/\/www.liftart.org\/wp-content\/uploads\/2023\/03\/aqualift7-260x150-1.jpg\" data-size=\"260x150\">\n\t\t\t\t\t\t\t\t\t\t\t<div class=\"image-box hover-meta plus-cursor text-center\">\n\t\t\t\t\t\t\t\t\t\t\t    <img decoding=\"async\" src=\"https:\/\/www.liftart.org\/wp-content\/uploads\/2023\/03\/aqualift7-260x150-1.jpg\" alt=\"gallery-item\" \/>\n\t\t\t\t\t\t\t\t\t\t\t    <div class=\"meta-caption\">\n\t\t\t\t\t\t\t\t\t\t\t    \t<h5 class=\"color-white to-top mb8\"><\/h5>\n\t\t\t\t\t\t\t\t\t\t\t    \t<h6 class=\"color-white to-top-after\"><\/h6>\n\t\t\t\t\t\t\t\t\t\t\t    <\/div>\n\t\t\t\t\t\t\t\t\t\t\t<\/div>\n\t\t\t\t\t\t\t\t\t\t<\/a>\n\t\t\t\t\t\t\t\t\t\t<figcaption><\/figcaption>\n\t\t\t\t\t\t\t\t\t<\/li><li class=\"flip-column-4 plus-cursor\">\n\t\t    \t    \t\t\t\t\t<a href=\"https:\/\/www.liftart.org\/wp-content\/uploads\/2023\/03\/havuz-asansoru-aqualift-2-260x150-1.jpg\" data-size=\"260x150\">\n\t\t\t\t\t\t\t\t\t\t\t<div class=\"image-box hover-meta plus-cursor text-center\">\n\t\t\t\t\t\t\t\t\t\t\t    <img decoding=\"async\" src=\"https:\/\/www.liftart.org\/wp-content\/uploads\/2023\/03\/havuz-asansoru-aqualift-2-260x150-1.jpg\" alt=\"gallery-item\" \/>\n\t\t\t\t\t\t\t\t\t\t\t    <div class=\"meta-caption\">\n\t\t\t\t\t\t\t\t\t\t\t    \t<h5 class=\"color-white to-top mb8\"><\/h5>\n\t\t\t\t\t\t\t\t\t\t\t    \t<h6 class=\"color-white to-top-after\"><\/h6>\n\t\t\t\t\t\t\t\t\t\t\t    <\/div>\n\t\t\t\t\t\t\t\t\t\t\t<\/div>\n\t\t\t\t\t\t\t\t\t\t<\/a>\n\t\t\t\t\t\t\t\t\t\t<figcaption><\/figcaption>\n\t\t\t\t\t\t\t\t\t<\/li><li class=\"flip-column-4 plus-cursor\">\n\t\t    \t    \t\t\t\t\t<a href=\"https:\/\/www.liftart.org\/wp-content\/uploads\/2023\/03\/engelli-havuz-asansoru-1-260x150-1.jpg\" data-size=\"260x150\">\n\t\t\t\t\t\t\t\t\t\t\t<div class=\"image-box hover-meta plus-cursor text-center\">\n\t\t\t\t\t\t\t\t\t\t\t    <img decoding=\"async\" src=\"https:\/\/www.liftart.org\/wp-content\/uploads\/2023\/03\/engelli-havuz-asansoru-1-260x150-1.jpg\" alt=\"gallery-item\" \/>\n\t\t\t\t\t\t\t\t\t\t\t    <div class=\"meta-caption\">\n\t\t\t\t\t\t\t\t\t\t\t    \t<h5 class=\"color-white to-top mb8\"><\/h5>\n\t\t\t\t\t\t\t\t\t\t\t    \t<h6 class=\"color-white to-top-after\">engelli-havuz-asansoru-1-260x150<\/h6>\n\t\t\t\t\t\t\t\t\t\t\t    <\/div>\n\t\t\t\t\t\t\t\t\t\t\t<\/div>\n\t\t\t\t\t\t\t\t\t\t<\/a>\n\t\t\t\t\t\t\t\t\t\t<figcaption><\/figcaption>\n\t\t\t\t\t\t\t\t\t<\/li><li class=\"flip-column-4 plus-cursor\">\n\t\t    \t    \t\t\t\t\t<a href=\"https:\/\/www.liftart.org\/wp-content\/uploads\/2023\/03\/Zodiac-havuz-asansoru-260x150-1.jpg\" data-size=\"260x150\">\n\t\t\t\t\t\t\t\t\t\t\t<div class=\"image-box hover-meta plus-cursor text-center\">\n\t\t\t\t\t\t\t\t\t\t\t    <img decoding=\"async\" src=\"https:\/\/www.liftart.org\/wp-content\/uploads\/2023\/03\/Zodiac-havuz-asansoru-260x150-1.jpg\" alt=\"gallery-item\" \/>\n\t\t\t\t\t\t\t\t\t\t\t    <div class=\"meta-caption\">\n\t\t\t\t\t\t\t\t\t\t\t    \t<h5 class=\"color-white to-top mb8\"><\/h5>\n\t\t\t\t\t\t\t\t\t\t\t    \t<h6 class=\"color-white to-top-after\"><\/h6>\n\t\t\t\t\t\t\t\t\t\t\t    <\/div>\n\t\t\t\t\t\t\t\t\t\t\t<\/div>\n\t\t\t\t\t\t\t\t\t\t<\/a>\n\t\t\t\t\t\t\t\t\t\t<figcaption><\/figcaption>\n\t\t\t\t\t\t\t\t\t<\/li><\/ul><\/div>\n<p>[\/vc_column_text][\/vc_column][\/vc_row][vc_row tlg_background_style=&#8221;bg-primary&#8221;][vc_column]<div class=\"display-table\"><div class=\"display-cell display-none-sm\"><i  class=\"fade-color ms-text mr-24 ti-mobile icon\"><\/i><\/div>\n\t\t\t\t\t<div class=\"display-cell text-center-sm\">\n\t\t\t\t\t\t<div  class=\"maintitle ms-text\">Portatif Asans\u00f6rler ve Modelleri Ke\u015fif, Fiyatland\u0131rma i\u00e7in aray\u0131n\u0131z: 0549 608 00 70<\/div>\n\t\t\t\t\t\t<div  class=\"subtitle\"><\/div>\n\t\t\t\t\t<\/div>\n\t\t\t\t\t<div class=\"display-cell text-center-sm text-right\"><\/div>\n\t\t\t\t<\/div>[\/vc_column][\/vc_row][vc_row tlg_background_style=&#8221;bg-primary&#8221;][vc_column][vc_column_text]<span style=\"font-size: 14pt;\">For public access, special emphasis has been placed on the needs of both the lift user and the building owner. The lift is user-friendly and comes with the added option of automatic gates, providing easy independent access to wheelchair users. Its unique design means that there is no need for a support mast to one side, resulting in an unobtrusive lift that effectively blends in with the design and fabric of the building.<\/span><\/p>\n<p><span style=\"font-size: 14pt;\">The Melody 3 facilitates compliance with the Equality Act 2010 (formerly called DDA \u2013 Disability Discrimination Act)<\/span><\/p>\n<p><span style=\"font-size: 14pt;\">Benefits at a glance<\/span><br \/>\n<span style=\"font-size: 14pt;\">Quick installation \u2013 minimal building work required<\/span><br \/>\n<span style=\"font-size: 14pt;\">Minimal building work \u2013 Supplied with an integral ramp<\/span><br \/>\n<span style=\"font-size: 14pt;\">Automatic gates option \u2013 Choose for even easier access and egress<\/span><br \/>\n<span style=\"font-size: 14pt;\">Safe &amp; compliant \u2013 Complies with BS6440:2011, Part M of the Building Regulations and the 2006\/42\/EC Machinery Directive<\/span><br \/>\n<span style=\"font-size: 14pt;\">Flexible \u2013 Available in two platform sizes<\/span>[\/vc_column_text][\/vc_column][\/vc_row][vc_row tlg_background_style=&#8221;bg-primary&#8221;][vc_column]<div class=\"headings-title \"><div class=\"mb72 mb16 mb-xs-40 text-center\"><h5  class=\"widgettitle mb10\">TECHNICAL SYSTEM<\/h5><\/div><\/div>[\/vc_column][\/vc_row][vc_row][vc_column][vc_column_text]<span style=\"font-size: 14pt;\">Kald\u0131rma Kapasitesi: 2 m\u2019ye kadar max 500 kg \u2013 2 m\u2019den 3 m\u2019ye kadar max 440 kg\u2019l\u0131k<\/span><br \/>\n<span style=\"font-size: 14pt;\">Maksimum Kald\u0131rma Y\u00fcksekli\u011fi: 3000 mm<\/span><br \/>\n<span style=\"font-size: 14pt;\">Kullan\u0131labilir Platform \u00d6l\u00e7\u00fcleri: 900 mm x 1400 mm<\/span><br \/>\n<span style=\"font-size: 14pt;\">H\u0131z: 0.08 m \/ saniye<\/span><\/p>\n<p><span style=\"font-size: 14pt;\"><strong>Di\u011fer Engelli Platform Asans\u00f6r\u00fc Modellerimiz:<\/strong><\/span>[\/vc_column_text][\/vc_column][\/vc_row]<\/p>\n<\/section>","protected":false},"excerpt":{"rendered":"<p>[vc_row][vc_column css=&#8221;.vc_custom_1678474716041{background-position: center !important;background-repeat: no-repeat !important;background-size: cover !important;}&#8221;][\/vc_column][\/vc_row][vc_row tlg_background_style=&#8221;bg-primary&#8221;][vc_column][vc_column_text] Engelli Platform Asans\u00f6r\u00fc Terry Melody 3 &nbsp;&#8230;<\/p>\n","protected":false},"author":1,"featured_media":7229,"parent":0,"menu_order":0,"comment_status":"closed","ping_status":"closed","template":"","meta":{"footnotes":""},"class_list":["post-7227","page","type-page","status-publish","has-post-thumbnail","hentry"],"yoast_head":"<!-- This site is optimized with the Yoast SEO plugin v20.4 - https:\/\/yoast.com\/wordpress\/plugins\/seo\/ -->\n<title>Engelli Platform Asans\u00f6r\u00fc Terry Melody 3 - LiftArt Merdiven Asans\u00f6r\u00fc<\/title>\n<meta name=\"description\" content=\"\u0130\u00e7 ve D\u0131\u015f Kullan\u0131ma Uygundur Melody 3 Dikey Platform Asans\u00f6r modelimiz, 3 metreye kadar ula\u015fan pratik bir \u00e7\u00f6z\u00fcm sunar.\" \/>\n<meta name=\"robots\" content=\"index, follow, max-snippet:-1, max-image-preview:large, max-video-preview:-1\" \/>\n<link rel=\"canonical\" href=\"https:\/\/www.liftart.org\/en\/terry-melody-3\/\" \/>\n<meta property=\"og:locale\" content=\"en_US\" \/>\n<meta property=\"og:type\" content=\"article\" \/>\n<meta property=\"og:title\" content=\"Engelli Platform Asans\u00f6r\u00fc Terry Melody 3 - LiftArt Merdiven Asans\u00f6r\u00fc\" \/>\n<meta property=\"og:description\" content=\"\u0130\u00e7 ve D\u0131\u015f Kullan\u0131ma Uygundur Melody 3 Dikey Platform Asans\u00f6r modelimiz, 3 metreye kadar ula\u015fan pratik bir \u00e7\u00f6z\u00fcm sunar.\" \/>\n<meta property=\"og:url\" content=\"https:\/\/www.liftart.org\/en\/terry-melody-3\/\" \/>\n<meta property=\"og:site_name\" content=\"LiftArt Merdiven Asans\u00f6r\u00fc\" \/>\n<meta property=\"article:publisher\" content=\"https:\/\/www.facebook.com\/liftartasansor\" \/>\n<meta property=\"article:modified_time\" content=\"2023-03-23T13:21:22+00:00\" \/>\n<meta property=\"og:image\" content=\"https:\/\/www.liftart.org\/wp-content\/uploads\/2023\/03\/platform-asansoru-medoly3-400x487-1.jpg\" \/>\n\t<meta property=\"og:image:width\" content=\"400\" \/>\n\t<meta property=\"og:image:height\" content=\"487\" \/>\n\t<meta property=\"og:image:type\" content=\"image\/jpeg\" \/>\n<meta name=\"twitter:card\" content=\"summary_large_image\" \/>\n<meta name=\"twitter:site\" content=\"@liftartasansor\" \/>\n<meta name=\"twitter:label1\" content=\"Est. reading time\" \/>\n\t<meta name=\"twitter:data1\" content=\"3 minutes\" \/>\n<script type=\"application\/ld+json\" class=\"yoast-schema-graph\">{\"@context\":\"https:\/\/schema.org\",\"@graph\":[{\"@type\":\"WebPage\",\"@id\":\"https:\/\/www.liftart.org\/en\/terry-melody-3\/\",\"url\":\"https:\/\/www.liftart.org\/en\/terry-melody-3\/\",\"name\":\"Engelli Platform Asans\u00f6r\u00fc Terry Melody 3 - LiftArt Merdiven Asans\u00f6r\u00fc\",\"isPartOf\":{\"@id\":\"https:\/\/www.liftart.org\/en\/#website\"},\"datePublished\":\"2023-03-23T13:18:01+00:00\",\"dateModified\":\"2023-03-23T13:21:22+00:00\",\"description\":\"\u0130\u00e7 ve D\u0131\u015f Kullan\u0131ma Uygundur Melody 3 Dikey Platform Asans\u00f6r modelimiz, 3 metreye kadar ula\u015fan pratik bir \u00e7\u00f6z\u00fcm sunar.\",\"breadcrumb\":{\"@id\":\"https:\/\/www.liftart.org\/en\/terry-melody-3\/#breadcrumb\"},\"inLanguage\":\"en-US\",\"potentialAction\":[{\"@type\":\"ReadAction\",\"target\":[[\"https:\/\/www.liftart.org\/en\/terry-melody-3\/\"]]}]},{\"@type\":\"BreadcrumbList\",\"@id\":\"https:\/\/www.liftart.org\/en\/terry-melody-3\/#breadcrumb\",\"itemListElement\":[{\"@type\":\"ListItem\",\"position\":1,\"name\":\"Anasayfa\",\"item\":\"https:\/\/www.liftart.org\/en\/\"},{\"@type\":\"ListItem\",\"position\":2,\"name\":\"Engelli Platform Asans\u00f6r\u00fc Terry Melody 3\"}]},{\"@type\":\"WebSite\",\"@id\":\"https:\/\/www.liftart.org\/en\/#website\",\"url\":\"https:\/\/www.liftart.org\/en\/\",\"name\":\"LiftArt Merdiven Asans\u00f6r\u00fc\",\"description\":\"Engelli Asans\u00f6r\u00fc, Ev Asans\u00f6r\u00fc\",\"publisher\":{\"@id\":\"https:\/\/www.liftart.org\/en\/#organization\"},\"potentialAction\":[{\"@type\":\"SearchAction\",\"target\":{\"@type\":\"EntryPoint\",\"urlTemplate\":\"https:\/\/www.liftart.org\/en\/?s={search_term_string}\"},\"query-input\":\"required name=search_term_string\"}],\"inLanguage\":\"en-US\"},{\"@type\":\"Organization\",\"@id\":\"https:\/\/www.liftart.org\/en\/#organization\",\"name\":\"LiftArt Merdiven Asans\u00f6r\u00fc\",\"url\":\"https:\/\/www.liftart.org\/en\/\",\"logo\":{\"@type\":\"ImageObject\",\"inLanguage\":\"en-US\",\"@id\":\"https:\/\/www.liftart.org\/en\/#\/schema\/logo\/image\/\",\"url\":\"http:\/\/www.liftart.org\/wp-content\/uploads\/2023\/03\/cropped-cropped-LiftArt-2020-Logo-300x100-1-1-1.png\",\"contentUrl\":\"http:\/\/www.liftart.org\/wp-content\/uploads\/2023\/03\/cropped-cropped-LiftArt-2020-Logo-300x100-1-1-1.png\",\"width\":300,\"height\":100,\"caption\":\"LiftArt Merdiven Asans\u00f6r\u00fc\"},\"image\":{\"@id\":\"https:\/\/www.liftart.org\/en\/#\/schema\/logo\/image\/\"},\"sameAs\":[\"https:\/\/www.facebook.com\/liftartasansor\",\"https:\/\/twitter.com\/liftartasansor\",\"https:\/\/www.instagram.com\/liftartasansor\/\",\"https:\/\/www.youtube.com\/channel\/UCKV9dKwP-Lz7LNNdvZDIoLg\"]}]}<\/script>\n<!-- \/ Yoast SEO plugin. -->","yoast_head_json":{"title":"Engelli Platform Asans\u00f6r\u00fc Terry Melody 3 - LiftArt Merdiven Asans\u00f6r\u00fc","description":"\u0130\u00e7 ve D\u0131\u015f Kullan\u0131ma Uygundur Melody 3 Dikey Platform Asans\u00f6r modelimiz, 3 metreye kadar ula\u015fan pratik bir \u00e7\u00f6z\u00fcm sunar.","robots":{"index":"index","follow":"follow","max-snippet":"max-snippet:-1","max-image-preview":"max-image-preview:large","max-video-preview":"max-video-preview:-1"},"canonical":"https:\/\/www.liftart.org\/en\/terry-melody-3\/","og_locale":"en_US","og_type":"article","og_title":"Engelli Platform Asans\u00f6r\u00fc Terry Melody 3 - LiftArt Merdiven Asans\u00f6r\u00fc","og_description":"\u0130\u00e7 ve D\u0131\u015f Kullan\u0131ma Uygundur Melody 3 Dikey Platform Asans\u00f6r modelimiz, 3 metreye kadar ula\u015fan pratik bir \u00e7\u00f6z\u00fcm sunar.","og_url":"https:\/\/www.liftart.org\/en\/terry-melody-3\/","og_site_name":"LiftArt Merdiven Asans\u00f6r\u00fc","article_publisher":"https:\/\/www.facebook.com\/liftartasansor","article_modified_time":"2023-03-23T13:21:22+00:00","og_image":[{"width":400,"height":487,"url":"https:\/\/www.liftart.org\/wp-content\/uploads\/2023\/03\/platform-asansoru-medoly3-400x487-1.jpg","type":"image\/jpeg"}],"twitter_card":"summary_large_image","twitter_site":"@liftartasansor","twitter_misc":{"Est. reading time":"3 minutes"},"schema":{"@context":"https:\/\/schema.org","@graph":[{"@type":"WebPage","@id":"https:\/\/www.liftart.org\/en\/terry-melody-3\/","url":"https:\/\/www.liftart.org\/en\/terry-melody-3\/","name":"Engelli Platform Asans\u00f6r\u00fc Terry Melody 3 - LiftArt Merdiven Asans\u00f6r\u00fc","isPartOf":{"@id":"https:\/\/www.liftart.org\/en\/#website"},"datePublished":"2023-03-23T13:18:01+00:00","dateModified":"2023-03-23T13:21:22+00:00","description":"\u0130\u00e7 ve D\u0131\u015f Kullan\u0131ma Uygundur Melody 3 Dikey Platform Asans\u00f6r modelimiz, 3 metreye kadar ula\u015fan pratik bir \u00e7\u00f6z\u00fcm sunar.","breadcrumb":{"@id":"https:\/\/www.liftart.org\/en\/terry-melody-3\/#breadcrumb"},"inLanguage":"en-US","potentialAction":[{"@type":"ReadAction","target":[["https:\/\/www.liftart.org\/en\/terry-melody-3\/"]]}]},{"@type":"BreadcrumbList","@id":"https:\/\/www.liftart.org\/en\/terry-melody-3\/#breadcrumb","itemListElement":[{"@type":"ListItem","position":1,"name":"Anasayfa","item":"https:\/\/www.liftart.org\/en\/"},{"@type":"ListItem","position":2,"name":"Engelli Platform Asans\u00f6r\u00fc Terry Melody 3"}]},{"@type":"WebSite","@id":"https:\/\/www.liftart.org\/en\/#website","url":"https:\/\/www.liftart.org\/en\/","name":"LiftArt Merdiven Asans\u00f6r\u00fc","description":"Engelli Asans\u00f6r\u00fc, Ev Asans\u00f6r\u00fc","publisher":{"@id":"https:\/\/www.liftart.org\/en\/#organization"},"potentialAction":[{"@type":"SearchAction","target":{"@type":"EntryPoint","urlTemplate":"https:\/\/www.liftart.org\/en\/?s={search_term_string}"},"query-input":"required name=search_term_string"}],"inLanguage":"en-US"},{"@type":"Organization","@id":"https:\/\/www.liftart.org\/en\/#organization","name":"LiftArt Merdiven Asans\u00f6r\u00fc","url":"https:\/\/www.liftart.org\/en\/","logo":{"@type":"ImageObject","inLanguage":"en-US","@id":"https:\/\/www.liftart.org\/en\/#\/schema\/logo\/image\/","url":"http:\/\/www.liftart.org\/wp-content\/uploads\/2023\/03\/cropped-cropped-LiftArt-2020-Logo-300x100-1-1-1.png","contentUrl":"http:\/\/www.liftart.org\/wp-content\/uploads\/2023\/03\/cropped-cropped-LiftArt-2020-Logo-300x100-1-1-1.png","width":300,"height":100,"caption":"LiftArt Merdiven Asans\u00f6r\u00fc"},"image":{"@id":"https:\/\/www.liftart.org\/en\/#\/schema\/logo\/image\/"},"sameAs":["https:\/\/www.facebook.com\/liftartasansor","https:\/\/twitter.com\/liftartasansor","https:\/\/www.instagram.com\/liftartasansor\/","https:\/\/www.youtube.com\/channel\/UCKV9dKwP-Lz7LNNdvZDIoLg"]}]}},"_links":{"self":[{"href":"https:\/\/www.liftart.org\/en\/wp-json\/wp\/v2\/pages\/7227","targetHints":{"allow":["GET"]}}],"collection":[{"href":"https:\/\/www.liftart.org\/en\/wp-json\/wp\/v2\/pages"}],"about":[{"href":"https:\/\/www.liftart.org\/en\/wp-json\/wp\/v2\/types\/page"}],"author":[{"embeddable":true,"href":"https:\/\/www.liftart.org\/en\/wp-json\/wp\/v2\/users\/1"}],"replies":[{"embeddable":true,"href":"https:\/\/www.liftart.org\/en\/wp-json\/wp\/v2\/comments?post=7227"}],"version-history":[{"count":4,"href":"https:\/\/www.liftart.org\/en\/wp-json\/wp\/v2\/pages\/7227\/revisions"}],"predecessor-version":[{"id":7236,"href":"https:\/\/www.liftart.org\/en\/wp-json\/wp\/v2\/pages\/7227\/revisions\/7236"}],"wp:featuredmedia":[{"embeddable":true,"href":"https:\/\/www.liftart.org\/en\/wp-json\/wp\/v2\/media\/7229"}],"wp:attachment":[{"href":"https:\/\/www.liftart.org\/en\/wp-json\/wp\/v2\/media?parent=7227"}],"curies":[{"name":"wp","href":"https:\/\/api.w.org\/{rel}","templated":true}]}}