{"id":7773,"date":"2023-03-29T00:43:08","date_gmt":"2023-03-28T21:43:08","guid":{"rendered":"http:\/\/www.liftart.org\/?page_id=7773"},"modified":"2023-03-29T14:47:48","modified_gmt":"2023-03-29T11:47:48","slug":"merdiven-asansor-dis-mekan-icin-1000","status":"publish","type":"page","link":"https:\/\/www.liftart.org\/en\/merdiven-asansor-dis-mekan-icin-1000\/","title":{"rendered":"Chair StairLifts: H1000"},"content":{"rendered":"<section class=\"wpb-content-wrapper\"><p>[vc_row][vc_column css=&#8221;.vc_custom_1678474716041{background-position: center !important;background-repeat: no-repeat !important;background-size: cover !important;}&#8221;]<div class=\"tlg-spacer \" data-height=\"10\" data-height-tablet=\"10\" data-height-mobile=\"100\" style=\"clear:both;display:block;height:10px;\"><\/div>[\/vc_column][\/vc_row][vc_row][vc_column][vc_column_text]<\/p>\n<h1 style=\"text-align: center;\"><span style=\"font-family: 'arial black', sans-serif; font-size: 18pt;\">Chair StairLifts: H1000<\/span><\/h1>\n<header><\/header>\n<header class=\"entry-header\">If you have narrow stairs, the 1000 is the stairlift for you.The sleekest track in our range.The 1000 provides comfort and support and gives the option of upgrading with powered features. In addition to this the anodized aluminium rail offers a stylish solution with a hidden gear rack. Moreover, the 1000 is the narrowest straight stairlift track on the market which can also be installed outdoors.All our stairlifts are tested and approved by worldwide independent inspection services. This gives you the assurance that all our products meet the highest standards in terms of quality and safety.1000 Outdoor<br \/>\nAs steps up to a porch or front door can be equally difficult to climb as steps indoor, we offer the outdoor stairliftStairlift for your straight stairs outsideThe 1000 Outdoor stairlift is fully waterproofed and designed to overcome the problems caused by external straight runs of stairs.Supplied with UV protected Slate Grey upholstery the 1000 Outdoor stairlift also comes with a waterproof cover to keep it protected from the weather so it is always ready for use.Like all Handicare stairlifts the outdoor models have a key switch to prevent unauthorised use of the lift, which means it can be isolated when not in use.All our stairlifts are tested and approved by worldwide independent inspection services. This gives you the assurance that all our products meet the highest standards in terms of quality and safety.<strong>Brand:<\/strong>\u00a0Handicare<br \/>\n<strong>Model:<\/strong>\u00a01000<br \/>\n<strong>Made in:<\/strong>\u00a0England<br \/>\n<strong>General Distributor for Turkey, Azerbaijan, Armenia, Bulgaria:<\/strong>\u00a0LiftArt<strong>Other StairLift Models:<\/strong><\/header>\n<div><ul class=\"masonry-flip masonry-flip-photoswipe effect-rotate\" id=\"masonry-flip\"><li class=\"flip-column-3 plus-cursor\">\n\t\t    \t    \t\t\t\t\t<a href=\"https:\/\/www.liftart.org\/wp-content\/uploads\/2023\/03\/koltuk-asansoru-liftart-5.jpg\" data-size=\"610x472\">\n\t\t\t\t\t\t\t\t\t\t\t<div class=\"image-box hover-meta plus-cursor text-center\">\n\t\t\t\t\t\t\t\t\t\t\t    <img fetchpriority=\"high\" decoding=\"async\" src=\"https:\/\/www.liftart.org\/wp-content\/uploads\/2023\/03\/koltuk-asansoru-liftart-5.jpg\" alt=\"gallery-item\" \/>\n\t\t\t\t\t\t\t\t\t\t\t    <div class=\"meta-caption\">\n\t\t\t\t\t\t\t\t\t\t\t    \t<h5 class=\"color-white to-top mb8\"><\/h5>\n\t\t\t\t\t\t\t\t\t\t\t    \t<h6 class=\"color-white to-top-after\">koltuk-asansoru-liftart-5<\/h6>\n\t\t\t\t\t\t\t\t\t\t\t    <\/div>\n\t\t\t\t\t\t\t\t\t\t\t<\/div>\n\t\t\t\t\t\t\t\t\t\t<\/a>\n\t\t\t\t\t\t\t\t\t\t<figcaption><\/figcaption>\n\t\t\t\t\t\t\t\t\t<\/li><li class=\"flip-column-3 plus-cursor\">\n\t\t    \t    \t\t\t\t\t<a href=\"https:\/\/www.liftart.org\/wp-content\/uploads\/2023\/03\/koltuk-asansoru-liftart-4.jpg\" data-size=\"620x476\">\n\t\t\t\t\t\t\t\t\t\t\t<div class=\"image-box hover-meta plus-cursor text-center\">\n\t\t\t\t\t\t\t\t\t\t\t    <img decoding=\"async\" src=\"https:\/\/www.liftart.org\/wp-content\/uploads\/2023\/03\/koltuk-asansoru-liftart-4.jpg\" alt=\"gallery-item\" \/>\n\t\t\t\t\t\t\t\t\t\t\t    <div class=\"meta-caption\">\n\t\t\t\t\t\t\t\t\t\t\t    \t<h5 class=\"color-white to-top mb8\"><\/h5>\n\t\t\t\t\t\t\t\t\t\t\t    \t<h6 class=\"color-white to-top-after\">koltuk-asansoru-liftart-4<\/h6>\n\t\t\t\t\t\t\t\t\t\t\t    <\/div>\n\t\t\t\t\t\t\t\t\t\t\t<\/div>\n\t\t\t\t\t\t\t\t\t\t<\/a>\n\t\t\t\t\t\t\t\t\t\t<figcaption><\/figcaption>\n\t\t\t\t\t\t\t\t\t<\/li><li class=\"flip-column-3 plus-cursor\">\n\t\t    \t    \t\t\t\t\t<a href=\"https:\/\/www.liftart.org\/wp-content\/uploads\/slider29\/curved-stairlift-2000-handicare_15042816851920x640.jpeg\" data-size=\"1920x640\">\n\t\t\t\t\t\t\t\t\t\t\t<div class=\"image-box hover-meta plus-cursor text-center\">\n\t\t\t\t\t\t\t\t\t\t\t    <img decoding=\"async\" src=\"https:\/\/www.liftart.org\/wp-content\/uploads\/slider29\/curved-stairlift-2000-handicare_15042816851920x640.jpeg\" alt=\"gallery-item\" \/>\n\t\t\t\t\t\t\t\t\t\t\t    <div class=\"meta-caption\">\n\t\t\t\t\t\t\t\t\t\t\t    \t<h5 class=\"color-white to-top mb8\"><\/h5>\n\t\t\t\t\t\t\t\t\t\t\t    \t<h6 class=\"color-white to-top-after\">curved-stairlift-2000-handicare_15042816851920x640<\/h6>\n\t\t\t\t\t\t\t\t\t\t\t    <\/div>\n\t\t\t\t\t\t\t\t\t\t\t<\/div>\n\t\t\t\t\t\t\t\t\t\t<\/a>\n\t\t\t\t\t\t\t\t\t\t<figcaption><\/figcaption>\n\t\t\t\t\t\t\t\t\t<\/li><\/ul><\/div>\n<header class=\"entry-header\">\n<h1 class=\"entry-title\" style=\"text-align: center;\"><\/h1>\n<\/header>\n<p>[\/vc_column_text][vc_column_text][\/vc_column_text][\/vc_column][\/vc_row][vc_row tlg_background_style=&#8221;bg-primary&#8221;][vc_column]<div class=\"display-table\"><div class=\"display-cell display-none-sm\"><i  class=\"fade-color ms-text mr-24 ti-mobile icon\"><\/i><\/div>\n\t\t\t\t\t<div class=\"display-cell text-center-sm\">\n\t\t\t\t\t\t<div  class=\"maintitle ms-text\">Call Us: 0549 608 00 70<\/div>\n\t\t\t\t\t\t<div  class=\"subtitle\"><\/div>\n\t\t\t\t\t<\/div>\n\t\t\t\t\t<div class=\"display-cell text-center-sm text-right\"><\/div>\n\t\t\t\t<\/div>[\/vc_column][\/vc_row][vc_row][vc_column][vc_video link=&#8221;https:\/\/youtu.be\/vBe0Gbmfnjs&#8221;]<div id=\"tab-69f495222e7a1\" class=\" tabs-content tabs-style-1 \"><ul class=\"tabs\"><li><div class=\"tab-title\"><span>G\u00fcvenlik Standartlar\u0131<\/span><\/div><div class=\"tab-content\"><p>andicare 2000 koltuk asans\u00f6r\u00fc g\u00fcvenlik sens\u00f6rleriyle donat\u0131lm\u0131\u015ft\u0131r. \u00c7al\u0131\u015fma an\u0131nda \u00f6n\u00fcne \u00e7\u0131kan bir engel durumunda stop eder.<\/p>\n<p>&nbsp;<\/p>\n<p>Handicare 2000\u2019de kolay kullan\u0131ml\u0131, ayarlanabilir emniyet kemeri bulunmaktad\u0131r. \u0130ste\u011fe ba\u011fl\u0131 kolay kullan\u0131ml\u0131 c\u0131rt-c\u0131rt \u00f6zellikli emniyet kemeri tak\u0131labilir.<\/p>\n<p><strong>Kolay kullan\u0131m<\/strong><br \/>\nKumanda kolu kolay kullan\u0131ml\u0131d\u0131r. Bas\u0131l\u0131 tutarak a\u015fa\u011f\u0131 ya da yukar\u0131 harekete devam edebilirsiniz, Handicare 2000 hareketine yumu\u015fak ve nazik bir \u015fekilde devam edecektir.<\/p>\n<\/div><\/li><li><div class=\"tab-title\"><span>Konfor \u00d6zellikleri<\/span><\/div><div class=\"tab-content\"><p><strong>Elektrikli mafsal<\/strong><br \/>\nBaz\u0131 evlerde kap\u0131 ge\u00e7i\u015fleri merdiven bitimlerine ya da ba\u015flang\u0131\u00e7lar\u0131na \u00e7ok yak\u0131n olabilir.<br \/>\nBu yap\u0131daki evlerde koltuk asans\u00f6r\u00fcn\u00fcn ray\u0131, kap\u0131lardan ge\u00e7i\u015fi engelleyebilir. Bu gibi durumlar i\u00e7in otomatik katlanabilir ray uzant\u0131s\u0131 (mafsal) sayesinde, ge\u00e7i\u015fler sorun olmaktan \u00e7\u0131kar.<br \/>\nMafsal hareketi koltuk kolu \u00fczerindeki kumanda kolundan yap\u0131l\u0131r.<\/p>\n<p>&nbsp;<\/p>\n<p><strong>Otomatik d\u00f6n\u00fc\u015f<\/strong><br \/>\nMerdivenin en \u00fcst noktas\u0131na \u00e7\u0131kt\u0131\u011f\u0131n\u0131zda koltuktan inmeniz i\u00e7in koltu\u011fu d\u00f6nd\u00fcrmeniz gerekmektedir.<br \/>\nE\u011fer otomatik d\u00f6n\u00fc\u015fl\u00fc koltuk opsiyonunu se\u00e7erseniz, kumanda koluna bas\u0131l\u0131 tuttu\u011funuzda koltuk otomatik olarak d\u00f6necek ve inmeniz kolayla\u015facakt\u0131r.<\/p>\n<p><strong>Otomatik ayak dayama tablas\u0131<\/strong><br \/>\nAyak dayama tablas\u0131 ve koltuk katlanarak kullan\u0131lmad\u0131klar\u0131 durumlarda yerden kazan\u00e7 sa\u011flar, b\u00f6ylece di\u011fer kullan\u0131c\u0131larda merdivenleri rahat\u00e7a kullanabilirler.<\/p>\n<p>Otomatik katlanabilir ayak tablal\u0131 modeli se\u00e7ti\u011finizde, bu aparat\u0131n katlanmas\u0131 otomatik olarak ger\u00e7ekle\u015fecektir, tablay\u0131 a\u00e7mak ya da katlamak zorunda kalmazs\u0131n\u0131z\u2026\u00a0Detayl\u0131 bilgi i\u00e7in l\u00fctfen bizi aray\u0131n\u0131z.<\/p>\n<\/div><\/li><\/ul><\/div>[\/vc_column][\/vc_row]<\/p>\n<\/section>","protected":false},"excerpt":{"rendered":"<p>[vc_row][vc_column css=&#8221;.vc_custom_1678474716041{background-position: center !important;background-repeat: no-repeat !important;background-size: cover !important;}&#8221;][\/vc_column][\/vc_row][vc_row][vc_column][vc_column_text] Chair StairLifts: H1000 If you have narrow stairs,&#8230;<\/p>\n","protected":false},"author":1,"featured_media":0,"parent":0,"menu_order":0,"comment_status":"closed","ping_status":"closed","template":"","meta":{"footnotes":""},"class_list":["post-7773","page","type-page","status-publish","hentry"],"yoast_head":"<!-- This site is optimized with the Yoast SEO plugin v20.4 - https:\/\/yoast.com\/wordpress\/plugins\/seo\/ -->\n<title>Chair StairLifts: H1000 - LiftArt Merdiven Asans\u00f6r\u00fc<\/title>\n<meta name=\"robots\" content=\"index, follow, max-snippet:-1, max-image-preview:large, max-video-preview:-1\" \/>\n<link rel=\"canonical\" href=\"https:\/\/www.liftart.org\/en\/merdiven-asansor-dis-mekan-icin-1000\/\" \/>\n<meta property=\"og:locale\" content=\"en_US\" \/>\n<meta property=\"og:type\" content=\"article\" \/>\n<meta property=\"og:title\" content=\"Chair StairLifts: H1000 - LiftArt Merdiven Asans\u00f6r\u00fc\" \/>\n<meta property=\"og:description\" content=\"[vc_row][vc_column css=&#8221;.vc_custom_1678474716041{background-position: center !important;background-repeat: no-repeat !important;background-size: cover !important;}&#8221;][\/vc_column][\/vc_row][vc_row][vc_column][vc_column_text] Chair StairLifts: H1000 If you have narrow stairs,...\" \/>\n<meta property=\"og:url\" content=\"https:\/\/www.liftart.org\/en\/merdiven-asansor-dis-mekan-icin-1000\/\" \/>\n<meta property=\"og:site_name\" content=\"LiftArt Merdiven Asans\u00f6r\u00fc\" \/>\n<meta property=\"article:publisher\" content=\"https:\/\/www.facebook.com\/liftartasansor\" \/>\n<meta property=\"article:modified_time\" content=\"2023-03-29T11:47:48+00:00\" \/>\n<meta property=\"og:image\" content=\"https:\/\/www.liftart.org\/wp-content\/uploads\/2023\/03\/koltuk-asansoru-liftart-5.jpg\" \/>\n<meta name=\"twitter:card\" content=\"summary_large_image\" \/>\n<meta name=\"twitter:site\" content=\"@liftartasansor\" \/>\n<meta name=\"twitter:label1\" content=\"Est. reading time\" \/>\n\t<meta name=\"twitter:data1\" content=\"3 minutes\" \/>\n<script type=\"application\/ld+json\" class=\"yoast-schema-graph\">{\"@context\":\"https:\/\/schema.org\",\"@graph\":[{\"@type\":\"WebPage\",\"@id\":\"https:\/\/www.liftart.org\/en\/merdiven-asansor-dis-mekan-icin-1000\/\",\"url\":\"https:\/\/www.liftart.org\/en\/merdiven-asansor-dis-mekan-icin-1000\/\",\"name\":\"Chair StairLifts: H1000 - LiftArt Merdiven Asans\u00f6r\u00fc\",\"isPartOf\":{\"@id\":\"https:\/\/www.liftart.org\/en\/#website\"},\"datePublished\":\"2023-03-28T21:43:08+00:00\",\"dateModified\":\"2023-03-29T11:47:48+00:00\",\"breadcrumb\":{\"@id\":\"https:\/\/www.liftart.org\/en\/merdiven-asansor-dis-mekan-icin-1000\/#breadcrumb\"},\"inLanguage\":\"en-US\",\"potentialAction\":[{\"@type\":\"ReadAction\",\"target\":[[\"https:\/\/www.liftart.org\/en\/merdiven-asansor-dis-mekan-icin-1000\/\"]]}]},{\"@type\":\"BreadcrumbList\",\"@id\":\"https:\/\/www.liftart.org\/en\/merdiven-asansor-dis-mekan-icin-1000\/#breadcrumb\",\"itemListElement\":[{\"@type\":\"ListItem\",\"position\":1,\"name\":\"Anasayfa\",\"item\":\"https:\/\/www.liftart.org\/en\/\"},{\"@type\":\"ListItem\",\"position\":2,\"name\":\"Chair StairLifts: H1000\"}]},{\"@type\":\"WebSite\",\"@id\":\"https:\/\/www.liftart.org\/en\/#website\",\"url\":\"https:\/\/www.liftart.org\/en\/\",\"name\":\"LiftArt Merdiven Asans\u00f6r\u00fc\",\"description\":\"Engelli Asans\u00f6r\u00fc, Ev Asans\u00f6r\u00fc\",\"publisher\":{\"@id\":\"https:\/\/www.liftart.org\/en\/#organization\"},\"potentialAction\":[{\"@type\":\"SearchAction\",\"target\":{\"@type\":\"EntryPoint\",\"urlTemplate\":\"https:\/\/www.liftart.org\/en\/?s={search_term_string}\"},\"query-input\":\"required name=search_term_string\"}],\"inLanguage\":\"en-US\"},{\"@type\":\"Organization\",\"@id\":\"https:\/\/www.liftart.org\/en\/#organization\",\"name\":\"LiftArt Merdiven Asans\u00f6r\u00fc\",\"url\":\"https:\/\/www.liftart.org\/en\/\",\"logo\":{\"@type\":\"ImageObject\",\"inLanguage\":\"en-US\",\"@id\":\"https:\/\/www.liftart.org\/en\/#\/schema\/logo\/image\/\",\"url\":\"http:\/\/www.liftart.org\/wp-content\/uploads\/2023\/03\/cropped-cropped-LiftArt-2020-Logo-300x100-1-1-1.png\",\"contentUrl\":\"http:\/\/www.liftart.org\/wp-content\/uploads\/2023\/03\/cropped-cropped-LiftArt-2020-Logo-300x100-1-1-1.png\",\"width\":300,\"height\":100,\"caption\":\"LiftArt Merdiven Asans\u00f6r\u00fc\"},\"image\":{\"@id\":\"https:\/\/www.liftart.org\/en\/#\/schema\/logo\/image\/\"},\"sameAs\":[\"https:\/\/www.facebook.com\/liftartasansor\",\"https:\/\/twitter.com\/liftartasansor\",\"https:\/\/www.instagram.com\/liftartasansor\/\",\"https:\/\/www.youtube.com\/channel\/UCKV9dKwP-Lz7LNNdvZDIoLg\"]}]}<\/script>\n<!-- \/ Yoast SEO plugin. -->","yoast_head_json":{"title":"Chair StairLifts: H1000 - LiftArt Merdiven Asans\u00f6r\u00fc","robots":{"index":"index","follow":"follow","max-snippet":"max-snippet:-1","max-image-preview":"max-image-preview:large","max-video-preview":"max-video-preview:-1"},"canonical":"https:\/\/www.liftart.org\/en\/merdiven-asansor-dis-mekan-icin-1000\/","og_locale":"en_US","og_type":"article","og_title":"Chair StairLifts: H1000 - LiftArt Merdiven Asans\u00f6r\u00fc","og_description":"[vc_row][vc_column css=&#8221;.vc_custom_1678474716041{background-position: center !important;background-repeat: no-repeat !important;background-size: cover !important;}&#8221;][\/vc_column][\/vc_row][vc_row][vc_column][vc_column_text] Chair StairLifts: H1000 If you have narrow stairs,...","og_url":"https:\/\/www.liftart.org\/en\/merdiven-asansor-dis-mekan-icin-1000\/","og_site_name":"LiftArt Merdiven Asans\u00f6r\u00fc","article_publisher":"https:\/\/www.facebook.com\/liftartasansor","article_modified_time":"2023-03-29T11:47:48+00:00","og_image":[{"url":"https:\/\/www.liftart.org\/wp-content\/uploads\/2023\/03\/koltuk-asansoru-liftart-5.jpg"}],"twitter_card":"summary_large_image","twitter_site":"@liftartasansor","twitter_misc":{"Est. reading time":"3 minutes"},"schema":{"@context":"https:\/\/schema.org","@graph":[{"@type":"WebPage","@id":"https:\/\/www.liftart.org\/en\/merdiven-asansor-dis-mekan-icin-1000\/","url":"https:\/\/www.liftart.org\/en\/merdiven-asansor-dis-mekan-icin-1000\/","name":"Chair StairLifts: H1000 - LiftArt Merdiven Asans\u00f6r\u00fc","isPartOf":{"@id":"https:\/\/www.liftart.org\/en\/#website"},"datePublished":"2023-03-28T21:43:08+00:00","dateModified":"2023-03-29T11:47:48+00:00","breadcrumb":{"@id":"https:\/\/www.liftart.org\/en\/merdiven-asansor-dis-mekan-icin-1000\/#breadcrumb"},"inLanguage":"en-US","potentialAction":[{"@type":"ReadAction","target":[["https:\/\/www.liftart.org\/en\/merdiven-asansor-dis-mekan-icin-1000\/"]]}]},{"@type":"BreadcrumbList","@id":"https:\/\/www.liftart.org\/en\/merdiven-asansor-dis-mekan-icin-1000\/#breadcrumb","itemListElement":[{"@type":"ListItem","position":1,"name":"Anasayfa","item":"https:\/\/www.liftart.org\/en\/"},{"@type":"ListItem","position":2,"name":"Chair StairLifts: H1000"}]},{"@type":"WebSite","@id":"https:\/\/www.liftart.org\/en\/#website","url":"https:\/\/www.liftart.org\/en\/","name":"LiftArt Merdiven Asans\u00f6r\u00fc","description":"Engelli Asans\u00f6r\u00fc, Ev Asans\u00f6r\u00fc","publisher":{"@id":"https:\/\/www.liftart.org\/en\/#organization"},"potentialAction":[{"@type":"SearchAction","target":{"@type":"EntryPoint","urlTemplate":"https:\/\/www.liftart.org\/en\/?s={search_term_string}"},"query-input":"required name=search_term_string"}],"inLanguage":"en-US"},{"@type":"Organization","@id":"https:\/\/www.liftart.org\/en\/#organization","name":"LiftArt Merdiven Asans\u00f6r\u00fc","url":"https:\/\/www.liftart.org\/en\/","logo":{"@type":"ImageObject","inLanguage":"en-US","@id":"https:\/\/www.liftart.org\/en\/#\/schema\/logo\/image\/","url":"http:\/\/www.liftart.org\/wp-content\/uploads\/2023\/03\/cropped-cropped-LiftArt-2020-Logo-300x100-1-1-1.png","contentUrl":"http:\/\/www.liftart.org\/wp-content\/uploads\/2023\/03\/cropped-cropped-LiftArt-2020-Logo-300x100-1-1-1.png","width":300,"height":100,"caption":"LiftArt Merdiven Asans\u00f6r\u00fc"},"image":{"@id":"https:\/\/www.liftart.org\/en\/#\/schema\/logo\/image\/"},"sameAs":["https:\/\/www.facebook.com\/liftartasansor","https:\/\/twitter.com\/liftartasansor","https:\/\/www.instagram.com\/liftartasansor\/","https:\/\/www.youtube.com\/channel\/UCKV9dKwP-Lz7LNNdvZDIoLg"]}]}},"_links":{"self":[{"href":"https:\/\/www.liftart.org\/en\/wp-json\/wp\/v2\/pages\/7773","targetHints":{"allow":["GET"]}}],"collection":[{"href":"https:\/\/www.liftart.org\/en\/wp-json\/wp\/v2\/pages"}],"about":[{"href":"https:\/\/www.liftart.org\/en\/wp-json\/wp\/v2\/types\/page"}],"author":[{"embeddable":true,"href":"https:\/\/www.liftart.org\/en\/wp-json\/wp\/v2\/users\/1"}],"replies":[{"embeddable":true,"href":"https:\/\/www.liftart.org\/en\/wp-json\/wp\/v2\/comments?post=7773"}],"version-history":[{"count":6,"href":"https:\/\/www.liftart.org\/en\/wp-json\/wp\/v2\/pages\/7773\/revisions"}],"predecessor-version":[{"id":7810,"href":"https:\/\/www.liftart.org\/en\/wp-json\/wp\/v2\/pages\/7773\/revisions\/7810"}],"wp:attachment":[{"href":"https:\/\/www.liftart.org\/en\/wp-json\/wp\/v2\/media?parent=7773"}],"curies":[{"name":"wp","href":"https:\/\/api.w.org\/{rel}","templated":true}]}}