{"id":7784,"date":"2023-03-29T00:55:39","date_gmt":"2023-03-28T21:55:39","guid":{"rendered":"http:\/\/www.liftart.org\/?page_id=7784"},"modified":"2023-03-29T00:59:17","modified_gmt":"2023-03-28T21:59:17","slug":"portatif-merdiven-inme-cikma-cihazi","status":"publish","type":"page","link":"https:\/\/www.liftart.org\/en\/portatif-merdiven-inme-cikma-cihazi\/","title":{"rendered":"Portable Stair Climber- Model: T10"},"content":{"rendered":"<section class=\"wpb-content-wrapper\"><p>[vc_row][vc_column css=&#8221;.vc_custom_1678474716041{background-position: center !important;background-repeat: no-repeat !important;background-size: cover !important;}&#8221;]<div class=\"tlg-spacer \" data-height=\"10\" data-height-tablet=\"10\" data-height-mobile=\"100\" style=\"clear:both;display:block;height:10px;\"><\/div>[\/vc_column][\/vc_row][vc_row][vc_column][vc_column_text]<\/p>\n<header class=\"entry-header\">\n<header class=\"entry-header\">\n<h1 class=\"entry-title\">Portable Stair Climber- Model: T10<\/h1>\n<\/header>\n<div id=\"primary\" class=\"content-area\">\n<p>&nbsp;<\/p>\n<article id=\"post-332\" class=\"post-332 tp-carousel-items type-tp-carousel-items status-publish has-post-thumbnail hentry tpcarousel_cat-tasima-iletme-cihazlari\">\n<div class=\"entry-content\">\n<p>MOBILE STAIRCLIMBER T10 SCALACOMBI<br \/>\nThe wheeled stairclimber, practical and safe for those who find stairs difficult.<\/p>\n<p>The T10 stairclimber model is an ideal aid for anyone with mobility difficulties, even partial or just temporary, who may have difficulty in climbing stairs.<\/p>\n<p>Stairs can be safely manoeuvred with T10 and an operator.<\/p>\n<p>T10 is a wheeled stairclimber, ideal on very narrow stairs and can overcome slopes up to 55\u00b0<\/p>\n<p>VERSATILE<br \/>\nThe T10 is a stair climber ideal for narrow stairs (up to 550 mm), with small landings (&gt; 70 cm) and\/or with winder steps and is able to overcome gradients up to 55\u00b0.<br \/>\nIt can be easily and quickly disassembled into several parts to be loaded easily into the boot of a car.<\/p>\n<p>RELIABLE AND STURDY<br \/>\nThe safety and reliability characteristics allow the operator to guide the unit without effort, and the assisted to overcome the stairs in full comfort, both in ascent and descent. With the T10 mobile stair climber and the steering of an operator, you can go up and down stairs in total safety.<\/p>\n<\/div>\n<\/article>\n<p>&nbsp;<\/p>\n<\/div>\n<\/header>\n<div id=\"primary\" class=\"content-area\">\n<div><ul class=\"masonry-flip masonry-flip-photoswipe effect-rotate\" id=\"masonry-flip\"><li class=\"flip-column-4 plus-cursor\">\n\t\t    \t    \t\t\t\t\t<a href=\"https:\/\/www.liftart.org\/wp-content\/uploads\/2023\/03\/Portatif_Merdiven_Cikma_10.jpg\" data-size=\"511x453\">\n\t\t\t\t\t\t\t\t\t\t\t<div class=\"image-box hover-meta plus-cursor text-center\">\n\t\t\t\t\t\t\t\t\t\t\t    <img fetchpriority=\"high\" decoding=\"async\" src=\"https:\/\/www.liftart.org\/wp-content\/uploads\/2023\/03\/Portatif_Merdiven_Cikma_10.jpg\" alt=\"gallery-item\" \/>\n\t\t\t\t\t\t\t\t\t\t\t    <div class=\"meta-caption\">\n\t\t\t\t\t\t\t\t\t\t\t    \t<h5 class=\"color-white to-top mb8\"><\/h5>\n\t\t\t\t\t\t\t\t\t\t\t    \t<h6 class=\"color-white to-top-after\">Portatif_Merdiven_Cikma_10<\/h6>\n\t\t\t\t\t\t\t\t\t\t\t    <\/div>\n\t\t\t\t\t\t\t\t\t\t\t<\/div>\n\t\t\t\t\t\t\t\t\t\t<\/a>\n\t\t\t\t\t\t\t\t\t\t<figcaption><\/figcaption>\n\t\t\t\t\t\t\t\t\t<\/li><li class=\"flip-column-4 plus-cursor\">\n\t\t    \t    \t\t\t\t\t<a href=\"https:\/\/www.liftart.org\/wp-content\/uploads\/slider30\/vimec-t10.jpeg\" data-size=\"1920x700\">\n\t\t\t\t\t\t\t\t\t\t\t<div class=\"image-box hover-meta plus-cursor text-center\">\n\t\t\t\t\t\t\t\t\t\t\t    <img decoding=\"async\" src=\"https:\/\/www.liftart.org\/wp-content\/uploads\/slider30\/vimec-t10.jpeg\" alt=\"gallery-item\" \/>\n\t\t\t\t\t\t\t\t\t\t\t    <div class=\"meta-caption\">\n\t\t\t\t\t\t\t\t\t\t\t    \t<h5 class=\"color-white to-top mb8\"><\/h5>\n\t\t\t\t\t\t\t\t\t\t\t    \t<h6 class=\"color-white to-top-after\">vimec-t10<\/h6>\n\t\t\t\t\t\t\t\t\t\t\t    <\/div>\n\t\t\t\t\t\t\t\t\t\t\t<\/div>\n\t\t\t\t\t\t\t\t\t\t<\/a>\n\t\t\t\t\t\t\t\t\t\t<figcaption><\/figcaption>\n\t\t\t\t\t\t\t\t\t<\/li><li class=\"flip-column-4 plus-cursor\">\n\t\t    \t    \t\t\t\t\t<a href=\"https:\/\/www.liftart.org\/wp-content\/uploads\/2023\/03\/scalacombi_dosemenizi_korur.jpg\" data-size=\"545x300\">\n\t\t\t\t\t\t\t\t\t\t\t<div class=\"image-box hover-meta plus-cursor text-center\">\n\t\t\t\t\t\t\t\t\t\t\t    <img decoding=\"async\" src=\"https:\/\/www.liftart.org\/wp-content\/uploads\/2023\/03\/scalacombi_dosemenizi_korur.jpg\" alt=\"gallery-item\" \/>\n\t\t\t\t\t\t\t\t\t\t\t    <div class=\"meta-caption\">\n\t\t\t\t\t\t\t\t\t\t\t    \t<h5 class=\"color-white to-top mb8\"><\/h5>\n\t\t\t\t\t\t\t\t\t\t\t    \t<h6 class=\"color-white to-top-after\">scalacombi_dosemenizi_korur<\/h6>\n\t\t\t\t\t\t\t\t\t\t\t    <\/div>\n\t\t\t\t\t\t\t\t\t\t\t<\/div>\n\t\t\t\t\t\t\t\t\t\t<\/a>\n\t\t\t\t\t\t\t\t\t\t<figcaption><\/figcaption>\n\t\t\t\t\t\t\t\t\t<\/li><li class=\"flip-column-4 plus-cursor\">\n\t\t    \t    \t\t\t\t\t<a href=\"https:\/\/www.liftart.org\/wp-content\/uploads\/2023\/03\/vimec_merdiven_cikma.jpg\" data-size=\"604x640\">\n\t\t\t\t\t\t\t\t\t\t\t<div class=\"image-box hover-meta plus-cursor text-center\">\n\t\t\t\t\t\t\t\t\t\t\t    <img decoding=\"async\" src=\"https:\/\/www.liftart.org\/wp-content\/uploads\/2023\/03\/vimec_merdiven_cikma.jpg\" alt=\"gallery-item\" \/>\n\t\t\t\t\t\t\t\t\t\t\t    <div class=\"meta-caption\">\n\t\t\t\t\t\t\t\t\t\t\t    \t<h5 class=\"color-white to-top mb8\"><\/h5>\n\t\t\t\t\t\t\t\t\t\t\t    \t<h6 class=\"color-white to-top-after\">vimec_merdiven_cikma<\/h6>\n\t\t\t\t\t\t\t\t\t\t\t    <\/div>\n\t\t\t\t\t\t\t\t\t\t\t<\/div>\n\t\t\t\t\t\t\t\t\t\t<\/a>\n\t\t\t\t\t\t\t\t\t\t<figcaption><\/figcaption>\n\t\t\t\t\t\t\t\t\t<\/li><\/ul><\/div>\n<\/div>\n<p>[\/vc_column_text][vc_column_text][\/vc_column_text][\/vc_column][\/vc_row][vc_row tlg_background_style=&#8221;bg-primary&#8221;][vc_column]<div class=\"display-table\"><div class=\"display-cell display-none-sm\"><i  class=\"fade-color ms-text mr-24 ti-mobile icon\"><\/i><\/div>\n\t\t\t\t\t<div class=\"display-cell text-center-sm\">\n\t\t\t\t\t\t<div  class=\"maintitle ms-text\">Engelli Tertibatlar\u0131 ve Modelleri Hakk\u0131nda Bilgi Almak i\u00e7in Aray\u0131n\u0131z: 0549 608 00 70<\/div>\n\t\t\t\t\t\t<div  class=\"subtitle\"><\/div>\n\t\t\t\t\t<\/div>\n\t\t\t\t\t<div class=\"display-cell text-center-sm text-right\"><\/div>\n\t\t\t\t<\/div>[\/vc_column][\/vc_row][vc_row][vc_column][vc_video link=&#8221;https:\/\/youtu.be\/B4AOQLqxvFY&#8221;][vc_column_text]<\/p>\n<article id=\"post-1424\" class=\"post-1424 tp-carousel-items type-tp-carousel-items status-publish has-post-thumbnail hentry tpcarousel_cat-engelli-asansorleri tpcarousel_cat-sahne-asansoru\">\n<div class=\"entry-content\">\n<div class=\"su-row\">\n<div class=\"su-column su-column-size-2-3\">\n<div class=\"su-column-inner su-u-clearfix su-u-trim\">\n<p>COMFORTABLE AND EASY<br \/>\nThe stair climber\u2019s patented transmission, with its softstep function, ensures climbing and descending individual steps in a very gentle manner. The assisted can rest comfortably seated in a padded seat, with an adjustable footrest. The folding armrests help to get on and off the seat simply and easily.<br \/>\nThe T10 Scalacombi mobile stair climber is included in the Ministry of Health pricing schedule and can be supplied on loan by your local ASL.<\/p>\n<p>Where to find the T10 Scalacombi mobile stair climber<br \/>\nContact LiftArt &amp; Vimec to locate the ASL and the Orthopaedic clinics with whom we collaborate in each Turkey province. The LiftArt &amp; Vimec customer service will advise you on the best solution for your needs, helping you to choose the product (stair climber, stair lift, platform lift) most suitable for you.<\/p>\n<p><strong>Brand:<\/strong>\u00a0Vimec<br \/>\n<strong>Model:<\/strong>\u00a0T10<br \/>\n<strong>Made in:<\/strong>\u00a0Italy<br \/>\n<strong>General Distributor for Turkey, Azerbaijan, Armenia, Bulgaria:<\/strong>\u00a0LiftArt<\/p>\n<\/div>\n<\/div>\n<\/div>\n<\/div>\n<\/article>\n<p>[\/vc_column_text][vc_video link=&#8221;https:\/\/youtu.be\/7lTbPXJ4y6Q&#8221;][\/vc_column][\/vc_row]<\/p>\n<\/section>","protected":false},"excerpt":{"rendered":"<p>[vc_row][vc_column css=&#8221;.vc_custom_1678474716041{background-position: center !important;background-repeat: no-repeat !important;background-size: cover !important;}&#8221;][\/vc_column][\/vc_row][vc_row][vc_column][vc_column_text] Portable Stair Climber- Model: T10 &nbsp; MOBILE STAIRCLIMBER&#8230;<\/p>\n","protected":false},"author":1,"featured_media":0,"parent":0,"menu_order":0,"comment_status":"closed","ping_status":"closed","template":"","meta":{"footnotes":""},"class_list":["post-7784","page","type-page","status-publish","hentry"],"yoast_head":"<!-- This site is optimized with the Yoast SEO plugin v20.4 - https:\/\/yoast.com\/wordpress\/plugins\/seo\/ -->\n<title>Portatif Merdiven inme \u00c7\u0131kma Cihaz\u0131 - Model: T10 - LiftArt Asans\u00f6r<\/title>\n<meta name=\"description\" content=\"Portatif Merdiven inme \u00c7\u0131kma Cihaz\u0131 ve Ta\u015f\u0131ma ve iletme sistemleri ile merdivenlerinizi kolayca inip \u00e7\u0131kabilirsiniz. LiftArt - 05496080070\" \/>\n<meta name=\"robots\" content=\"index, follow, max-snippet:-1, max-image-preview:large, max-video-preview:-1\" \/>\n<link rel=\"canonical\" href=\"https:\/\/www.liftart.org\/en\/portatif-merdiven-inme-cikma-cihazi\/\" \/>\n<meta property=\"og:locale\" content=\"en_US\" \/>\n<meta property=\"og:type\" content=\"article\" \/>\n<meta property=\"og:title\" content=\"Portatif Merdiven inme \u00c7\u0131kma Cihaz\u0131 - Model: T10 - LiftArt Asans\u00f6r\" \/>\n<meta property=\"og:description\" content=\"Portatif Merdiven inme \u00c7\u0131kma Cihaz\u0131 ve Ta\u015f\u0131ma ve iletme sistemleri ile merdivenlerinizi kolayca inip \u00e7\u0131kabilirsiniz. LiftArt - 05496080070\" \/>\n<meta property=\"og:url\" content=\"https:\/\/www.liftart.org\/en\/portatif-merdiven-inme-cikma-cihazi\/\" \/>\n<meta property=\"og:site_name\" content=\"LiftArt Merdiven Asans\u00f6r\u00fc\" \/>\n<meta property=\"article:publisher\" content=\"https:\/\/www.facebook.com\/liftartasansor\" \/>\n<meta property=\"article:modified_time\" content=\"2023-03-28T21:59:17+00:00\" \/>\n<meta property=\"og:image\" content=\"https:\/\/www.liftart.org\/wp-content\/uploads\/2023\/03\/Portatif_Merdiven_Cikma_10.jpg\" \/>\n<meta name=\"twitter:card\" content=\"summary_large_image\" \/>\n<meta name=\"twitter:site\" content=\"@liftartasansor\" \/>\n<meta name=\"twitter:label1\" content=\"Est. reading time\" \/>\n\t<meta name=\"twitter:data1\" content=\"2 minutes\" \/>\n<script type=\"application\/ld+json\" class=\"yoast-schema-graph\">{\"@context\":\"https:\/\/schema.org\",\"@graph\":[{\"@type\":\"WebPage\",\"@id\":\"https:\/\/www.liftart.org\/en\/portatif-merdiven-inme-cikma-cihazi\/\",\"url\":\"https:\/\/www.liftart.org\/en\/portatif-merdiven-inme-cikma-cihazi\/\",\"name\":\"Portatif Merdiven inme \u00c7\u0131kma Cihaz\u0131 - Model: T10 - LiftArt Asans\u00f6r\",\"isPartOf\":{\"@id\":\"https:\/\/www.liftart.org\/en\/#website\"},\"datePublished\":\"2023-03-28T21:55:39+00:00\",\"dateModified\":\"2023-03-28T21:59:17+00:00\",\"description\":\"Portatif Merdiven inme \u00c7\u0131kma Cihaz\u0131 ve Ta\u015f\u0131ma ve iletme sistemleri ile merdivenlerinizi kolayca inip \u00e7\u0131kabilirsiniz. LiftArt - 05496080070\",\"breadcrumb\":{\"@id\":\"https:\/\/www.liftart.org\/en\/portatif-merdiven-inme-cikma-cihazi\/#breadcrumb\"},\"inLanguage\":\"en-US\",\"potentialAction\":[{\"@type\":\"ReadAction\",\"target\":[[\"https:\/\/www.liftart.org\/en\/portatif-merdiven-inme-cikma-cihazi\/\"]]}]},{\"@type\":\"BreadcrumbList\",\"@id\":\"https:\/\/www.liftart.org\/en\/portatif-merdiven-inme-cikma-cihazi\/#breadcrumb\",\"itemListElement\":[{\"@type\":\"ListItem\",\"position\":1,\"name\":\"Anasayfa\",\"item\":\"https:\/\/www.liftart.org\/en\/\"},{\"@type\":\"ListItem\",\"position\":2,\"name\":\"Portable Stair Climber- Model: T10\"}]},{\"@type\":\"WebSite\",\"@id\":\"https:\/\/www.liftart.org\/en\/#website\",\"url\":\"https:\/\/www.liftart.org\/en\/\",\"name\":\"LiftArt Merdiven Asans\u00f6r\u00fc\",\"description\":\"Engelli Asans\u00f6r\u00fc, Ev Asans\u00f6r\u00fc\",\"publisher\":{\"@id\":\"https:\/\/www.liftart.org\/en\/#organization\"},\"potentialAction\":[{\"@type\":\"SearchAction\",\"target\":{\"@type\":\"EntryPoint\",\"urlTemplate\":\"https:\/\/www.liftart.org\/en\/?s={search_term_string}\"},\"query-input\":\"required name=search_term_string\"}],\"inLanguage\":\"en-US\"},{\"@type\":\"Organization\",\"@id\":\"https:\/\/www.liftart.org\/en\/#organization\",\"name\":\"LiftArt Merdiven Asans\u00f6r\u00fc\",\"url\":\"https:\/\/www.liftart.org\/en\/\",\"logo\":{\"@type\":\"ImageObject\",\"inLanguage\":\"en-US\",\"@id\":\"https:\/\/www.liftart.org\/en\/#\/schema\/logo\/image\/\",\"url\":\"http:\/\/www.liftart.org\/wp-content\/uploads\/2023\/03\/cropped-cropped-LiftArt-2020-Logo-300x100-1-1-1.png\",\"contentUrl\":\"http:\/\/www.liftart.org\/wp-content\/uploads\/2023\/03\/cropped-cropped-LiftArt-2020-Logo-300x100-1-1-1.png\",\"width\":300,\"height\":100,\"caption\":\"LiftArt Merdiven Asans\u00f6r\u00fc\"},\"image\":{\"@id\":\"https:\/\/www.liftart.org\/en\/#\/schema\/logo\/image\/\"},\"sameAs\":[\"https:\/\/www.facebook.com\/liftartasansor\",\"https:\/\/twitter.com\/liftartasansor\",\"https:\/\/www.instagram.com\/liftartasansor\/\",\"https:\/\/www.youtube.com\/channel\/UCKV9dKwP-Lz7LNNdvZDIoLg\"]}]}<\/script>\n<!-- \/ Yoast SEO plugin. -->","yoast_head_json":{"title":"Portatif Merdiven inme \u00c7\u0131kma Cihaz\u0131 - Model: T10 - LiftArt Asans\u00f6r","description":"Portatif Merdiven inme \u00c7\u0131kma Cihaz\u0131 ve Ta\u015f\u0131ma ve iletme sistemleri ile merdivenlerinizi kolayca inip \u00e7\u0131kabilirsiniz. LiftArt - 05496080070","robots":{"index":"index","follow":"follow","max-snippet":"max-snippet:-1","max-image-preview":"max-image-preview:large","max-video-preview":"max-video-preview:-1"},"canonical":"https:\/\/www.liftart.org\/en\/portatif-merdiven-inme-cikma-cihazi\/","og_locale":"en_US","og_type":"article","og_title":"Portatif Merdiven inme \u00c7\u0131kma Cihaz\u0131 - Model: T10 - LiftArt Asans\u00f6r","og_description":"Portatif Merdiven inme \u00c7\u0131kma Cihaz\u0131 ve Ta\u015f\u0131ma ve iletme sistemleri ile merdivenlerinizi kolayca inip \u00e7\u0131kabilirsiniz. LiftArt - 05496080070","og_url":"https:\/\/www.liftart.org\/en\/portatif-merdiven-inme-cikma-cihazi\/","og_site_name":"LiftArt Merdiven Asans\u00f6r\u00fc","article_publisher":"https:\/\/www.facebook.com\/liftartasansor","article_modified_time":"2023-03-28T21:59:17+00:00","og_image":[{"url":"https:\/\/www.liftart.org\/wp-content\/uploads\/2023\/03\/Portatif_Merdiven_Cikma_10.jpg"}],"twitter_card":"summary_large_image","twitter_site":"@liftartasansor","twitter_misc":{"Est. reading time":"2 minutes"},"schema":{"@context":"https:\/\/schema.org","@graph":[{"@type":"WebPage","@id":"https:\/\/www.liftart.org\/en\/portatif-merdiven-inme-cikma-cihazi\/","url":"https:\/\/www.liftart.org\/en\/portatif-merdiven-inme-cikma-cihazi\/","name":"Portatif Merdiven inme \u00c7\u0131kma Cihaz\u0131 - Model: T10 - LiftArt Asans\u00f6r","isPartOf":{"@id":"https:\/\/www.liftart.org\/en\/#website"},"datePublished":"2023-03-28T21:55:39+00:00","dateModified":"2023-03-28T21:59:17+00:00","description":"Portatif Merdiven inme \u00c7\u0131kma Cihaz\u0131 ve Ta\u015f\u0131ma ve iletme sistemleri ile merdivenlerinizi kolayca inip \u00e7\u0131kabilirsiniz. LiftArt - 05496080070","breadcrumb":{"@id":"https:\/\/www.liftart.org\/en\/portatif-merdiven-inme-cikma-cihazi\/#breadcrumb"},"inLanguage":"en-US","potentialAction":[{"@type":"ReadAction","target":[["https:\/\/www.liftart.org\/en\/portatif-merdiven-inme-cikma-cihazi\/"]]}]},{"@type":"BreadcrumbList","@id":"https:\/\/www.liftart.org\/en\/portatif-merdiven-inme-cikma-cihazi\/#breadcrumb","itemListElement":[{"@type":"ListItem","position":1,"name":"Anasayfa","item":"https:\/\/www.liftart.org\/en\/"},{"@type":"ListItem","position":2,"name":"Portable Stair Climber- Model: T10"}]},{"@type":"WebSite","@id":"https:\/\/www.liftart.org\/en\/#website","url":"https:\/\/www.liftart.org\/en\/","name":"LiftArt Merdiven Asans\u00f6r\u00fc","description":"Engelli Asans\u00f6r\u00fc, Ev Asans\u00f6r\u00fc","publisher":{"@id":"https:\/\/www.liftart.org\/en\/#organization"},"potentialAction":[{"@type":"SearchAction","target":{"@type":"EntryPoint","urlTemplate":"https:\/\/www.liftart.org\/en\/?s={search_term_string}"},"query-input":"required name=search_term_string"}],"inLanguage":"en-US"},{"@type":"Organization","@id":"https:\/\/www.liftart.org\/en\/#organization","name":"LiftArt Merdiven Asans\u00f6r\u00fc","url":"https:\/\/www.liftart.org\/en\/","logo":{"@type":"ImageObject","inLanguage":"en-US","@id":"https:\/\/www.liftart.org\/en\/#\/schema\/logo\/image\/","url":"http:\/\/www.liftart.org\/wp-content\/uploads\/2023\/03\/cropped-cropped-LiftArt-2020-Logo-300x100-1-1-1.png","contentUrl":"http:\/\/www.liftart.org\/wp-content\/uploads\/2023\/03\/cropped-cropped-LiftArt-2020-Logo-300x100-1-1-1.png","width":300,"height":100,"caption":"LiftArt Merdiven Asans\u00f6r\u00fc"},"image":{"@id":"https:\/\/www.liftart.org\/en\/#\/schema\/logo\/image\/"},"sameAs":["https:\/\/www.facebook.com\/liftartasansor","https:\/\/twitter.com\/liftartasansor","https:\/\/www.instagram.com\/liftartasansor\/","https:\/\/www.youtube.com\/channel\/UCKV9dKwP-Lz7LNNdvZDIoLg"]}]}},"_links":{"self":[{"href":"https:\/\/www.liftart.org\/en\/wp-json\/wp\/v2\/pages\/7784","targetHints":{"allow":["GET"]}}],"collection":[{"href":"https:\/\/www.liftart.org\/en\/wp-json\/wp\/v2\/pages"}],"about":[{"href":"https:\/\/www.liftart.org\/en\/wp-json\/wp\/v2\/types\/page"}],"author":[{"embeddable":true,"href":"https:\/\/www.liftart.org\/en\/wp-json\/wp\/v2\/users\/1"}],"replies":[{"embeddable":true,"href":"https:\/\/www.liftart.org\/en\/wp-json\/wp\/v2\/comments?post=7784"}],"version-history":[{"count":2,"href":"https:\/\/www.liftart.org\/en\/wp-json\/wp\/v2\/pages\/7784\/revisions"}],"predecessor-version":[{"id":7791,"href":"https:\/\/www.liftart.org\/en\/wp-json\/wp\/v2\/pages\/7784\/revisions\/7791"}],"wp:attachment":[{"href":"https:\/\/www.liftart.org\/en\/wp-json\/wp\/v2\/media?parent=7784"}],"curies":[{"name":"wp","href":"https:\/\/api.w.org\/{rel}","templated":true}]}}