{"id":7870,"date":"2023-03-30T22:27:56","date_gmt":"2023-03-30T19:27:56","guid":{"rendered":"http:\/\/www.liftart.org\/?page_id=7870"},"modified":"2023-03-30T22:29:14","modified_gmt":"2023-03-30T19:29:14","slug":"engelli-platform-merdiven-asansoru-model-extrema-slim","status":"publish","type":"page","link":"https:\/\/www.liftart.org\/en\/engelli-platform-merdiven-asansoru-model-extrema-slim\/","title":{"rendered":"Engelli Platform Merdiven Asans\u00f6r\u00fc \u2013 Model: Extrema Slim"},"content":{"rendered":"<section class=\"wpb-content-wrapper\"><p>[vc_row][vc_column css=&#8221;.vc_custom_1678474716041{background-position: center !important;background-repeat: no-repeat !important;background-size: cover !important;}&#8221;]<div class=\"tlg-spacer \" data-height=\"10\" data-height-tablet=\"10\" data-height-mobile=\"100\" style=\"clear:both;display:block;height:10px;\"><\/div>[\/vc_column][\/vc_row][vc_row][vc_column]<div class=\"headings-title \"><div class=\"mb72 mb16 mb-xs-40 text-center\"><h5  class=\"widgettitle mb10\">Engelli Platform Merdiven Asans\u00f6r\u00fc \u2013 Model: Extrema Slim<\/h5><\/div><\/div>[\/vc_column][vc_column][vc_column_text]<\/p>\n<header class=\"entry-header\"><span style=\"font-size: 14pt;\">Inclined platform lift for the transport of disabled persons on a wheelchair \u2013 for stairs with curves :: mod. Slim<\/span><span style=\"font-size: 14pt;\">Slim is an inclined platform lift for staircases with curves especially suitable for installation in tight spaces.<\/span><span style=\"font-size: 14pt;\">Unlike the other products on the market, Slim has no traction unit onboard, minimising the space occupied by the platform. Slim is also silent when functioning and comfortable for the user.<\/span><span style=\"font-size: 14pt;\">Slim is, in fact, the most compact inclined platform lift on the market.<\/span><\/p>\n<p><span style=\"font-size: 14pt;\">With its simple, elegant design, Slim blends perfectly into the original style and architecture of its installation context.<\/span><\/p>\n<p><span style=\"font-size: 14pt;\">Special priority is given to safety features, naturally always at the top of their class: the innovative electronic system allows to keep constant track of the state of functioning, it considerably simplifies diagnostics and allows the installer to customize the main parameters according to the user\u2019s needs at any time.<\/span><\/p>\n<p><span style=\"font-size: 14pt;\">What\u2019s more, the lift\u2019s exceptional reliability and versatility also allow the creation of special installations able to deal with steep gradients, curves on the inside or outside of the staircase, rapid changes in gradient and winder treads, providing the best service in any situation.<\/span><\/p>\n<p><span style=\"font-size: 14pt;\">General Distributor for Turkey, Azerbaijan, Kazakishtan: LiftArt<\/span><\/p>\n<div class=\"su-row\">\n<div class=\"su-column su-column-size-1-2\">\n<div class=\"su-column-inner su-u-clearfix su-u-trim\">\n<div><ul class=\"masonry-flip masonry-flip-photoswipe effect-rotate\" id=\"masonry-flip\"><li class=\"flip-column-3 plus-cursor\">\n\t\t    \t    \t\t\t\t\t<a href=\"https:\/\/www.liftart.org\/wp-content\/uploads\/2023\/03\/engelli-asansoru-slim1.jpg\" data-size=\"400x600\">\n\t\t\t\t\t\t\t\t\t\t\t<div class=\"image-box hover-meta plus-cursor text-center\">\n\t\t\t\t\t\t\t\t\t\t\t    <img fetchpriority=\"high\" decoding=\"async\" src=\"https:\/\/www.liftart.org\/wp-content\/uploads\/2023\/03\/engelli-asansoru-slim1.jpg\" alt=\"gallery-item\" \/>\n\t\t\t\t\t\t\t\t\t\t\t    <div class=\"meta-caption\">\n\t\t\t\t\t\t\t\t\t\t\t    \t<h5 class=\"color-white to-top mb8\"><\/h5>\n\t\t\t\t\t\t\t\t\t\t\t    \t<h6 class=\"color-white to-top-after\"><\/h6>\n\t\t\t\t\t\t\t\t\t\t\t    <\/div>\n\t\t\t\t\t\t\t\t\t\t\t<\/div>\n\t\t\t\t\t\t\t\t\t\t<\/a>\n\t\t\t\t\t\t\t\t\t\t<figcaption><\/figcaption>\n\t\t\t\t\t\t\t\t\t<\/li><li class=\"flip-column-3 plus-cursor\">\n\t\t    \t    \t\t\t\t\t<a href=\"https:\/\/www.liftart.org\/wp-content\/uploads\/2023\/03\/Engelli-Platform-Merdiven-Asansoru-2.jpg\" data-size=\"611x400\">\n\t\t\t\t\t\t\t\t\t\t\t<div class=\"image-box hover-meta plus-cursor text-center\">\n\t\t\t\t\t\t\t\t\t\t\t    <img decoding=\"async\" src=\"https:\/\/www.liftart.org\/wp-content\/uploads\/2023\/03\/Engelli-Platform-Merdiven-Asansoru-2.jpg\" alt=\"gallery-item\" \/>\n\t\t\t\t\t\t\t\t\t\t\t    <div class=\"meta-caption\">\n\t\t\t\t\t\t\t\t\t\t\t    \t<h5 class=\"color-white to-top mb8\"><\/h5>\n\t\t\t\t\t\t\t\t\t\t\t    \t<h6 class=\"color-white to-top-after\"><\/h6>\n\t\t\t\t\t\t\t\t\t\t\t    <\/div>\n\t\t\t\t\t\t\t\t\t\t\t<\/div>\n\t\t\t\t\t\t\t\t\t\t<\/a>\n\t\t\t\t\t\t\t\t\t\t<figcaption><\/figcaption>\n\t\t\t\t\t\t\t\t\t<\/li><li class=\"flip-column-3 plus-cursor\">\n\t\t    \t    \t\t\t\t\t<a href=\"https:\/\/www.liftart.org\/wp-content\/uploads\/2023\/03\/Engelli-Platform-Merdiven-Asansoru-4.jpg\" data-size=\"600x400\">\n\t\t\t\t\t\t\t\t\t\t\t<div class=\"image-box hover-meta plus-cursor text-center\">\n\t\t\t\t\t\t\t\t\t\t\t    <img decoding=\"async\" src=\"https:\/\/www.liftart.org\/wp-content\/uploads\/2023\/03\/Engelli-Platform-Merdiven-Asansoru-4.jpg\" alt=\"gallery-item\" \/>\n\t\t\t\t\t\t\t\t\t\t\t    <div class=\"meta-caption\">\n\t\t\t\t\t\t\t\t\t\t\t    \t<h5 class=\"color-white to-top mb8\"><\/h5>\n\t\t\t\t\t\t\t\t\t\t\t    \t<h6 class=\"color-white to-top-after\"><\/h6>\n\t\t\t\t\t\t\t\t\t\t\t    <\/div>\n\t\t\t\t\t\t\t\t\t\t\t<\/div>\n\t\t\t\t\t\t\t\t\t\t<\/a>\n\t\t\t\t\t\t\t\t\t\t<figcaption><\/figcaption>\n\t\t\t\t\t\t\t\t\t<\/li><li class=\"flip-column-3 plus-cursor\">\n\t\t    \t    \t\t\t\t\t<a href=\"https:\/\/www.liftart.org\/wp-content\/uploads\/2023\/03\/Engelli-Platform-Merdiven-Asansoru-5.jpg\" data-size=\"600x400\">\n\t\t\t\t\t\t\t\t\t\t\t<div class=\"image-box hover-meta plus-cursor text-center\">\n\t\t\t\t\t\t\t\t\t\t\t    <img decoding=\"async\" src=\"https:\/\/www.liftart.org\/wp-content\/uploads\/2023\/03\/Engelli-Platform-Merdiven-Asansoru-5.jpg\" alt=\"gallery-item\" \/>\n\t\t\t\t\t\t\t\t\t\t\t    <div class=\"meta-caption\">\n\t\t\t\t\t\t\t\t\t\t\t    \t<h5 class=\"color-white to-top mb8\"><\/h5>\n\t\t\t\t\t\t\t\t\t\t\t    \t<h6 class=\"color-white to-top-after\"><\/h6>\n\t\t\t\t\t\t\t\t\t\t\t    <\/div>\n\t\t\t\t\t\t\t\t\t\t\t<\/div>\n\t\t\t\t\t\t\t\t\t\t<\/a>\n\t\t\t\t\t\t\t\t\t\t<figcaption><\/figcaption>\n\t\t\t\t\t\t\t\t\t<\/li><li class=\"flip-column-3 plus-cursor\">\n\t\t    \t    \t\t\t\t\t<a href=\"https:\/\/www.liftart.org\/wp-content\/uploads\/2023\/03\/bodrumda-asansor.jpg\" data-size=\"400x600\">\n\t\t\t\t\t\t\t\t\t\t\t<div class=\"image-box hover-meta plus-cursor text-center\">\n\t\t\t\t\t\t\t\t\t\t\t    <img decoding=\"async\" src=\"https:\/\/www.liftart.org\/wp-content\/uploads\/2023\/03\/bodrumda-asansor.jpg\" alt=\"gallery-item\" \/>\n\t\t\t\t\t\t\t\t\t\t\t    <div class=\"meta-caption\">\n\t\t\t\t\t\t\t\t\t\t\t    \t<h5 class=\"color-white to-top mb8\"><\/h5>\n\t\t\t\t\t\t\t\t\t\t\t    \t<h6 class=\"color-white to-top-after\"><\/h6>\n\t\t\t\t\t\t\t\t\t\t\t    <\/div>\n\t\t\t\t\t\t\t\t\t\t\t<\/div>\n\t\t\t\t\t\t\t\t\t\t<\/a>\n\t\t\t\t\t\t\t\t\t\t<figcaption><\/figcaption>\n\t\t\t\t\t\t\t\t\t<\/li><li class=\"flip-column-3 plus-cursor\">\n\t\t    \t    \t\t\t\t\t<a href=\"https:\/\/www.liftart.org\/wp-content\/uploads\/2023\/03\/bodrum-platform-asansoru.jpg\" data-size=\"400x600\">\n\t\t\t\t\t\t\t\t\t\t\t<div class=\"image-box hover-meta plus-cursor text-center\">\n\t\t\t\t\t\t\t\t\t\t\t    <img decoding=\"async\" src=\"https:\/\/www.liftart.org\/wp-content\/uploads\/2023\/03\/bodrum-platform-asansoru.jpg\" alt=\"gallery-item\" \/>\n\t\t\t\t\t\t\t\t\t\t\t    <div class=\"meta-caption\">\n\t\t\t\t\t\t\t\t\t\t\t    \t<h5 class=\"color-white to-top mb8\"><\/h5>\n\t\t\t\t\t\t\t\t\t\t\t    \t<h6 class=\"color-white to-top-after\"><\/h6>\n\t\t\t\t\t\t\t\t\t\t\t    <\/div>\n\t\t\t\t\t\t\t\t\t\t\t<\/div>\n\t\t\t\t\t\t\t\t\t\t<\/a>\n\t\t\t\t\t\t\t\t\t\t<figcaption><\/figcaption>\n\t\t\t\t\t\t\t\t\t<\/li><\/ul><\/div>\n<\/div>\n<\/div>\n<\/div>\n<\/header>\n<p>[\/vc_column_text][\/vc_column][\/vc_row][vc_row tlg_background_style=&#8221;bg-primary&#8221;][vc_column]<div class=\"display-table\"><div class=\"display-cell display-none-sm\"><i  class=\"fade-color ms-text mr-24 ti-mobile icon\"><\/i><\/div>\n\t\t\t\t\t<div class=\"display-cell text-center-sm\">\n\t\t\t\t\t\t<div  class=\"maintitle ms-text\">Engelli Asans\u00f6rleri ve Modelleri Hakk\u0131nda Bilgi Almak i\u00e7in Aray\u0131n\u0131z: 0549 608 00 70<\/div>\n\t\t\t\t\t\t<div  class=\"subtitle\"><\/div>\n\t\t\t\t\t<\/div>\n\t\t\t\t\t<div class=\"display-cell text-center-sm text-right\"><\/div>\n\t\t\t\t<\/div>[\/vc_column][\/vc_row][vc_row][vc_column][vc_video link=&#8221;https:\/\/youtu.be\/Gt1wSBpL6tw&#8221;][\/vc_column][\/vc_row]<\/p>\n<\/section>","protected":false},"excerpt":{"rendered":"<p>[vc_row][vc_column css=&#8221;.vc_custom_1678474716041{background-position: center !important;background-repeat: no-repeat !important;background-size: cover !important;}&#8221;][\/vc_column][\/vc_row][vc_row][vc_column][\/vc_column][vc_column][vc_column_text] Inclined platform lift for the transport of disabled&#8230;<\/p>\n","protected":false},"author":1,"featured_media":0,"parent":0,"menu_order":0,"comment_status":"closed","ping_status":"closed","template":"","meta":{"footnotes":""},"class_list":["post-7870","page","type-page","status-publish","hentry"],"yoast_head":"<!-- This site is optimized with the Yoast SEO plugin v20.4 - https:\/\/yoast.com\/wordpress\/plugins\/seo\/ -->\n<title>Engelli Platform Merdiven Asans\u00f6r\u00fc \u2013 Model: Extrema Slim -<\/title>\n<meta name=\"description\" content=\"Engelli platform merdiven asans\u00f6r\u00fc d\u00f6nerli ve kavisli merdivenler i\u00e7indir.\u0130\u00e7 ve d\u0131\u015f ortam kullan\u0131m\u0131na uygundur. Model: Extrema Slim LiftArtta\" \/>\n<meta name=\"robots\" content=\"index, follow, max-snippet:-1, max-image-preview:large, max-video-preview:-1\" \/>\n<link rel=\"canonical\" href=\"https:\/\/www.liftart.org\/en\/engelli-platform-merdiven-asansoru-model-extrema-slim\/\" \/>\n<meta property=\"og:locale\" content=\"en_US\" \/>\n<meta property=\"og:type\" content=\"article\" \/>\n<meta property=\"og:title\" content=\"Engelli Platform Merdiven Asans\u00f6r\u00fc \u2013 Model: Extrema Slim -\" \/>\n<meta property=\"og:description\" content=\"Engelli platform merdiven asans\u00f6r\u00fc d\u00f6nerli ve kavisli merdivenler i\u00e7indir.\u0130\u00e7 ve d\u0131\u015f ortam kullan\u0131m\u0131na uygundur. Model: Extrema Slim LiftArtta\" \/>\n<meta property=\"og:url\" content=\"https:\/\/www.liftart.org\/en\/engelli-platform-merdiven-asansoru-model-extrema-slim\/\" \/>\n<meta property=\"og:site_name\" content=\"LiftArt Merdiven Asans\u00f6r\u00fc\" \/>\n<meta property=\"article:publisher\" content=\"https:\/\/www.facebook.com\/liftartasansor\" \/>\n<meta property=\"article:modified_time\" content=\"2023-03-30T19:29:14+00:00\" \/>\n<meta property=\"og:image\" content=\"https:\/\/www.liftart.org\/wp-content\/uploads\/2023\/03\/engelli-asansoru-slim1.jpg\" \/>\n<meta name=\"twitter:card\" content=\"summary_large_image\" \/>\n<meta name=\"twitter:site\" content=\"@liftartasansor\" \/>\n<meta name=\"twitter:label1\" content=\"Est. reading time\" \/>\n\t<meta name=\"twitter:data1\" content=\"2 minutes\" \/>\n<script type=\"application\/ld+json\" class=\"yoast-schema-graph\">{\"@context\":\"https:\/\/schema.org\",\"@graph\":[{\"@type\":\"WebPage\",\"@id\":\"https:\/\/www.liftart.org\/en\/engelli-platform-merdiven-asansoru-model-extrema-slim\/\",\"url\":\"https:\/\/www.liftart.org\/en\/engelli-platform-merdiven-asansoru-model-extrema-slim\/\",\"name\":\"Engelli Platform Merdiven Asans\u00f6r\u00fc \u2013 Model: Extrema Slim -\",\"isPartOf\":{\"@id\":\"https:\/\/www.liftart.org\/en\/#website\"},\"datePublished\":\"2023-03-30T19:27:56+00:00\",\"dateModified\":\"2023-03-30T19:29:14+00:00\",\"description\":\"Engelli platform merdiven asans\u00f6r\u00fc d\u00f6nerli ve kavisli merdivenler i\u00e7indir.\u0130\u00e7 ve d\u0131\u015f ortam kullan\u0131m\u0131na uygundur. Model: Extrema Slim LiftArtta\",\"breadcrumb\":{\"@id\":\"https:\/\/www.liftart.org\/en\/engelli-platform-merdiven-asansoru-model-extrema-slim\/#breadcrumb\"},\"inLanguage\":\"en-US\",\"potentialAction\":[{\"@type\":\"ReadAction\",\"target\":[[\"https:\/\/www.liftart.org\/en\/engelli-platform-merdiven-asansoru-model-extrema-slim\/\"]]}]},{\"@type\":\"BreadcrumbList\",\"@id\":\"https:\/\/www.liftart.org\/en\/engelli-platform-merdiven-asansoru-model-extrema-slim\/#breadcrumb\",\"itemListElement\":[{\"@type\":\"ListItem\",\"position\":1,\"name\":\"Anasayfa\",\"item\":\"https:\/\/www.liftart.org\/en\/\"},{\"@type\":\"ListItem\",\"position\":2,\"name\":\"Engelli Platform Merdiven Asans\u00f6r\u00fc \u2013 Model: Extrema Slim\"}]},{\"@type\":\"WebSite\",\"@id\":\"https:\/\/www.liftart.org\/en\/#website\",\"url\":\"https:\/\/www.liftart.org\/en\/\",\"name\":\"LiftArt Merdiven Asans\u00f6r\u00fc\",\"description\":\"Engelli Asans\u00f6r\u00fc, Ev Asans\u00f6r\u00fc\",\"publisher\":{\"@id\":\"https:\/\/www.liftart.org\/en\/#organization\"},\"potentialAction\":[{\"@type\":\"SearchAction\",\"target\":{\"@type\":\"EntryPoint\",\"urlTemplate\":\"https:\/\/www.liftart.org\/en\/?s={search_term_string}\"},\"query-input\":\"required name=search_term_string\"}],\"inLanguage\":\"en-US\"},{\"@type\":\"Organization\",\"@id\":\"https:\/\/www.liftart.org\/en\/#organization\",\"name\":\"LiftArt Merdiven Asans\u00f6r\u00fc\",\"url\":\"https:\/\/www.liftart.org\/en\/\",\"logo\":{\"@type\":\"ImageObject\",\"inLanguage\":\"en-US\",\"@id\":\"https:\/\/www.liftart.org\/en\/#\/schema\/logo\/image\/\",\"url\":\"http:\/\/www.liftart.org\/wp-content\/uploads\/2023\/03\/cropped-cropped-LiftArt-2020-Logo-300x100-1-1-1.png\",\"contentUrl\":\"http:\/\/www.liftart.org\/wp-content\/uploads\/2023\/03\/cropped-cropped-LiftArt-2020-Logo-300x100-1-1-1.png\",\"width\":300,\"height\":100,\"caption\":\"LiftArt Merdiven Asans\u00f6r\u00fc\"},\"image\":{\"@id\":\"https:\/\/www.liftart.org\/en\/#\/schema\/logo\/image\/\"},\"sameAs\":[\"https:\/\/www.facebook.com\/liftartasansor\",\"https:\/\/twitter.com\/liftartasansor\",\"https:\/\/www.instagram.com\/liftartasansor\/\",\"https:\/\/www.youtube.com\/channel\/UCKV9dKwP-Lz7LNNdvZDIoLg\"]}]}<\/script>\n<!-- \/ Yoast SEO plugin. -->","yoast_head_json":{"title":"Engelli Platform Merdiven Asans\u00f6r\u00fc \u2013 Model: Extrema Slim -","description":"Engelli platform merdiven asans\u00f6r\u00fc d\u00f6nerli ve kavisli merdivenler i\u00e7indir.\u0130\u00e7 ve d\u0131\u015f ortam kullan\u0131m\u0131na uygundur. Model: Extrema Slim LiftArtta","robots":{"index":"index","follow":"follow","max-snippet":"max-snippet:-1","max-image-preview":"max-image-preview:large","max-video-preview":"max-video-preview:-1"},"canonical":"https:\/\/www.liftart.org\/en\/engelli-platform-merdiven-asansoru-model-extrema-slim\/","og_locale":"en_US","og_type":"article","og_title":"Engelli Platform Merdiven Asans\u00f6r\u00fc \u2013 Model: Extrema Slim -","og_description":"Engelli platform merdiven asans\u00f6r\u00fc d\u00f6nerli ve kavisli merdivenler i\u00e7indir.\u0130\u00e7 ve d\u0131\u015f ortam kullan\u0131m\u0131na uygundur. Model: Extrema Slim LiftArtta","og_url":"https:\/\/www.liftart.org\/en\/engelli-platform-merdiven-asansoru-model-extrema-slim\/","og_site_name":"LiftArt Merdiven Asans\u00f6r\u00fc","article_publisher":"https:\/\/www.facebook.com\/liftartasansor","article_modified_time":"2023-03-30T19:29:14+00:00","og_image":[{"url":"https:\/\/www.liftart.org\/wp-content\/uploads\/2023\/03\/engelli-asansoru-slim1.jpg"}],"twitter_card":"summary_large_image","twitter_site":"@liftartasansor","twitter_misc":{"Est. reading time":"2 minutes"},"schema":{"@context":"https:\/\/schema.org","@graph":[{"@type":"WebPage","@id":"https:\/\/www.liftart.org\/en\/engelli-platform-merdiven-asansoru-model-extrema-slim\/","url":"https:\/\/www.liftart.org\/en\/engelli-platform-merdiven-asansoru-model-extrema-slim\/","name":"Engelli Platform Merdiven Asans\u00f6r\u00fc \u2013 Model: Extrema Slim -","isPartOf":{"@id":"https:\/\/www.liftart.org\/en\/#website"},"datePublished":"2023-03-30T19:27:56+00:00","dateModified":"2023-03-30T19:29:14+00:00","description":"Engelli platform merdiven asans\u00f6r\u00fc d\u00f6nerli ve kavisli merdivenler i\u00e7indir.\u0130\u00e7 ve d\u0131\u015f ortam kullan\u0131m\u0131na uygundur. Model: Extrema Slim LiftArtta","breadcrumb":{"@id":"https:\/\/www.liftart.org\/en\/engelli-platform-merdiven-asansoru-model-extrema-slim\/#breadcrumb"},"inLanguage":"en-US","potentialAction":[{"@type":"ReadAction","target":[["https:\/\/www.liftart.org\/en\/engelli-platform-merdiven-asansoru-model-extrema-slim\/"]]}]},{"@type":"BreadcrumbList","@id":"https:\/\/www.liftart.org\/en\/engelli-platform-merdiven-asansoru-model-extrema-slim\/#breadcrumb","itemListElement":[{"@type":"ListItem","position":1,"name":"Anasayfa","item":"https:\/\/www.liftart.org\/en\/"},{"@type":"ListItem","position":2,"name":"Engelli Platform Merdiven Asans\u00f6r\u00fc \u2013 Model: Extrema Slim"}]},{"@type":"WebSite","@id":"https:\/\/www.liftart.org\/en\/#website","url":"https:\/\/www.liftart.org\/en\/","name":"LiftArt Merdiven Asans\u00f6r\u00fc","description":"Engelli Asans\u00f6r\u00fc, Ev Asans\u00f6r\u00fc","publisher":{"@id":"https:\/\/www.liftart.org\/en\/#organization"},"potentialAction":[{"@type":"SearchAction","target":{"@type":"EntryPoint","urlTemplate":"https:\/\/www.liftart.org\/en\/?s={search_term_string}"},"query-input":"required name=search_term_string"}],"inLanguage":"en-US"},{"@type":"Organization","@id":"https:\/\/www.liftart.org\/en\/#organization","name":"LiftArt Merdiven Asans\u00f6r\u00fc","url":"https:\/\/www.liftart.org\/en\/","logo":{"@type":"ImageObject","inLanguage":"en-US","@id":"https:\/\/www.liftart.org\/en\/#\/schema\/logo\/image\/","url":"http:\/\/www.liftart.org\/wp-content\/uploads\/2023\/03\/cropped-cropped-LiftArt-2020-Logo-300x100-1-1-1.png","contentUrl":"http:\/\/www.liftart.org\/wp-content\/uploads\/2023\/03\/cropped-cropped-LiftArt-2020-Logo-300x100-1-1-1.png","width":300,"height":100,"caption":"LiftArt Merdiven Asans\u00f6r\u00fc"},"image":{"@id":"https:\/\/www.liftart.org\/en\/#\/schema\/logo\/image\/"},"sameAs":["https:\/\/www.facebook.com\/liftartasansor","https:\/\/twitter.com\/liftartasansor","https:\/\/www.instagram.com\/liftartasansor\/","https:\/\/www.youtube.com\/channel\/UCKV9dKwP-Lz7LNNdvZDIoLg"]}]}},"_links":{"self":[{"href":"https:\/\/www.liftart.org\/en\/wp-json\/wp\/v2\/pages\/7870","targetHints":{"allow":["GET"]}}],"collection":[{"href":"https:\/\/www.liftart.org\/en\/wp-json\/wp\/v2\/pages"}],"about":[{"href":"https:\/\/www.liftart.org\/en\/wp-json\/wp\/v2\/types\/page"}],"author":[{"embeddable":true,"href":"https:\/\/www.liftart.org\/en\/wp-json\/wp\/v2\/users\/1"}],"replies":[{"embeddable":true,"href":"https:\/\/www.liftart.org\/en\/wp-json\/wp\/v2\/comments?post=7870"}],"version-history":[{"count":3,"href":"https:\/\/www.liftart.org\/en\/wp-json\/wp\/v2\/pages\/7870\/revisions"}],"predecessor-version":[{"id":7881,"href":"https:\/\/www.liftart.org\/en\/wp-json\/wp\/v2\/pages\/7870\/revisions\/7881"}],"wp:attachment":[{"href":"https:\/\/www.liftart.org\/en\/wp-json\/wp\/v2\/media?parent=7870"}],"curies":[{"name":"wp","href":"https:\/\/api.w.org\/{rel}","templated":true}]}}